{"id":268836,"date":"2026-01-14T00:59:37","date_gmt":"2026-01-13T21:59:37","guid":{"rendered":"https:\/\/baldumarket.lt\/product\/szuflada-do-lozka-160-kaspian-dab-sonoma-dab-sonoma\/"},"modified":"2026-02-11T18:17:42","modified_gmt":"2026-02-11T15:17:42","slug":"szuflada-do-lozka-160-kaspian-dab-sonoma-dab-sonoma","status":"publish","type":"product","link":"https:\/\/baldumarket.lt\/lt\/product\/szuflada-do-lozka-160-kaspian-dab-sonoma-dab-sonoma\/","title":{"rendered":"Stal\u010dius lovai 160 KASPIAN Sonoma \u0105\u017euolas\/Sonoma \u0105\u017euolas"},"content":{"rendered":"<p>\u201eKaspian 160\u201c lovos stal\u010dius \u2013 j\u016bs\u0173 patalyn\u0117s laikymo vieta. Jei \u0161iuo metu \u012frengin\u0117jate namus ir ie\u0161kote patikrinto, madingo ir funkcionalaus sprendimo, \u201eKaspian\u201c kolekcija yra puikus pasirinkimas. Ji pasi\u017eymi paprastu dizainu, ai\u0161kiai apibr\u0117\u017etomis sienel\u0117mis ir pla\u010diu spalv\u0173 pasirinkimu. Ta\u010diau svarbiausias \u0161ios kolekcijos bruo\u017eas \u2013 prakti\u0161kumas. Nesvarbu, ar jums reikia vietos antklodei, pagalvei, drabu\u017eiams ar apatiniams drabu\u017eiams laikyti, \u201eKaspian\u201c lovos stal\u010dius pateisins j\u016bs\u0173 l\u016bkes\u010dius. D\u0117l auk\u0161tos kokyb\u0117s ritinini\u0173 kreipian\u010di\u0173j\u0173 stal\u010dius slysta skland\u017eiai ir tolygiai, tod\u0117l j\u012f naudoti itin patogu. \u201eKaspian\u201c kolekcija taip pat si\u016blo plat\u0173 spalv\u0173 pasirinkim\u0105, leid\u017eiant\u012f pritaikyti stal\u010di\u0173 pagal savo skon\u012f ir kitus interjero dizaino elementus. Galite pasirinkti spalv\u0105, kuri papildys lovos r\u0117m\u0105 arba sukurs \u012fdom\u0173 kontrast\u0105. \u201eKaspian 160\u201c lovos stal\u010dius buvo sukurtas specialiai 160 cm plo\u010dio \u201eKaspian\u201c lovai. Jei jau turite \u0161i\u0105 lov\u0105 arba planuojate j\u0105 \u012fsigyti, galite j\u0105 derinti su kitais \u201eKaspian\u201c kolekcijos elementais, kad sukurtum\u0117te darn\u0173 ir funkcional\u0173 miegamojo interjer\u0105. Verta investuoti \u012f baldus, kurie derina funkcionalum\u0105, estetik\u0105 ir ilgaam\u017ei\u0161kum\u0105. \u201eKaspian\u201c kolekcija ir \u201eKaspian 160\u201c lovos stal\u010dius atitinka \u0161iuos kriterijus, tod\u0117l tai puikus pasirinkimas ie\u0161kantiems auk\u0161tos kokyb\u0117s sprendim\u0173 savo namams. Jie pad\u0117s jums sukurti interjer\u0105, kuris ne tik d\u017eiugins savo i\u0161vaizda, bet ir supaprastins kasdienyb\u0119. Nelaukite, rinkit\u0117s \u201eKaspian\u201c ir m\u0117gaukit\u0117s gra\u017eiu bei funkcionaliu interjeru jau \u0161iandien!<\/p>\n<p>Prek\u0117s kodas S128-SZU\/160-DSO\/DSO Simbolis ZM EAN Ilgis 156 cm Gylis 78 cm Auk\u0161tis 29 cm Kolekcija Kaspian Spalva Sonoma \u0105\u017euolas Gaubtas \u0161viesios medienos Stilius modernus Gamintojas Juoda Raudona Balta Bald\u0173 tipas Lovos PVM 23% EAN 5906123921213<\/p>","protected":false},"excerpt":{"rendered":"<p>\u201eKaspian 160\u201c lovos stal\u010dius \u2013 j\u016bs\u0173 patalyn\u0117s laikymo vieta. Jei \u0161iuo metu \u012frengin\u0117jate namus ir ie\u0161kote patikrinto, madingo ir funkcionalaus sprendimo, \u201eKaspian\u201c kolekcija yra puikus pasirinkimas. Ji pasi\u017eymi paprastu dizainu, ai\u0161kiai apibr\u0117\u017etomis \u0161onin\u0117mis pus\u0117mis ir pla\u010diu spalv\u0173 pasirinkimu. Ta\u010diau svarbiausias \u0161ios kolekcijos bruo\u017eas yra [\u2026]<\/p>","protected":false},"featured_media":268837,"comment_status":"open","ping_status":"open","template":"","meta":[],"product_brand":[],"product_cat":[9200,1043],"product_tag":[],"class_list":{"0":"post-268836","1":"product","2":"type-product","3":"status-publish","4":"has-post-thumbnail","6":"product_cat-black-red-white","7":"product_cat-extras","9":"first","10":"instock","11":"purchasable","12":"product-type-simple"},"_links":{"self":[{"href":"https:\/\/baldumarket.lt\/lt\/wp-json\/wp\/v2\/product\/268836","targetHints":{"allow":["GET"]}}],"collection":[{"href":"https:\/\/baldumarket.lt\/lt\/wp-json\/wp\/v2\/product"}],"about":[{"href":"https:\/\/baldumarket.lt\/lt\/wp-json\/wp\/v2\/types\/product"}],"replies":[{"embeddable":true,"href":"https:\/\/baldumarket.lt\/lt\/wp-json\/wp\/v2\/comments?post=268836"}],"wp:featuredmedia":[{"embeddable":true,"href":"https:\/\/baldumarket.lt\/lt\/wp-json\/wp\/v2\/media\/268837"}],"wp:attachment":[{"href":"https:\/\/baldumarket.lt\/lt\/wp-json\/wp\/v2\/media?parent=268836"}],"wp:term":[{"taxonomy":"product_brand","embeddable":true,"href":"https:\/\/baldumarket.lt\/lt\/wp-json\/wp\/v2\/product_brand?post=268836"},{"taxonomy":"product_cat","embeddable":true,"href":"https:\/\/baldumarket.lt\/lt\/wp-json\/wp\/v2\/product_cat?post=268836"},{"taxonomy":"product_tag","embeddable":true,"href":"https:\/\/baldumarket.lt\/lt\/wp-json\/wp\/v2\/product_tag?post=268836"}],"curies":[{"name":"wp","href":"https:\/\/api.w.org\/{rel}","templated":true}]}}