{"id":268833,"date":"2026-01-14T00:59:34","date_gmt":"2026-01-13T21:59:34","guid":{"rendered":"https:\/\/baldumarket.lt\/product\/szuflada-do-lozka-160-i-180-holten\/"},"modified":"2026-02-11T18:17:42","modified_gmt":"2026-02-11T15:17:42","slug":"szuflada-do-lozka-160-i-180-holten","status":"publish","type":"product","link":"https:\/\/baldumarket.lt\/lt\/product\/szuflada-do-lozka-160-i-180-holten\/","title":{"rendered":"Stal\u010dius lovai 160 ir 180 HOLTEN"},"content":{"rendered":"<p>\u201eHolten\u201c lovos stal\u010dius \u2013 papildomas funkcionalumas ir estetika. \u0160iuolaiki\u0161kam miegamajam reikalingi tinkami baldai, kurie b\u016bt\u0173 ne tik prakti\u0161ki, bet ir esteti\u0161ki. \u201eHolten\u201c kolekcija atitinka \u0161iuos poreikius, derindama paprastas formas su d\u0117mesiu detal\u0117ms. \u201eHolten\u201c lovos stal\u010dius yra prakti\u0161kas sprendimas, padedantis i\u0161naudoti erdv\u0119 po lova \u012fvairiems daiktams, pavyzd\u017eiui, patalynei, antklod\u0117ms ir \u017eieminiams drabu\u017eiams, laikyti. Tai puiki vieta laikyti visus daiktus, kuriuos norite tur\u0117ti po ranka, bet neb\u016btinai matomoje vietoje. Stal\u010dius turi vir\u0161\u0173, kuris paslepia erdv\u0119 ir apsaugo j\u0105 nuo dulki\u0173. \u201eHolten\u201c lovos stal\u010diaus dizainas dera su visa kolekcija, tod\u0117l miegamajame sukuriamas vientisas vaizdas. Unikali \u201eWaterford\u201c \u0105\u017euolo spalva su savo i\u0161skirtiniu ra\u0161tu suteikia baldui nat\u016bralaus \u017eavesio ir \u0161ilumos. Patalyn\u0117s stal\u010dius yra prakti\u0161kas ir mobilus d\u0117l ratuk\u0173, kurie leid\u017eia greitai atidaryti ir lengvai pasiekti jo turin\u012f. Be to, auk\u0161ti stal\u010di\u0173 fasadai panaikina poreik\u012f siekti giliai po lova. Sukurti patraukli\u0105 ir funkcionali\u0105 miegamojo erdv\u0119 dabar dar lengviau su \u201eHolten\u201c lovos stal\u010diumi ir kitais kolekcijos daiktais. Galite pritaikyti i\u0161d\u0117stym\u0105 pagal savo poreikius ir pageidavimus. \u0160is stal\u010di\u0173 modelis yra dviej\u0173 spalv\u0173: balta \/ Wotan \u0105\u017euolas \/ blizgi balta ir Waterford \u0105\u017euolas. Tai leid\u017eia j\u012f priderinti prie j\u016bs\u0173 asmeninio stiliaus ir miegamojo spalv\u0173 schemos. Holten lovos stal\u010dius yra ne tik prakti\u0161kas sprendimas, bet ir dekoratyvinis elementas, pabr\u0117\u017eiantis j\u016bs\u0173 miegamojo elegancij\u0105 ir funkcionalum\u0105.<\/p>\n<p>Prek\u0117s kodas S493-SZU-DWF Simbolis ZM EAN Ilgis 199 cm Gylis 79,5 cm Auk\u0161tis 26 cm Kolekcija Holten Spalva Waterford \u0105\u017euolas Atspalvis tamsi mediena Stilius modernus Gamintojas Juoda Raudona Balta Bald\u0173 tipas Lovos PVM 23% EAN 5906123710091<\/p>","protected":false},"excerpt":{"rendered":"<p>\u201eHolten\u201c lovos stal\u010dius \u2013 papildomas funkcionalumas ir estetika. \u0160iuolaiki\u0161kam miegamajam reikalingi tinkami baldai, kurie b\u016bt\u0173 ne tik prakti\u0161ki, bet ir esteti\u0161kai patraukl\u016bs. \u201eHolten\u201c kolekcija atitinka \u0161iuos poreikius, derindama paprastas formas su d\u0117mesiu detal\u0117ms. \u201eHolten\u201c lovos stal\u010dius yra prakti\u0161kas sprendimas, padedantis i\u0161naudoti erdv\u0119 po lova daiktams laikyti [\u2026]<\/p>","protected":false},"featured_media":268834,"comment_status":"open","ping_status":"open","template":"","meta":[],"product_brand":[],"product_cat":[9200,1043],"product_tag":[],"class_list":{"0":"post-268833","1":"product","2":"type-product","3":"status-publish","4":"has-post-thumbnail","6":"product_cat-black-red-white","7":"product_cat-extras","9":"first","10":"instock","11":"purchasable","12":"product-type-simple"},"_links":{"self":[{"href":"https:\/\/baldumarket.lt\/lt\/wp-json\/wp\/v2\/product\/268833","targetHints":{"allow":["GET"]}}],"collection":[{"href":"https:\/\/baldumarket.lt\/lt\/wp-json\/wp\/v2\/product"}],"about":[{"href":"https:\/\/baldumarket.lt\/lt\/wp-json\/wp\/v2\/types\/product"}],"replies":[{"embeddable":true,"href":"https:\/\/baldumarket.lt\/lt\/wp-json\/wp\/v2\/comments?post=268833"}],"wp:featuredmedia":[{"embeddable":true,"href":"https:\/\/baldumarket.lt\/lt\/wp-json\/wp\/v2\/media\/268834"}],"wp:attachment":[{"href":"https:\/\/baldumarket.lt\/lt\/wp-json\/wp\/v2\/media?parent=268833"}],"wp:term":[{"taxonomy":"product_brand","embeddable":true,"href":"https:\/\/baldumarket.lt\/lt\/wp-json\/wp\/v2\/product_brand?post=268833"},{"taxonomy":"product_cat","embeddable":true,"href":"https:\/\/baldumarket.lt\/lt\/wp-json\/wp\/v2\/product_cat?post=268833"},{"taxonomy":"product_tag","embeddable":true,"href":"https:\/\/baldumarket.lt\/lt\/wp-json\/wp\/v2\/product_tag?post=268833"}],"curies":[{"name":"wp","href":"https:\/\/api.w.org\/{rel}","templated":true}]}}