{"id":268806,"date":"2026-01-14T00:59:12","date_gmt":"2026-01-13T21:59:12","guid":{"rendered":"https:\/\/baldumarket.lt\/product\/szuflada-do-lozka-120-kaspian-bialy-bialy-matowy\/"},"modified":"2026-02-11T18:17:42","modified_gmt":"2026-02-11T15:17:42","slug":"szuflada-do-lozka-120-kaspian-bialy-bialy-matowy","status":"publish","type":"product","link":"https:\/\/baldumarket.lt\/lt\/produktas\/szuflada-do-lozka-120-kaspian-bialy-bialy-matowy\/","title":{"rendered":"Stal\u010dius lovai 120 KASPIAN balta\/matin\u0117 balta"},"content":{"rendered":"<p>\u201eKaspian\u201c lovos stal\u010dius \u2013 j\u016bs\u0173 patalyn\u0117s laikymo vieta. Jei planuojate savo namus ir vertinate patikrintus, madingus ir funkcionalius sprendimus, \u201eKaspian\u201c kolekcija yra puikus pasirinkimas. Ji pasi\u017eymi paprastu, ta\u010diau eleganti\u0161ku dizainu, ry\u0161kiomis pus\u0117mis ir pla\u010diu spalv\u0173 pasirinkimu. Ta\u010diau pagrindinis \u0161ios kolekcijos privalumas \u2013 prakti\u0161kumas. Jei jums reikia vietos antklodei, pagalvei, drabu\u017eiams ar apatiniams r\u016bbams laikyti, \u201eKaspian\u201c lovos stal\u010dius yra puikus sprendimas. D\u0117l auk\u0161tos kokyb\u0117s ritinini\u0173 kreipian\u010di\u0173j\u0173 jo slydimas yra itin sklandus ir tolygus, tod\u0117l jis yra itin patogus. \u201eKaspian\u201c kolekcija taip pat si\u016blo plat\u0173 spalv\u0173 pasirinkim\u0105, leid\u017eiant\u012f pritaikyti stal\u010di\u0173 pagal savo skon\u012f ir kitus interjero dizaino elementus. Galite pasirinkti spalv\u0105, kuri papildys lovos r\u0117m\u0105 arba sukurs \u012fdom\u0173 kontrast\u0105. \u201eKaspian\u201c lovos stal\u010dius buvo sukurtas specialiai 120 cm arba 160 cm plo\u010dio \u201eKaspian\u201c lovoms. Jei turite \u0161i\u0105 lov\u0105 arba planuojate j\u0105 \u012fsigyti, galite j\u0105 derinti su kitais \u201eKaspian\u201c kolekcijos elementais, kad sukurtum\u0117te darn\u0173 ir funkcional\u0173 miegamojo interjer\u0105. Verta rinktis sprendimus, kurie derina funkcionalum\u0105, estetik\u0105 ir ilgaam\u017ei\u0161kum\u0105. \u201eKaspian\u201c kolekcija ir \u201eKaspian\u201c lovos stal\u010dius atitinka \u0161iuos kriterijus, tod\u0117l yra puikus pasirinkimas ie\u0161kantiems auk\u0161tos kokyb\u0117s bald\u0173 savo namams. Jie pad\u0117s sukurti interjer\u0105, kuris ne tik d\u017eiugins savo i\u0161vaizda, bet ir supaprastins kasdienyb\u0119. Nelaukite, rinkit\u0117s \u201eKaspian\u201c ir m\u0117gaukit\u0117s gra\u017eiu bei funkcionaliu interjeru jau \u0161iandien!<\/p>\n<p>Prek\u0117s kodas S128-SZU\/120-BI\/BIM Simbolis ZM EAN Ilgis 156 cm Gylis 58 cm Auk\u0161tis 29 cm Kolekcija Kaspian Spalva balta\/matin\u0117 balta Atspalvis balta Stilius modernus Gamintojas Juoda Raudona Balta Bald\u0173 tipas Lovos PVM 23% EAN 5906123921145<\/p>","protected":false},"excerpt":{"rendered":"<p>\u201eKaspian\u201c lovos stal\u010dius \u2013 j\u016bs\u0173 patalyn\u0117s laikymo vieta. Jei planuojate savo namus ir vertinate patikrintus, madingus ir funkcionalius sprendimus, \u201eKaspian\u201c kolekcija yra puikus pasirinkimas. Ji pasi\u017eymi paprastu, bet eleganti\u0161ku dizainu, ry\u0161kiomis pus\u0117mis ir pla\u010diu spalv\u0173 pasirinkimu. Ta\u010diau pagrindinis \u0161ios kolekcijos privalumas yra jos prakti\u0161kumas. Jei [\u2026]<\/p>","protected":false},"featured_media":268807,"comment_status":"open","ping_status":"open","template":"","meta":[],"product_brand":[],"product_cat":[9200,1043],"product_tag":[],"class_list":{"0":"post-268806","1":"product","2":"type-product","3":"status-publish","4":"has-post-thumbnail","6":"product_cat-black-red-white","7":"product_cat-extras","9":"first","10":"instock","11":"purchasable","12":"product-type-simple"},"_links":{"self":[{"href":"https:\/\/baldumarket.lt\/lt\/wp-json\/wp\/v2\/product\/268806","targetHints":{"allow":["GET"]}}],"collection":[{"href":"https:\/\/baldumarket.lt\/lt\/wp-json\/wp\/v2\/product"}],"about":[{"href":"https:\/\/baldumarket.lt\/lt\/wp-json\/wp\/v2\/types\/product"}],"replies":[{"embeddable":true,"href":"https:\/\/baldumarket.lt\/lt\/wp-json\/wp\/v2\/comments?post=268806"}],"wp:featuredmedia":[{"embeddable":true,"href":"https:\/\/baldumarket.lt\/lt\/wp-json\/wp\/v2\/media\/268807"}],"wp:attachment":[{"href":"https:\/\/baldumarket.lt\/lt\/wp-json\/wp\/v2\/media?parent=268806"}],"wp:term":[{"taxonomy":"product_brand","embeddable":true,"href":"https:\/\/baldumarket.lt\/lt\/wp-json\/wp\/v2\/product_brand?post=268806"},{"taxonomy":"product_cat","embeddable":true,"href":"https:\/\/baldumarket.lt\/lt\/wp-json\/wp\/v2\/product_cat?post=268806"},{"taxonomy":"product_tag","embeddable":true,"href":"https:\/\/baldumarket.lt\/lt\/wp-json\/wp\/v2\/product_tag?post=268806"}],"curies":[{"name":"wp","href":"https:\/\/api.w.org\/{rel}","templated":true}]}}