{"id":268803,"date":"2026-01-14T00:59:09","date_gmt":"2026-01-13T21:59:09","guid":{"rendered":"https:\/\/baldumarket.lt\/product\/szuflada-do-lozka-120-holten\/"},"modified":"2026-02-11T18:17:42","modified_gmt":"2026-02-11T15:17:42","slug":"szuflada-do-lozka-120-holten","status":"publish","type":"product","link":"https:\/\/baldumarket.lt\/lt\/produktas\/szuflada-do-lozka-120-holten\/","title":{"rendered":"Stal\u010dius lovai 120 HOLTEN"},"content":{"rendered":"<p>\u201eHolten\u201c stal\u010dius \u2013 papildoma erdv\u0117 paauglio lobiams. \u012erengiant kambar\u012f paaugliui, svarbu atsi\u017evelgti \u012f besikei\u010diant\u012f \u0161ios am\u017eiaus grup\u0117s stili\u0173 ir poreikius. Tod\u0117l verta investuoti \u012f universalius ir nesenstan\u010dius baldus, kurie der\u0117s prie \u012fvairi\u0173 interjero dizain\u0173. \u201eHolten\u201c kolekcija \u2013 puikus pasirinkimas, derinantis patvarum\u0105, ry\u0161kias spalvas ir modern\u0173 dizain\u0105, kuris tikrai patiks jaunajam kambario gyventojui. \u201eHolten\u201c lovos stal\u010dius \u2013 tai prakti\u0161kas sprendimas, leid\u017eiantis efektyviai i\u0161naudoti erdv\u0119 po lova. Tokiu b\u016bdu galite pasl\u0117pti \u012fvairius lobius, tokius kaip patalyn\u0117, saldumynai, stori \u017eieminiai megztiniai ar stalo \u017eaidimai, neu\u017eimdami kitos vietos kambaryje. \u0160is stal\u010dius puikiai tinka tiek tiems, kurie tiki po lovomis slepian\u010diais monstrais, tiek tiems, kuriems tiesiog reikia papildomos vietos daiktams susid\u0117ti. \u201eHolten\u201c stal\u010di\u0173 lengva naudoti d\u0117l ratuk\u0173. J\u012f galite lengvai i\u0161skleisti ir suskleisti, tod\u0117l lengva pasiekti laikomus daiktus. Jo matmenys (199 x 56,5 x 26 cm) leid\u017eia j\u012f paki\u0161ti po 120 cm plo\u010dio \u201eHolten\u201c kolekcijos lova. Be to, kitoje lovos pus\u0117je yra vietos stal\u010diui, tod\u0117l galite lanks\u010diai i\u0161d\u0117styti erdv\u0119. \u201eHolten\u201c stal\u010dius yra matin\u0117s baltos spalvos, tod\u0117l puikiai dera prie lovos r\u0117mo ir papildo bendr\u0105 kambario dekor\u0105. Jei turite lov\u0105 i\u0161 tos pa\u010dios kolekcijos, \u201eHolten\u201c stal\u010dius sukurs darni\u0105 kompozicij\u0105. Taip pat galite i\u0161pl\u0117sti i\u0161d\u0117stym\u0105 kitais kolekcijos elementais, kad sukurtum\u0117te ergonomi\u0161k\u0105 ir funkcionali\u0105 erdv\u0119 savo paauglio kambaryje. Trumpai tariant, \u201eHolten\u201c stal\u010dius yra puikus sprendimas paauglio kambario organizavimui, suteikiantis papildomos vietos daiktams laikyti, kuri lengvai pasiekiama ir padeda palaikyti tvark\u0105.<\/p>\n<p>Prek\u0117s kodas S493-SZU\/120-DWF Simbolis ZM EAN Ilgis 199 cm Gylis 56,5 cm Auk\u0161tis 26 cm Kolekcija Holten Spalva Waterford \u0105\u017euolas Atspalvis tamsi mediena Stilius modernus Gamintojas Juoda Raudona Balta Bald\u0173 tipas Lovos PVM 23% EAN 5906123710084<\/p>","protected":false},"excerpt":{"rendered":"<p>\u201eHolten\u201c stal\u010dius \u2013 papildoma erdv\u0117 j\u016bs\u0173 paauglio lobiams. \u012erengiant kambar\u012f paaugliui, svarbu atsi\u017evelgti \u012f kintant\u012f \u0161ios am\u017eiaus grup\u0117s stili\u0173 ir poreikius. Tod\u0117l verta investuoti \u012f universalius ir nesenstan\u010dius baldus, kurie der\u0117s prie \u012fvairi\u0173 interjero dizain\u0173. \u201eHolten\u201c kolekcija yra puikus pasirinkimas, derinantis patvarum\u0105, [\u2026]<\/p>","protected":false},"featured_media":268804,"comment_status":"open","ping_status":"open","template":"","meta":[],"product_brand":[],"product_cat":[9200,1043],"product_tag":[],"class_list":{"0":"post-268803","1":"product","2":"type-product","3":"status-publish","4":"has-post-thumbnail","6":"product_cat-black-red-white","7":"product_cat-extras","9":"first","10":"instock","11":"purchasable","12":"product-type-simple"},"_links":{"self":[{"href":"https:\/\/baldumarket.lt\/lt\/wp-json\/wp\/v2\/product\/268803","targetHints":{"allow":["GET"]}}],"collection":[{"href":"https:\/\/baldumarket.lt\/lt\/wp-json\/wp\/v2\/product"}],"about":[{"href":"https:\/\/baldumarket.lt\/lt\/wp-json\/wp\/v2\/types\/product"}],"replies":[{"embeddable":true,"href":"https:\/\/baldumarket.lt\/lt\/wp-json\/wp\/v2\/comments?post=268803"}],"wp:featuredmedia":[{"embeddable":true,"href":"https:\/\/baldumarket.lt\/lt\/wp-json\/wp\/v2\/media\/268804"}],"wp:attachment":[{"href":"https:\/\/baldumarket.lt\/lt\/wp-json\/wp\/v2\/media?parent=268803"}],"wp:term":[{"taxonomy":"product_brand","embeddable":true,"href":"https:\/\/baldumarket.lt\/lt\/wp-json\/wp\/v2\/product_brand?post=268803"},{"taxonomy":"product_cat","embeddable":true,"href":"https:\/\/baldumarket.lt\/lt\/wp-json\/wp\/v2\/product_cat?post=268803"},{"taxonomy":"product_tag","embeddable":true,"href":"https:\/\/baldumarket.lt\/lt\/wp-json\/wp\/v2\/product_tag?post=268803"}],"curies":[{"name":"wp","href":"https:\/\/api.w.org\/{rel}","templated":true}]}}