{"id":268790,"date":"2026-01-14T00:58:56","date_gmt":"2026-01-13T21:58:56","guid":{"rendered":"https:\/\/baldumarket.lt\/product\/szafka-wiszaca-z-witryna-kaspian-1435-cm-bialy-bialy-matowy\/"},"modified":"2026-02-11T18:17:42","modified_gmt":"2026-02-11T15:17:42","slug":"szafka-wiszaca-z-witryna-kaspian-1435-cm-bialy-bialy-matowy","status":"publish","type":"product","link":"https:\/\/baldumarket.lt\/lt\/produktas\/szafka-wiszaca-z-witryna-kaspian-1435-cm-bialy-bialy-matowy\/","title":{"rendered":"KASPIAN sienin\u0117 spintel\u0117 su vitrina, 143,5 cm, balta\/matin\u0117 balta"},"content":{"rendered":"<p>\u201eKaspian\u201c pakabinama vitrina \u2013 modernus funkcionalumas unikaliu stiliumi. \u201eKaspian\u201c baldai t\u0119sia savo tradicijas, si\u016blydami funkcionalius ir prakti\u0161kus sprendimus, kartu pristatydami unikal\u0173 dizain\u0105. \u201eKaspian\u201c pakabinama vitrina yra puikus \u0161io po\u017ei\u016brio pavyzdys, derinantis funkcionalum\u0105 su moderniu stiliumi. \u0160tai kod\u0117l tur\u0117tum\u0117te apsvarstyti \u0161\u012f bald\u0105:<\/p>\n<p>\u201eKaspian\u201c pakabinama vitrina i\u0161siskiria savo fanera, kuri tiksliai atkuria neapdorotos medienos strukt\u016br\u0105 ir ra\u0161t\u0105. \u0160i detal\u0117 suteikia spintelei charakterio ir jaukumo, kartu i\u0161laikant moderni\u0105 i\u0161vaizd\u0105. Sustiprinta konstrukcija su vertikaliu vidiniu padalinimu.<br \/>\nVertikalus vitrinos vidaus padalijimas ne tik pagerina jos estetin\u012f patrauklum\u0105, bet ir sustiprina jos konstrukcij\u0105. Tai rei\u0161kia, kad spintel\u0117 yra tvirta ir patvari, o tai ypa\u010d svarbu laikant \u012fvairius daiktus. \u201eKaspian\u201c pakabinama vitrina buvo sukurta atsi\u017evelgiant \u012f praktin\u012f naudojim\u0105. Maksimali apkrova yra iki 10 kg, tod\u0117l ant jos galite sud\u0117ti \u012fvairius daiktus, nesijaudindami d\u0117l jos patvarumo. Stiklin\u0117 vitrina ne tik yra ak\u012f traukiantis dekoratyvinis elementas, bet ir apsaugo laikomus daiktus nuo dulki\u0173 ir ne\u0161varum\u0173. \u0160is sprendimas leid\u017eia i\u0161laikyti daiktus \u0161varius ir puikiai i\u0161d\u0117stytus j\u016bs\u0173 interjere. Plati spalv\u0173 palet\u0117<br \/>\nD\u0117l spalv\u0173 pasirinkimo \u012fvairov\u0117s spintel\u0119 galite priderinti prie savo asmeninio stiliaus ir interjero dizaino. Be to, \u201eKaspian\u201c spintel\u0119 galite derinti su elementais i\u0161 kit\u0173 \u201eBlack Red White\u201c kolekcij\u0173, taip suteikdami dar daugiau erdv\u0117s dizaino k\u016brybi\u0161kumui. Trumpai tariant, \u201eKaspian\u201c sienin\u0117 spintel\u0117 yra ne tik prakti\u0161kas daikt\u0173 laikymo sprendimas, bet ir dekoratyvinis elementas, suteikiantis j\u016bs\u0173 interjerui charakterio. Jei ie\u0161kote bald\u0173, kurie derint\u0173 funkcionalum\u0105, modern\u0173 dizain\u0105 ir tvirt\u0105 konstrukcij\u0105, \u201eKaspian\u201c spintel\u0117 yra vertingas pasirinkimas. Ji leid\u017eia eksponuoti ir apsaugoti laikomus daiktus, o kartu suteikia interjerui elegancijos ir individualumo.<\/p>\n<p>Prek\u0117s kodas S128-SFW1W\/140-BI\/BIM Simbolis ZM EAN Plotis 143,5 cm Gylis 30,5 cm Auk\u0161tis 40 cm Kolekcija Kaspian Spalva balta\/matin\u0117 balta Atspalvis baltas Stilius modernus Dureli\u0173 skai\u010dius 1 dur\u0173 Rankena be ranken\u0117li\u0173 Gamintojas Juoda Raudona Balta Baldo tipas Lentynos PVM 23% EAN 5906123920742<\/p>","protected":false},"excerpt":{"rendered":"<p>\u201eKaspian\u201c pakabinama vitrina \u2013 modernus funkcionalumas unikaliu stiliumi. \u201eKaspian\u201c baldai t\u0119sia savo tradicijas, si\u016blydami funkcionalius ir prakti\u0161kus sprendimus, kartu pristatydami unikal\u0173 dizain\u0105. \u201eKaspian\u201c pakabinama vitrina yra puikus \u0161io po\u017ei\u016brio pavyzdys, derinantis funkcionalum\u0105 su moderniu stiliumi. \u0160tai kod\u0117l tur\u0117tum\u0117te apsvarstyti \u0161\u012f gamin\u012f: \u201eKaspian\u201c pakabinama vitrina [\u2026]<\/p>","protected":false},"featured_media":268791,"comment_status":"open","ping_status":"open","template":"","meta":[],"product_brand":[],"product_cat":[9200,1174],"product_tag":[],"class_list":{"0":"post-268790","1":"product","2":"type-product","3":"status-publish","4":"has-post-thumbnail","6":"product_cat-black-red-white","7":"product_cat-hanging-shelves","9":"first","10":"instock","11":"purchasable","12":"product-type-simple"},"_links":{"self":[{"href":"https:\/\/baldumarket.lt\/lt\/wp-json\/wp\/v2\/product\/268790","targetHints":{"allow":["GET"]}}],"collection":[{"href":"https:\/\/baldumarket.lt\/lt\/wp-json\/wp\/v2\/product"}],"about":[{"href":"https:\/\/baldumarket.lt\/lt\/wp-json\/wp\/v2\/types\/product"}],"replies":[{"embeddable":true,"href":"https:\/\/baldumarket.lt\/lt\/wp-json\/wp\/v2\/comments?post=268790"}],"wp:featuredmedia":[{"embeddable":true,"href":"https:\/\/baldumarket.lt\/lt\/wp-json\/wp\/v2\/media\/268791"}],"wp:attachment":[{"href":"https:\/\/baldumarket.lt\/lt\/wp-json\/wp\/v2\/media?parent=268790"}],"wp:term":[{"taxonomy":"product_brand","embeddable":true,"href":"https:\/\/baldumarket.lt\/lt\/wp-json\/wp\/v2\/product_brand?post=268790"},{"taxonomy":"product_cat","embeddable":true,"href":"https:\/\/baldumarket.lt\/lt\/wp-json\/wp\/v2\/product_cat?post=268790"},{"taxonomy":"product_tag","embeddable":true,"href":"https:\/\/baldumarket.lt\/lt\/wp-json\/wp\/v2\/product_tag?post=268790"}],"curies":[{"name":"wp","href":"https:\/\/api.w.org\/{rel}","templated":true}]}}