{"id":268786,"date":"2026-01-14T00:58:52","date_gmt":"2026-01-13T21:58:52","guid":{"rendered":"https:\/\/baldumarket.lt\/product\/szafka-wiszaca-z-witryna-80x57-cm-junona-line-wbialy-kredowy-polysk\/"},"modified":"2026-02-11T18:17:42","modified_gmt":"2026-02-11T15:17:42","slug":"szafka-wiszaca-z-witryna-80x57-cm-junona-line-wbialy-kredowy-polysk","status":"publish","type":"product","link":"https:\/\/baldumarket.lt\/lt\/produktas\/szafka-wiszaca-z-witryna-80x57-cm-junona-line-wbialy-kredowy-polysk\/","title":{"rendered":"Pakabinama spintel\u0117 su vitrina, 80\u00d757 cm, JUNONA LINE, baltos\/kreidos blizgesio spalvos"},"content":{"rendered":"<p>Vir\u0161utin\u0117 spintel\u0117 su vitrina i\u0161 \u201eJunona Line\u201c kolekcijos. Prakti\u0161kas ir esteti\u0161kas sprendimas j\u016bs\u0173 virtuvei. \u0160i spintel\u0117 puikiai tinka indams ar virtuv\u0117s dekoracijoms eksponuoti. Stiklinis fasadas leid\u017eia eksponuoti gra\u017eiausius stalo \u012frankius. Likusius daiktus galima pasl\u0117pti u\u017e u\u017edar\u0173 fasad\u0173, taip i\u0161laikant tvark\u0105 j\u016bs\u0173 virtuv\u0117je. 80 \u00d7 57 cm vir\u0161utin\u0119 spintel\u0119 su vitrina galima pastatyti vir\u0161 tokio pat plo\u010dio apatin\u0117s spintel\u0117s arba vir\u0161 dviej\u0173 40 cm plo\u010dio spinteli\u0173. Tai leid\u017eia lanks\u010diai i\u0161planuoti virtuv\u0119, atsi\u017evelgiant \u012f individualius poreikius ir turim\u0105 erdv\u0119. \u201eJunona Line\u201c kolekcija i\u0161siskiria modernia ir eleganti\u0161ka apdaila. Baltas korpusas yra sant\u016brus, o kreidos blizgesio fasadas suteikia \u0161ilumos ir nat\u016bralaus \u017eavesio. Stiklines dureles papildo papildoma stiklin\u0117 lentyna su LED ap\u0161vietimu, kuri\u0105 galima \u012fsigyti atskirai. Tai suteikia blizgesio ir i\u0161ry\u0161kina laikom\u0173 daikt\u0173 gro\u017e\u012f.<\/p>\n<p>Produkto kodas K24-G2W\/80\/57-BI\/KRP Simbolis ZM EAN Plotis 80 cm Gylis 30,5 cm Auk\u0161tis 57,5 cm Kolekcija Junona Line Spalva balta\/kreidos blizgu\u010diai balta Atspalvis Stilius modernus Korpusas laminatas Priekin\u0117 sienel\u0117 laminatas Dureli\u0173 skai\u010dius 2 dur\u0173 Rankena su ranken\u0117l\u0117mis Ap\u0161vietimas pasirenkamas Gamintojas Juoda Raudona Balta Baldo tipas Virtuv\u0117s spintel\u0117s PVM 23% EAN 5906123541770<\/p>","protected":false},"excerpt":{"rendered":"<p>Vir\u0161utin\u0117 spintel\u0117 su vitrina i\u0161 \u201eJunona Line\u201c kolekcijos. Prakti\u0161kas ir esteti\u0161kai patrauklus sprendimas j\u016bs\u0173 virtuvei. \u0160i spintel\u0117 puikiai tinka indams ar virtuv\u0117s dekoracijoms eksponuoti. Stiklinis fasadas leid\u017eia eksponuoti gra\u017eiausius stalo \u012frankius. Likusius daiktus galima pasl\u0117pti u\u017e u\u017edar\u0173 fasad\u0173, taip i\u0161laikant j\u016bs\u0173 virtuv\u0117s [\u2026]<\/p>","protected":false},"featured_media":268787,"comment_status":"open","ping_status":"open","template":"","meta":[],"product_brand":[],"product_cat":[9200,9118],"product_tag":[],"class_list":{"0":"post-268786","1":"product","2":"type-product","3":"status-publish","4":"has-post-thumbnail","6":"product_cat-black-red-white","7":"product_cat-kitchen-cabinets","9":"first","10":"instock","11":"purchasable","12":"product-type-simple"},"_links":{"self":[{"href":"https:\/\/baldumarket.lt\/lt\/wp-json\/wp\/v2\/product\/268786","targetHints":{"allow":["GET"]}}],"collection":[{"href":"https:\/\/baldumarket.lt\/lt\/wp-json\/wp\/v2\/product"}],"about":[{"href":"https:\/\/baldumarket.lt\/lt\/wp-json\/wp\/v2\/types\/product"}],"replies":[{"embeddable":true,"href":"https:\/\/baldumarket.lt\/lt\/wp-json\/wp\/v2\/comments?post=268786"}],"wp:featuredmedia":[{"embeddable":true,"href":"https:\/\/baldumarket.lt\/lt\/wp-json\/wp\/v2\/media\/268787"}],"wp:attachment":[{"href":"https:\/\/baldumarket.lt\/lt\/wp-json\/wp\/v2\/media?parent=268786"}],"wp:term":[{"taxonomy":"product_brand","embeddable":true,"href":"https:\/\/baldumarket.lt\/lt\/wp-json\/wp\/v2\/product_brand?post=268786"},{"taxonomy":"product_cat","embeddable":true,"href":"https:\/\/baldumarket.lt\/lt\/wp-json\/wp\/v2\/product_cat?post=268786"},{"taxonomy":"product_tag","embeddable":true,"href":"https:\/\/baldumarket.lt\/lt\/wp-json\/wp\/v2\/product_tag?post=268786"}],"curies":[{"name":"wp","href":"https:\/\/api.w.org\/{rel}","templated":true}]}}