{"id":268774,"date":"2026-01-14T00:58:40","date_gmt":"2026-01-13T21:58:40","guid":{"rendered":"https:\/\/baldumarket.lt\/product\/szafka-wiszaca-z-witryna-80x57-cm-junona-line-bernstein-grafit\/"},"modified":"2026-02-11T18:17:43","modified_gmt":"2026-02-11T15:17:43","slug":"szafka-wiszaca-z-witryna-80x57-cm-junona-line-bernstein-grafit","status":"publish","type":"product","link":"https:\/\/baldumarket.lt\/lt\/produktas\/szafka-wiszaca-z-witryna-80x57-cm-junona-line-bernstein-grafit\/","title":{"rendered":"Sienin\u0117 spintel\u0117 su vitrina 80\u00d757 cm JUNONA LINE bernstein\/grafito spalvos"},"content":{"rendered":"<p>\u201eJunona Line\u201c 80 cm vir\u0161utin\u0117 spintel\u0117 su vitrina. Prakti\u0161kas ir esteti\u0161kas sprendimas j\u016bs\u0173 virtuvei. \u0160i spintel\u0117 idealiai tinka indams ar virtuv\u0117s dekoracijoms eksponuoti. Stiklin\u0117 plok\u0161t\u0117 leid\u017eia eksponuoti gra\u017eiausius stalo \u012frankius. 80 \u00d7 57 cm vir\u0161utin\u0119 spintel\u0119 su vitrina galima pastatyti vir\u0161 tokio pat plo\u010dio apatin\u0117s spintel\u0117s arba vir\u0161 dviej\u0173 40 cm plo\u010dio spinteli\u0173. Tai leid\u017eia lanks\u010diai pritaikyti virtuv\u0117s i\u0161planavim\u0105 prie individuali\u0173 poreiki\u0173 ir turimos erdv\u0117s. \u201eJunona Line\u201c vir\u0161utin\u0117 spintel\u0117 su vitrina pasi\u017eymi modernia ir eleganti\u0161ka apdaila. Bernstein \u0105\u017euolo korpusas yra \u0161iltas, o \u012fr\u0117mintas grafito fasadas suteikia kontrasto ir nat\u016bralaus \u017eavesio. Stiklines dureles papildo stiklin\u0117 lentyna su LED ap\u0161vietimu, kur\u012f galima \u012fsigyti kaip papildom\u0105 pried\u0105. Tai suteikia blizgesio ir i\u0161ry\u0161kina laikom\u0173 daikt\u0173 gro\u017e\u012f.<\/p>\n<p>Prek\u0117s kodas K24-G2W\/80\/57-DBT\/GF Plotis 80 cm Gylis 30,5 cm Auk\u0161tis 57,3 cm Kolekcija Junona Line Spalva bernstein \u0105\u017euolas\/grafitas Atspalvis grafitas Stilius Skandinavi\u0161kas Med\u017eiaga laminatas Korpusas laminatas Priekin\u0117 dalis laminatas Dureli\u0173 skai\u010dius 2 dur\u0173 Rankena su ranken\u0117l\u0117mis Ap\u0161vietimas pasirenkamas Gamintojas Juoda Raudona Balta Baldo tipas Virtuv\u0117s spintel\u0117s PVM 23% EAN 5906123047159<\/p>","protected":false},"excerpt":{"rendered":"<p>\u201eJunona Line\u201c 80 cm vir\u0161utin\u0117 spintel\u0117 su vitrina. Prakti\u0161kas ir esteti\u0161kai patrauklus sprendimas j\u016bs\u0173 virtuvei. \u0160i spintel\u0117 idealiai tinka indams ar virtuv\u0117s dekoracijoms eksponuoti. Stiklin\u0117 plok\u0161t\u0117 leid\u017eia eksponuoti stalo \u012frankius taip, kad jie atrodyt\u0173 kuo geriau. 80 \u00d7 57 cm vir\u0161utin\u0117 spintel\u0117 su vitrina gali b\u016bti pastatyta vir\u0161 [\u2026]<\/p>","protected":false},"featured_media":268775,"comment_status":"open","ping_status":"open","template":"","meta":[],"product_brand":[],"product_cat":[9200,9118],"product_tag":[],"class_list":{"0":"post-268774","1":"product","2":"type-product","3":"status-publish","4":"has-post-thumbnail","6":"product_cat-black-red-white","7":"product_cat-kitchen-cabinets","9":"first","10":"instock","11":"purchasable","12":"product-type-simple"},"_links":{"self":[{"href":"https:\/\/baldumarket.lt\/lt\/wp-json\/wp\/v2\/product\/268774","targetHints":{"allow":["GET"]}}],"collection":[{"href":"https:\/\/baldumarket.lt\/lt\/wp-json\/wp\/v2\/product"}],"about":[{"href":"https:\/\/baldumarket.lt\/lt\/wp-json\/wp\/v2\/types\/product"}],"replies":[{"embeddable":true,"href":"https:\/\/baldumarket.lt\/lt\/wp-json\/wp\/v2\/comments?post=268774"}],"wp:featuredmedia":[{"embeddable":true,"href":"https:\/\/baldumarket.lt\/lt\/wp-json\/wp\/v2\/media\/268775"}],"wp:attachment":[{"href":"https:\/\/baldumarket.lt\/lt\/wp-json\/wp\/v2\/media?parent=268774"}],"wp:term":[{"taxonomy":"product_brand","embeddable":true,"href":"https:\/\/baldumarket.lt\/lt\/wp-json\/wp\/v2\/product_brand?post=268774"},{"taxonomy":"product_cat","embeddable":true,"href":"https:\/\/baldumarket.lt\/lt\/wp-json\/wp\/v2\/product_cat?post=268774"},{"taxonomy":"product_tag","embeddable":true,"href":"https:\/\/baldumarket.lt\/lt\/wp-json\/wp\/v2\/product_tag?post=268774"}],"curies":[{"name":"wp","href":"https:\/\/api.w.org\/{rel}","templated":true}]}}