{"id":268770,"date":"2026-01-14T00:58:36","date_gmt":"2026-01-13T21:58:36","guid":{"rendered":"https:\/\/baldumarket.lt\/product\/szafka-wiszaca-z-frontem-otwieranym-zele-135-cm-dab-wotan\/"},"modified":"2026-02-11T18:17:43","modified_gmt":"2026-02-11T15:17:43","slug":"szafka-wiszaca-z-frontem-otwieranym-zele-135-cm-dab-wotan","status":"publish","type":"product","link":"https:\/\/baldumarket.lt\/lt\/produktas\/szafka-wiszaca-z-frontem-otwieranym-zele-135-cm-dab-wotan\/","title":{"rendered":"Pakabinama spintel\u0117 su atidaromu priekiu ZELE 135 cm Wotan \u0105\u017euolas"},"content":{"rendered":"<p>\u201eZele\u201c pakabinama spintel\u0117 \u2013 eleganti\u0161kas j\u016bs\u0173 stiliaus papildymas. Jei ie\u0161kote eleganti\u0161ko ir funkcionalaus elemento savo moderniam interjerui, \u201eZele\u201c pakabinama spintel\u0117 yra puikus pasirinkimas. \u201eZele\u201c kolekcija i\u0161siskiria minimalistiniu stiliumi ir d\u0117mesiu detal\u0117ms, o \u201eZele\u201c pakabinama spintel\u0117 puikiai dera su kitais \u0161ios kolekcijos baldais. \u201eZele\u201c pakabinama spintel\u0117 puikiai papildo tos pa\u010dios serijos televizoriaus staliuk\u0105 ir komod\u0105. Jos \u012f vir\u0161\u0173 pakreipiamas fasadas atveria papildom\u0105 viet\u0105 \u012fvairiems daiktams, kuriuos norite laikyti tvarkingai ir po ranka. \u201eZele\u201c pakabinamos spintel\u0117s spalv\u0173 pasirinkimas si\u016blo plat\u0173 pasirinkimo spektr\u0105. \u201eWotan\u201c \u0105\u017euolo korpusas suteikia interjerui \u0161ilumos ir nat\u016bralumo, o blizgios baltos fasadai suteikia jam modernumo. \u0160is derinys leid\u017eia pakabinamai spintelei skland\u017eiai der\u0117ti prie \u012fvairi\u0173 i\u0161d\u0117stym\u0173. Minimalistin\u0117 rankena, integruota \u012f apatin\u012f fasado kra\u0161t\u0105, pabr\u0117\u017eia baldo charakter\u012f ir suteikia jam elegancijos. B\u016btent tokios detal\u0117s kaip \u0161i rankena daro \u201eZele\u201c kolekcijos baldus i\u0161skirtinai stilingus ir eleganti\u0161kus. \u201eZele\u201c sienin\u0117 spintel\u0117 gali b\u016bti naudojama ne tik kaip prakti\u0161kas daikt\u0173 laikymo sprendimas, bet ir kaip dekoratyvinis elementas, suteikiantis j\u016bs\u0173 interjerui elegancijos ir stiliaus. Derinkite \u201eZele\u201c sienin\u0119 spintel\u0119 su kitais \u201eZele\u201c kolekcijos baldais, kad sukurtum\u0117te darni\u0105 ir ergonomi\u0161k\u0105 erdv\u0119 savo svetain\u0117je. \u0160is baldas ne tik atlieka praktin\u0119 funkcij\u0105, bet ir pagerina j\u016bs\u0173 interjero charakter\u012f, suteikdamas elegancijos ir modernumo.<\/p>\n<p>Prek\u0117s kodas S383-SFW1K-DWO Simbolis ZM EAN Plotis 135 cm Gylis 31 cm Auk\u0161tis 37 cm Kolekcija Zele Spalva wotan \u0105\u017euolas Gaubtas \u0161viesi mediena Stilius modernus Med\u017eiaga laminatas Dureli\u0173 skai\u010dius 1 dur\u0173 Gamintojas Juoda Raudona Balta Baldo tipas Lentynos PVM 23% EAN 5906123929028<\/p>","protected":false},"excerpt":{"rendered":"<p>\u201eZele\u201c pakabinama spintel\u0117 \u2013 eleganti\u0161kas j\u016bs\u0173 stiliaus papildymas. Jei ie\u0161kote eleganti\u0161ko ir funkcionalaus elemento savo moderniam interjerui, \u201eZele\u201c pakabinama spintel\u0117 yra puikus pasirinkimas. \u201eZele\u201c kolekcija i\u0161siskiria minimalistiniu stiliumi ir d\u0117mesiu detal\u0117ms, o \u201eZele\u201c pakabinama spintel\u0117 puikiai papildo kitus [\u2026]<\/p>","protected":false},"featured_media":268771,"comment_status":"open","ping_status":"open","template":"","meta":[],"product_brand":[],"product_cat":[9200,1174],"product_tag":[],"class_list":{"0":"post-268770","1":"product","2":"type-product","3":"status-publish","4":"has-post-thumbnail","6":"product_cat-black-red-white","7":"product_cat-hanging-shelves","9":"first","10":"instock","11":"purchasable","12":"product-type-simple"},"_links":{"self":[{"href":"https:\/\/baldumarket.lt\/lt\/wp-json\/wp\/v2\/product\/268770","targetHints":{"allow":["GET"]}}],"collection":[{"href":"https:\/\/baldumarket.lt\/lt\/wp-json\/wp\/v2\/product"}],"about":[{"href":"https:\/\/baldumarket.lt\/lt\/wp-json\/wp\/v2\/types\/product"}],"replies":[{"embeddable":true,"href":"https:\/\/baldumarket.lt\/lt\/wp-json\/wp\/v2\/comments?post=268770"}],"wp:featuredmedia":[{"embeddable":true,"href":"https:\/\/baldumarket.lt\/lt\/wp-json\/wp\/v2\/media\/268771"}],"wp:attachment":[{"href":"https:\/\/baldumarket.lt\/lt\/wp-json\/wp\/v2\/media?parent=268770"}],"wp:term":[{"taxonomy":"product_brand","embeddable":true,"href":"https:\/\/baldumarket.lt\/lt\/wp-json\/wp\/v2\/product_brand?post=268770"},{"taxonomy":"product_cat","embeddable":true,"href":"https:\/\/baldumarket.lt\/lt\/wp-json\/wp\/v2\/product_cat?post=268770"},{"taxonomy":"product_tag","embeddable":true,"href":"https:\/\/baldumarket.lt\/lt\/wp-json\/wp\/v2\/product_tag?post=268770"}],"curies":[{"name":"wp","href":"https:\/\/api.w.org\/{rel}","templated":true}]}}