{"id":268762,"date":"2026-01-14T00:58:30","date_gmt":"2026-01-13T21:58:30","guid":{"rendered":"https:\/\/baldumarket.lt\/product\/szafka-wiszaca-z-drzwiami-nuis-135-cm-dab-wotan-bialy-polysk\/"},"modified":"2026-02-11T18:17:43","modified_gmt":"2026-02-11T15:17:43","slug":"szafka-wiszaca-z-drzwiami-nuis-135-cm-dab-wotan-bialy-polysk","status":"publish","type":"product","link":"https:\/\/baldumarket.lt\/lt\/produktas\/szafka-wiszaca-z-drzwiami-nuis-135-cm-dab-wotan-bialy-polysk\/","title":{"rendered":"NUIS sienin\u0117 spintel\u0117 su durel\u0117mis, 135 cm, Wotan \u0105\u017euolas\/blizgi balta"},"content":{"rendered":"<p>\u201eNuis\u201c pakabinama spintel\u0117 \u2013 stilinga id\u0117ja. \u201eNuis\u201c pakabinama spintel\u0117 apjungia modern\u0173 dizain\u0105, prakti\u0161k\u0105 talp\u0105 ir daugyb\u0119 i\u0161d\u0117stymo galimybi\u0173. Nesvarbu, ar j\u0105 pakabinsite vir\u0161 vitrinos, sofos, ar lovos, \u0161i spintel\u0117 atrodys stilingai ir \u012fsp\u016bdingai, suteikdama elegancijos bet kuriam kambariui. \u201eNuis\u201c pakabinam\u0105 spintel\u0119 i\u0161skiria d\u0117\u017eut\u0117s formos konstrukcija, suteikianti jai unikal\u0173 charakter\u012f. Kontrastinga \u201eWotan\u201c \u0105\u017euolo spalva su veidrodiniu poliruotu baltu priekiu daro \u0161i\u0105 spintel\u0119 puikiai atitinkan\u010di\u0105 \u0161iuolaikines dizaino tendencijas. Tai ne tik prakti\u0161kas baldas, bet ir ry\u0161kus dekoratyvinis elementas. Erdvus vidus ir patogus fasad\u0173 atidarymas be ranken\u0117li\u0173 daro j\u0105 ne tik stiling\u0105, bet ir labai prakti\u0161k\u0105. Tai puiki vieta laikyti porcelian\u0105, knygas ar CD ir DVD kolekcij\u0105. \u0160i spintel\u0117 si\u016blo daugyb\u0119 i\u0161d\u0117stymo galimybi\u0173, leid\u017eian\u010di\u0173 laisvai eksponuoti m\u0117gstamus daiktus. \u201eNuis\u201c pakabinama spintel\u0117 puikiai atrodo tiek pati savaime, tiek derinama su kitais \u201eNuis\u201c serijos baldais. Jos matmenys sukurti taip, kad b\u016bt\u0173 sukurtas darnus ir madingas interjeras. Tai stilingo, darnaus ir funkcionalaus interjero, kuris tikrai pritrauks d\u0117mes\u012f, receptas. Jei ie\u0161kote originalios sien\u0173 dekoracijos, \u201eNuis\u201c sienin\u0117 spintel\u0117 yra puikus pasirinkimas. Stilingas \u0161io baldo dizainas, prakti\u0161kumas ir universalumas pavers j\u012f ne tik funkcionaliu priedu, bet ir svarbiu j\u016bs\u0173 nam\u0173 stilingo interjero elementu.<\/p>\n<p>Prek\u0117s kodas S396-SFW1K\/135-DWO\/BIP Simbolis ZM EAN Plotis 135 cm Gylis 29 cm Auk\u0161tis 37,5 cm Kolekcija \u201eNuis\u201c Spalva wotan \u0105\u017euolas\/blizgi balta Gaubtas \u0161viesi mediena Stilius modernus Med\u017eiaga laminatas Dureli\u0173 skai\u010dius 1 dur\u0173 Rankena be ranken\u0117li\u0173 Gamintojas Juoda Raudona Balta Baldo tipas Lentynos PVM 23% EAN 5906123929745<\/p>","protected":false},"excerpt":{"rendered":"<p>\u201eNuis\u201c pakabinama spintel\u0117 \u2013 stilinga id\u0117ja. \u201eNuis\u201c pakabinama spintel\u0117 apjungia modern\u0173 dizain\u0105, prakti\u0161k\u0105 talp\u0105 ir daugyb\u0119 i\u0161d\u0117stymo galimybi\u0173. Nesvarbu, ar j\u0105 pakabinsite vir\u0161 vitrinos, sofos ar lovos, \u0161i spintel\u0117 atrodys stilingai ir \u012fsp\u016bdingai, suteikdama elegancijos bet kuriam kambariui. Kas i\u0161skiria \u201eNuis\u201c pakabinam\u0105 spintel\u0119 [\u2026]<\/p>","protected":false},"featured_media":268763,"comment_status":"open","ping_status":"open","template":"","meta":[],"product_brand":[],"product_cat":[9200,1174],"product_tag":[],"class_list":{"0":"post-268762","1":"product","2":"type-product","3":"status-publish","4":"has-post-thumbnail","6":"product_cat-black-red-white","7":"product_cat-hanging-shelves","9":"first","10":"instock","11":"purchasable","12":"product-type-simple"},"_links":{"self":[{"href":"https:\/\/baldumarket.lt\/lt\/wp-json\/wp\/v2\/product\/268762","targetHints":{"allow":["GET"]}}],"collection":[{"href":"https:\/\/baldumarket.lt\/lt\/wp-json\/wp\/v2\/product"}],"about":[{"href":"https:\/\/baldumarket.lt\/lt\/wp-json\/wp\/v2\/types\/product"}],"replies":[{"embeddable":true,"href":"https:\/\/baldumarket.lt\/lt\/wp-json\/wp\/v2\/comments?post=268762"}],"wp:featuredmedia":[{"embeddable":true,"href":"https:\/\/baldumarket.lt\/lt\/wp-json\/wp\/v2\/media\/268763"}],"wp:attachment":[{"href":"https:\/\/baldumarket.lt\/lt\/wp-json\/wp\/v2\/media?parent=268762"}],"wp:term":[{"taxonomy":"product_brand","embeddable":true,"href":"https:\/\/baldumarket.lt\/lt\/wp-json\/wp\/v2\/product_brand?post=268762"},{"taxonomy":"product_cat","embeddable":true,"href":"https:\/\/baldumarket.lt\/lt\/wp-json\/wp\/v2\/product_cat?post=268762"},{"taxonomy":"product_tag","embeddable":true,"href":"https:\/\/baldumarket.lt\/lt\/wp-json\/wp\/v2\/product_tag?post=268762"}],"curies":[{"name":"wp","href":"https:\/\/api.w.org\/{rel}","templated":true}]}}