{"id":268759,"date":"2026-01-14T00:58:27","date_gmt":"2026-01-13T21:58:27","guid":{"rendered":"https:\/\/baldumarket.lt\/product\/szafka-wiszaca-otwarta-patras-153-cm-dab-april\/"},"modified":"2026-02-11T18:17:43","modified_gmt":"2026-02-11T15:17:43","slug":"szafka-wiszaca-otwarta-patras-153-cm-dab-april","status":"publish","type":"product","link":"https:\/\/baldumarket.lt\/lt\/produktas\/szafka-wiszaca-otwarta-patras-153-cm-dab-april\/","title":{"rendered":"PATRAS atvira sienin\u0117 spintel\u0117 153 cm, baland\u017eio spalvos \u0105\u017euolas"},"content":{"rendered":"<p>Pakabinama spintel\u0117 \u201ePatras\u201cPakabinama spintel\u0117 puikiai papildo klasikin\u0119 kolekcij\u0105 gra\u017eiomis dekoracijomis, metalin\u0117mis ranken\u0117l\u0117mis ir \u0161iltomis spalvomis. Ji gali b\u016bti papildomas eksponatas svetain\u0117je. Stilinga pakabinama spintel\u0117 \u201ePatras\u201c yra padalinta \u012f dvi atviras dalis, tod\u0117l lengva organizuoti ir palaikyti tvark\u0105 tarp eksponuojam\u0173 daikt\u0173. Tamsiai rudos spalvos baland\u017eio \u0105\u017euolas suteikia \u0161ilumos visam i\u0161d\u0117stymui, puikiai papildydamas kitus dizaino elementus. Ry\u0161kios dekoracijos ir pastorinti spintel\u0117s \u0161onai traukia d\u0117mes\u012f, sukeldami susidom\u0117jim\u0105 ir d\u017eiaugsm\u0105 klasikinio stiliaus m\u0117g\u0117jams. 153 cm plo\u010dio ji puikiai dera tiek su televizoriaus staliuku, tiek su komoda, sukurdama darni\u0105 ir eleganti\u0161k\u0105 visum\u0105. Pakabinama spintel\u0117 \u201ePatras\u201c puikiai papildo daugel\u012f i\u0161d\u0117stym\u0173. Derinkite j\u0105 su kitais kolekcijos elementais ir sukurkite savo svajoni\u0173 svetain\u0119 ir miegam\u0105j\u012f, pritaikytus j\u016bs\u0173 poreikiams.<\/p>\n<p>Prek\u0117s kodas S405-SFW\/153-DARL Simbolis ZM EAN Plotis 153 cm Gylis 35 cm Auk\u0161tis 39,5 cm Kolekcija Patras Spalva baland\u017eio \u0105\u017euolas Atspalvis tamsi mediena Stilius modernus Med\u017eiaga laminatas Gamintojas Juoda Raudona Balta Baldo tipas Lentynos PVM 23% EAN 5906123944281<\/p>","protected":false},"excerpt":{"rendered":"<p>Pakabinama spintel\u0117 \u201ePatras\u201cPakrantin\u0117 spintel\u0117 puikiai papildo klasikin\u0119 kolekcij\u0105 gra\u017eiais apdailos elementais, metalin\u0117mis ranken\u0117l\u0117mis ir \u0161iltomis spalvomis. Ji svetain\u0117je gali b\u016bti naudojama kaip papildomas eksponatas. Stilinga pakabinama spintel\u0117 \u201ePatras\u201c yra padalinta \u012f dvi atviras dalis, tod\u0117l lengva organizuoti ir palaikyti tvark\u0105 tarp eksponuojam\u0173 daikt\u0173. [\u2026]<\/p>","protected":false},"featured_media":268760,"comment_status":"open","ping_status":"open","template":"","meta":[],"product_brand":[],"product_cat":[9200,1174],"product_tag":[],"class_list":{"0":"post-268759","1":"product","2":"type-product","3":"status-publish","4":"has-post-thumbnail","6":"product_cat-black-red-white","7":"product_cat-hanging-shelves","9":"first","10":"instock","11":"purchasable","12":"product-type-simple"},"_links":{"self":[{"href":"https:\/\/baldumarket.lt\/lt\/wp-json\/wp\/v2\/product\/268759","targetHints":{"allow":["GET"]}}],"collection":[{"href":"https:\/\/baldumarket.lt\/lt\/wp-json\/wp\/v2\/product"}],"about":[{"href":"https:\/\/baldumarket.lt\/lt\/wp-json\/wp\/v2\/types\/product"}],"replies":[{"embeddable":true,"href":"https:\/\/baldumarket.lt\/lt\/wp-json\/wp\/v2\/comments?post=268759"}],"wp:featuredmedia":[{"embeddable":true,"href":"https:\/\/baldumarket.lt\/lt\/wp-json\/wp\/v2\/media\/268760"}],"wp:attachment":[{"href":"https:\/\/baldumarket.lt\/lt\/wp-json\/wp\/v2\/media?parent=268759"}],"wp:term":[{"taxonomy":"product_brand","embeddable":true,"href":"https:\/\/baldumarket.lt\/lt\/wp-json\/wp\/v2\/product_brand?post=268759"},{"taxonomy":"product_cat","embeddable":true,"href":"https:\/\/baldumarket.lt\/lt\/wp-json\/wp\/v2\/product_cat?post=268759"},{"taxonomy":"product_tag","embeddable":true,"href":"https:\/\/baldumarket.lt\/lt\/wp-json\/wp\/v2\/product_tag?post=268759"}],"curies":[{"name":"wp","href":"https:\/\/api.w.org\/{rel}","templated":true}]}}