{"id":268755,"date":"2026-01-14T00:58:23","date_gmt":"2026-01-13T21:58:23","guid":{"rendered":"https:\/\/baldumarket.lt\/product\/szafka-wiszaca-otwarta-nuis-135-cm-dab-wotan\/"},"modified":"2026-02-11T18:17:43","modified_gmt":"2026-02-11T15:17:43","slug":"szafka-wiszaca-otwarta-nuis-135-cm-dab-wotan","status":"publish","type":"product","link":"https:\/\/baldumarket.lt\/lt\/produktas\/szafka-wiszaca-otwarta-nuis-135-cm-dab-wotan\/","title":{"rendered":"NUIS atvira sienin\u0117 spintel\u0117 135 cm \u0105\u017euolas"},"content":{"rendered":"<p>\u201eNuis\u201c pakabinama spintel\u0117 \u2013 stilinga knyg\u0173 lentyna j\u016bs\u0173 sienai. Jei svajojate apie funkcional\u0173 ir stiling\u0105 dekoratyvin\u012f element\u0105 savo sienai, \u201eNuis\u201c pakabinama spintel\u0117 pateisins j\u016bs\u0173 l\u016bkes\u010dius. Paprastas ir klasikinis dizainas, derinamas su madinga \u201eWotan\u201c \u0105\u017euolo spalva, suteikia j\u016bs\u0173 interjerui charakterio, puikiai papildydamas kaimi\u0161k\u0105, industrin\u012f ar skandinavi\u0161k\u0105 stili\u0173. \u201eNuis\u201c pakabinama spintel\u0117 pasi\u017eymi d\u0117\u017eut\u0117s formos dizainu, suteikian\u010diu jai klasikin\u0119 i\u0161vaizd\u0105. Tuo pa\u010diu metu madinga \u201eWotan\u201c \u0105\u017euolo spalva suteikia jai modernumo ir puikiai papildo \u012fvairius interjero dizainus. \u0160i spintel\u0117, kurios matmenys yra 135 x 29 x 37,5 cm, puikiai tinka kaip patogi knyg\u0173 lentyna. Joje gal\u0117site eksponuoti m\u0117gstamas knygas, keramik\u0105, nuotraukas ar net sporto trof\u0117jus. Tai ne tik prakti\u0161kas elementas, bet ir dekoratyvinis sienos papuo\u0161alas. \u201eNuis\u201c pakabinama spintel\u0117 puikiai der\u0117s \u012fvairiose j\u016bs\u0173 nam\u0173 vietose. Ji sukurs unikal\u0173 i\u0161d\u0117stym\u0105 vir\u0161 lovos, sofos svetain\u0117je ar stalo paauglio kambaryje. Paprastas dizainas atveria daug galimybi\u0173 k\u016brybi\u0161kai derinti su kitais baldais, sukuriant darni\u0105 kompozicij\u0105. Jei ie\u0161kote eleganti\u0161ko svetain\u0117s, miegamojo ar darbo kambario papildymo, \u201eNuis\u201c sienin\u0117 spintel\u0117 yra puikus pasirinkimas. Atvira ir erdvi, ji leid\u017eia pilnai i\u0161naudoti sienos potencial\u0105, tapdama ne tik funkcionaliu, bet ir esteti\u0161kai patraukliu j\u016bs\u0173 interjero elementu.<\/p>\n<p>Prek\u0117s kodas S396-SFW\/135-DWO Simbolis ZM EAN Plotis 135 cm Gylis 29 cm Auk\u0161tis 37,5 cm Kolekcija \u201eNuis\u201c Spalva wotano \u0105\u017euolas Gaubtas \u0161viesi mediena Stilius modernus Med\u017eiaga laminatas Gamintojas Juoda Raudona Balta Baldo tipas Lentynos PVM 23% EAN 5906123929721<\/p>","protected":false},"excerpt":{"rendered":"<p>\u201eNuis\u201c pakabinama spintel\u0117 \u2013 stilinga knyg\u0173 lentyna j\u016bs\u0173 sienai. Jei svajojate apie funkcional\u0173 ir stiling\u0105 dekoratyvin\u012f element\u0105 savo sienai, \u201eNuis\u201c pakabinama spintel\u0117 pateisins j\u016bs\u0173 l\u016bkes\u010dius. Paprastas ir klasikinis dizainas, derinamas su madinga \u201eWotan\u201c \u0105\u017euolo spalva, suteikia j\u016bs\u0173 interjerui charakterio, puikiai papildydamas kaimi\u0161k\u0105, industrin\u012f ar skandinavi\u0161k\u0105 stili\u0173. [\u2026]<\/p>","protected":false},"featured_media":268756,"comment_status":"open","ping_status":"open","template":"","meta":[],"product_brand":[],"product_cat":[9200,1174],"product_tag":[],"class_list":{"0":"post-268755","1":"product","2":"type-product","3":"status-publish","4":"has-post-thumbnail","6":"product_cat-black-red-white","7":"product_cat-hanging-shelves","9":"first","10":"instock","11":"purchasable","12":"product-type-simple"},"_links":{"self":[{"href":"https:\/\/baldumarket.lt\/lt\/wp-json\/wp\/v2\/product\/268755","targetHints":{"allow":["GET"]}}],"collection":[{"href":"https:\/\/baldumarket.lt\/lt\/wp-json\/wp\/v2\/product"}],"about":[{"href":"https:\/\/baldumarket.lt\/lt\/wp-json\/wp\/v2\/types\/product"}],"replies":[{"embeddable":true,"href":"https:\/\/baldumarket.lt\/lt\/wp-json\/wp\/v2\/comments?post=268755"}],"wp:featuredmedia":[{"embeddable":true,"href":"https:\/\/baldumarket.lt\/lt\/wp-json\/wp\/v2\/media\/268756"}],"wp:attachment":[{"href":"https:\/\/baldumarket.lt\/lt\/wp-json\/wp\/v2\/media?parent=268755"}],"wp:term":[{"taxonomy":"product_brand","embeddable":true,"href":"https:\/\/baldumarket.lt\/lt\/wp-json\/wp\/v2\/product_brand?post=268755"},{"taxonomy":"product_cat","embeddable":true,"href":"https:\/\/baldumarket.lt\/lt\/wp-json\/wp\/v2\/product_cat?post=268755"},{"taxonomy":"product_tag","embeddable":true,"href":"https:\/\/baldumarket.lt\/lt\/wp-json\/wp\/v2\/product_tag?post=268755"}],"curies":[{"name":"wp","href":"https:\/\/api.w.org\/{rel}","templated":true}]}}