{"id":268752,"date":"2026-01-14T00:58:21","date_gmt":"2026-01-13T21:58:21","guid":{"rendered":"https:\/\/baldumarket.lt\/product\/szafka-wiszaca-otwarta-nepo-plus-77-cm-dab-sonoma\/"},"modified":"2026-02-11T18:17:43","modified_gmt":"2026-02-11T15:17:43","slug":"szafka-wiszaca-otwarta-nepo-plus-77-cm-dab-sonoma","status":"publish","type":"product","link":"https:\/\/baldumarket.lt\/lt\/produktas\/szafka-wiszaca-otwarta-nepo-plus-77-cm-dab-sonoma\/","title":{"rendered":"NEPO PLUS atvira sienin\u0117 spintel\u0117 77 cm, Sonoma \u0105\u017euolas"},"content":{"rendered":"<p>\u201eNepo Plus\u201c pakabinama spintel\u0117 \u2013 j\u016bs\u0173 vieta eksponuoti daiktus. Jei m\u0117gstate modern\u0173 interjer\u0105 ir vertinate paprastas, ergonomi\u0161kas formas, jums tikrai patiks \u201eNepo Plus\u201c kolekcija. \u201eNepo Plus\u201c pakabinama spintel\u0117 suteikia bet kokiam interjerui charakterio ir funkcionalumo. \u0160i spintel\u0117 pasi\u017eymi unikaliu dizainu, primenan\u010diu mini \u0161achmat\u0173 lent\u0105. J\u0105 sudaro keturios simetri\u0161kos, kvadratin\u0117s lentynos, kurios vizualiai sutvarko erdv\u0119. Tai puikus sprendimas eksponuoti m\u0117gstamas dekoracijas, knygas ar kitus daiktus, kuriuos norite tur\u0117ti po ranka. Su \u201eNepo Plus\u201c spintele j\u016bs\u0173 interjeras \u012fgis unikal\u0173 charakter\u012f ir taps funkcionalesnis. \u201eNepo Plus\u201c kolekcija suteikia pasirinkimo laisv\u0119 ir galimyb\u0119 kurti unikalius i\u0161d\u0117stymus, pritaikytus j\u016bs\u0173 individualiems poreikiams. Plati spalv\u0173 palet\u0117 leid\u017eia pasirinkti tinkam\u0105 spalvos variant\u0105, kuris geriausiai papildys likus\u012f j\u016bs\u0173 interjer\u0105. Galite pritaikyti spintel\u0119 pagal savo stili\u0173 ir pageidavimus. \u201eNepo Plus\u201c pakabinama spintel\u0117 yra ne tik prakti\u0161kas sprendimas daiktams laikyti ir eksponuoti, bet ir dekoratyvinis elementas, suteikiantis j\u016bs\u0173 interjerui charakterio. Minimalistinis dizainas ir simetri\u0161kos lentynos atitinka \u0161iuolaikines interjero dizaino tendencijas ir suteikia kambariui elegancijos. Trumpai tariant, \u201eNepo Plus\u201c pakabinama spintel\u0117 yra puikus sprendimas tiems, kurie nori pa\u012fvairinti savo interjer\u0105 ir sukurti funkcionali\u0105 erdv\u0119 m\u0117gstamiausiems daiktams eksponuoti. D\u0117l \u012fvairios spalv\u0173 palet\u0117s ir minimalistinio dizaino \u0161i spintel\u0117 taps ne tik prakti\u0161ku baldu, bet ir dekoratyviniu elementu j\u016bs\u0173 namuose. \u201eNepo Plus\u201c pakabinama spintel\u0117 \u2013 i\u0161siskirs ir suteiks j\u016bs\u0173 interjerui unikal\u0173 charakter\u012f.<\/p>\n<p>Prek\u0117s kodas S435-SFW\/8\/8-DSO Simbolis ZM EAN Plotis 77 cm Gylis 32 cm Auk\u0161tis 74,5 cm Kolekcija \u201eNepo Plus\u201c Spalva Sonoma \u0105\u017euolas Gaubtas \u0161viesios medienos Stilius modernus Gamintojas Juoda Raudona Balta Bald\u0173 tipas Lentynos PVM 23% EAN 5906123950695<\/p>","protected":false},"excerpt":{"rendered":"<p>\u201eNepo Plus\u201c pakabinama spintel\u0117 \u2013 j\u016bs\u0173 vieta eksponuoti. Jei m\u0117gstate modern\u0173 interjer\u0105 ir vertinate paprastas, ergonomi\u0161kas formas, jums tikrai patiks \u201eNepo Plus\u201c kolekcija. \u201eNepo Plus\u201c pakabinama spintel\u0117 suteikia bet kokiam interjerui charakterio ir funkcionalumo. \u0160i spintel\u0117 pasi\u017eymi unikaliu dizainu, primenan\u010diu mini \u0161achmat\u0173 lent\u0105. J\u0105 sudaro keturios simetri\u0161kos, [\u2026]<\/p>","protected":false},"featured_media":268753,"comment_status":"open","ping_status":"open","template":"","meta":[],"product_brand":[],"product_cat":[9200,1174],"product_tag":[],"class_list":{"0":"post-268752","1":"product","2":"type-product","3":"status-publish","4":"has-post-thumbnail","6":"product_cat-black-red-white","7":"product_cat-hanging-shelves","9":"first","10":"instock","11":"purchasable","12":"product-type-simple"},"_links":{"self":[{"href":"https:\/\/baldumarket.lt\/lt\/wp-json\/wp\/v2\/product\/268752","targetHints":{"allow":["GET"]}}],"collection":[{"href":"https:\/\/baldumarket.lt\/lt\/wp-json\/wp\/v2\/product"}],"about":[{"href":"https:\/\/baldumarket.lt\/lt\/wp-json\/wp\/v2\/types\/product"}],"replies":[{"embeddable":true,"href":"https:\/\/baldumarket.lt\/lt\/wp-json\/wp\/v2\/comments?post=268752"}],"wp:featuredmedia":[{"embeddable":true,"href":"https:\/\/baldumarket.lt\/lt\/wp-json\/wp\/v2\/media\/268753"}],"wp:attachment":[{"href":"https:\/\/baldumarket.lt\/lt\/wp-json\/wp\/v2\/media?parent=268752"}],"wp:term":[{"taxonomy":"product_brand","embeddable":true,"href":"https:\/\/baldumarket.lt\/lt\/wp-json\/wp\/v2\/product_brand?post=268752"},{"taxonomy":"product_cat","embeddable":true,"href":"https:\/\/baldumarket.lt\/lt\/wp-json\/wp\/v2\/product_cat?post=268752"},{"taxonomy":"product_tag","embeddable":true,"href":"https:\/\/baldumarket.lt\/lt\/wp-json\/wp\/v2\/product_tag?post=268752"}],"curies":[{"name":"wp","href":"https:\/\/api.w.org\/{rel}","templated":true}]}}