{"id":268748,"date":"2026-01-14T00:58:17","date_gmt":"2026-01-13T21:58:17","guid":{"rendered":"https:\/\/baldumarket.lt\/product\/szafka-wiszaca-otwarta-nepo-plus-77-cm-dab-noble\/"},"modified":"2026-02-11T18:17:43","modified_gmt":"2026-02-11T15:17:43","slug":"szafka-wiszaca-otwarta-nepo-plus-77-cm-dab-noble","status":"publish","type":"product","link":"https:\/\/baldumarket.lt\/lt\/produktas\/szafka-wiszaca-otwarta-nepo-plus-77-cm-dab-noble\/","title":{"rendered":"NEPO PLUS atvira sienin\u0117 spintel\u0117 77 cm, kilnus \u0105\u017euolas"},"content":{"rendered":"<p>\u201eNepo Plus\u201c pakabinama spintel\u0117 \u2013 funkcionali erdv\u0117 dekoracijoms. \u201eNepo Plus\u201c kolekcija \u2013 puikus pasirinkimas modernaus interjero m\u0117g\u0117jams, vertinantiems paprastas formas ir funkcionalius baldus. Patogumas ir funkcionalumas<br \/>\n\u201eNepo Plus\u201c pakabinama spintel\u0117 yra ne tik prakti\u0161kas, bet ir dekoratyvus elementas. Keturios simetri\u0161kos, kvadratin\u0117s lentynos primena \u0161achmat\u0173 lent\u0105, vizualiai sutvarkydamos erdv\u0119 ir sukurdamos puiki\u0105 viet\u0105 dekoracijoms, nuotraukoms ar augalams eksponuoti. Spintel\u0117s pakabinimas vir\u0161 komodos ar kito \u201eNepo Plus\u201c kolekcijos baldo leid\u017eia maksimaliai i\u0161naudoti sienos erdv\u0119. Stilius ir patvarumas<br \/>\nSant\u016bri kilnaus \u0105\u017euolo spalv\u0173 gama pabr\u0117\u017eia modern\u0173 spintel\u0117s charakter\u012f, o pastorintas r\u0117mas suteikia elegancijos ir stabilumo. Paprastos formos ir gerai apgalvotas dizainas puikiai papildo minimalistin\u012f, ta\u010diau i\u0161rai\u0161king\u0105 interjer\u0105. Ypatyb\u0117s: Keturios kvadratin\u0117s lentynos \u2013 puikiai tinka dekoracijoms eksponuoti ir erdvei organizuoti. Kilnaus \u0105\u017euolo spalva \u2013 moderni ir eleganti\u0161ka i\u0161vaizda. Pastorintas r\u0117mas \u2013 tvirtumas ir esteti\u0161kas meistri\u0161kumas. Kompakti\u0161ki matmenys \u2013 idealus sprendimas ma\u017eesn\u0117ms erdv\u0117ms. Universalus montavimas \u2013 puikiai tinka svetainei, jaunimo kambariui, biurui ar prie\u0161kambariui. Santrauka<br \/>\n\u201eNepo Plus\u201c pakabinama spintel\u0117 yra funkcionalus modernaus interjero papildymas, derinantis estetik\u0105 su prakti\u0161kumu. D\u0117l gerai apgalvoto dizaino ir lanks\u010di\u0173 i\u0161d\u0117stymo galimybi\u0173 ji puikiai tinka dekoracijoms ir kasdieniams daiktams laikyti. Derinkite j\u0105 su kitais \u201eNepo Plus\u201c kolekcijos elementais, kad sukurtum\u0117te darni\u0105 ir ergonomi\u0161k\u0105 erdv\u0119.<\/p>\n<p>Prek\u0117s kodas S435-SFW\/8\/8-DNO Plotis 77 cm Gylis 32 cm Auk\u0161tis 74,5 cm Kolekcija \u201eNepo Plus\u201c Spalva kilnus \u0105\u017euolas Atspalvis tamsi mediena Stilius modernus Med\u017eiaga laminatas Dureli\u0173 skai\u010dius be dur\u0173 Stal\u010di\u0173 skai\u010dius be stal\u010di\u0173 Gamintojas Juoda Raudona Balta Baldo tipas Lentynos PVM 23% EAN 5906123061612<\/p>","protected":false},"excerpt":{"rendered":"<p>\u201eNepo Plus\u201c pakabinama spintel\u0117 \u2013 funkcionali erdv\u0117 dekoracijoms. \u201eNepo Plus\u201c kolekcija \u2013 puikus pasirinkimas modernaus interjero m\u0117g\u0117jams, vertinantiems paprastas formas ir funkcionalius baldus. Patogumas ir funkcionalumas. \u201eNepo Plus\u201c pakabinama spintel\u0117 yra ne tik prakti\u0161kas, bet ir dekoratyvus elementas. Keturios simetri\u0161kos, kvadratin\u0117s lentynos primena \u0161achmat\u0173 lent\u0105, vizualiai [\u2026]<\/p>","protected":false},"featured_media":268749,"comment_status":"open","ping_status":"open","template":"","meta":[],"product_brand":[],"product_cat":[9200,1174],"product_tag":[],"class_list":{"0":"post-268748","1":"product","2":"type-product","3":"status-publish","4":"has-post-thumbnail","6":"product_cat-black-red-white","7":"product_cat-hanging-shelves","9":"first","10":"instock","11":"purchasable","12":"product-type-simple"},"_links":{"self":[{"href":"https:\/\/baldumarket.lt\/lt\/wp-json\/wp\/v2\/product\/268748","targetHints":{"allow":["GET"]}}],"collection":[{"href":"https:\/\/baldumarket.lt\/lt\/wp-json\/wp\/v2\/product"}],"about":[{"href":"https:\/\/baldumarket.lt\/lt\/wp-json\/wp\/v2\/types\/product"}],"replies":[{"embeddable":true,"href":"https:\/\/baldumarket.lt\/lt\/wp-json\/wp\/v2\/comments?post=268748"}],"wp:featuredmedia":[{"embeddable":true,"href":"https:\/\/baldumarket.lt\/lt\/wp-json\/wp\/v2\/media\/268749"}],"wp:attachment":[{"href":"https:\/\/baldumarket.lt\/lt\/wp-json\/wp\/v2\/media?parent=268748"}],"wp:term":[{"taxonomy":"product_brand","embeddable":true,"href":"https:\/\/baldumarket.lt\/lt\/wp-json\/wp\/v2\/product_brand?post=268748"},{"taxonomy":"product_cat","embeddable":true,"href":"https:\/\/baldumarket.lt\/lt\/wp-json\/wp\/v2\/product_cat?post=268748"},{"taxonomy":"product_tag","embeddable":true,"href":"https:\/\/baldumarket.lt\/lt\/wp-json\/wp\/v2\/product_tag?post=268748"}],"curies":[{"name":"wp","href":"https:\/\/api.w.org\/{rel}","templated":true}]}}