{"id":268733,"date":"2026-01-14T00:58:05","date_gmt":"2026-01-13T21:58:05","guid":{"rendered":"https:\/\/baldumarket.lt\/product\/szafka-wiszaca-otwarta-balder-120-cm-dab-riviera-bialy-polysk\/"},"modified":"2026-02-11T18:17:43","modified_gmt":"2026-02-11T15:17:43","slug":"szafka-wiszaca-otwarta-balder-120-cm-dab-riviera-bialy-polysk","status":"publish","type":"product","link":"https:\/\/baldumarket.lt\/lt\/produktas\/szafka-wiszaca-otwarta-balder-120-cm-dab-riviera-bialy-polysk\/","title":{"rendered":"BALDER atvira sienin\u0117 spintel\u0117 120 cm Riviera \u0105\u017euolas\/blizgi balta"},"content":{"rendered":"<p>\u201eBalder\u201c pakabinama spintel\u0117. \u201eBalder\u201c pakabinama spintel\u0117 \u2013 puikus modernaus interjero, kuriam b\u016bdingas paprastumas ir elegancija, papildymas ir organizavimas. Jei tr\u016bksta vietos eksponavimui, \u201eBalder\u201c pakabinama spintel\u0117 yra puikus sprendimas. Dvi atviros lentynos leid\u017eia laikyti knygas, kompaktinius diskus ir dekoratyvinius daiktus, efektyviai eksponuojant m\u0117gstamiausius daiktus. \u0160i spintel\u0117 puikiai papildo \u201eBalder\u201c kolekcijos komodas, ra\u0161omuosius stalus ir televizoriaus staliukus. Geometrines \u201eBalder\u201c bald\u0173 linijas ir i\u0161skirtin\u012f dizain\u0105 pabr\u0117\u017eia pastorintos korpuso lentos, suteikian\u010dios modernumo. \u0160iltas \u201eRiviera Oak\u201c atspalvis puikiai papildo likusi\u0105 kolekcijos dal\u012f, sukurdamas viening\u0105 pagrind\u0105 visoms dekoracijoms. Derindami \u201eBalder\u201c pakabinam\u0105 spintel\u0119 su kitais kolekcijos elementais, galite sukurti darn\u0173 interjero dizain\u0105, garantuojant\u012f stilistin\u0119 harmonij\u0105 svetain\u0117je, miegamajame ar jaunimo kambaryje. \u201eBalder\u201c kolekcija, d\u0117ka \u012fvairi\u0173 moduli\u0173, leid\u017eia lanks\u010diai \u012frengti baldus ir pritaikyti interjer\u0105 pagal j\u016bs\u0173 pageidavimus.<\/p>\n<p>Prek\u0117s kodas S382-SFW\/120-DRI Simbolis ZM EAN Plotis 120 cm Gylis 31,5 cm Auk\u0161tis 31,5 cm Kolekcija Balder Spalva Rivjeros \u0105\u017euolas Atspalvis \u0161viesi mediena Stilius modernus Med\u017eiaga laminatas Gamintojas Juoda Raudona Balta Bald\u0173 tipas Lentynos PVM 23% EAN 5906123928274<\/p>","protected":false},"excerpt":{"rendered":"<p>\u201eBalder\u201c pakabinama spintel\u0117. \u201eBalder\u201c pakabinama spintel\u0117 puikiai papildo ir sutvarko \u0161iuolaikin\u012f interjer\u0105, kuriam b\u016bdingas paprastumas ir elegancija. Jei tr\u016bksta vietos eksponavimui, \u201eBalder\u201c pakabinama spintel\u0117 yra puikus sprendimas. Dvi atviros lentynos leid\u017eia laikyti knygas, kompaktinius diskus ir dekoratyvinius daiktus, tod\u0117l galite efektyviai eksponuoti savo m\u0117gstamiausius [\u2026]<\/p>","protected":false},"featured_media":268734,"comment_status":"open","ping_status":"open","template":"","meta":[],"product_brand":[],"product_cat":[9200,1174],"product_tag":[],"class_list":{"0":"post-268733","1":"product","2":"type-product","3":"status-publish","4":"has-post-thumbnail","6":"product_cat-black-red-white","7":"product_cat-hanging-shelves","9":"first","10":"instock","11":"purchasable","12":"product-type-simple"},"_links":{"self":[{"href":"https:\/\/baldumarket.lt\/lt\/wp-json\/wp\/v2\/product\/268733","targetHints":{"allow":["GET"]}}],"collection":[{"href":"https:\/\/baldumarket.lt\/lt\/wp-json\/wp\/v2\/product"}],"about":[{"href":"https:\/\/baldumarket.lt\/lt\/wp-json\/wp\/v2\/types\/product"}],"replies":[{"embeddable":true,"href":"https:\/\/baldumarket.lt\/lt\/wp-json\/wp\/v2\/comments?post=268733"}],"wp:featuredmedia":[{"embeddable":true,"href":"https:\/\/baldumarket.lt\/lt\/wp-json\/wp\/v2\/media\/268734"}],"wp:attachment":[{"href":"https:\/\/baldumarket.lt\/lt\/wp-json\/wp\/v2\/media?parent=268733"}],"wp:term":[{"taxonomy":"product_brand","embeddable":true,"href":"https:\/\/baldumarket.lt\/lt\/wp-json\/wp\/v2\/product_brand?post=268733"},{"taxonomy":"product_cat","embeddable":true,"href":"https:\/\/baldumarket.lt\/lt\/wp-json\/wp\/v2\/product_cat?post=268733"},{"taxonomy":"product_tag","embeddable":true,"href":"https:\/\/baldumarket.lt\/lt\/wp-json\/wp\/v2\/product_tag?post=268733"}],"curies":[{"name":"wp","href":"https:\/\/api.w.org\/{rel}","templated":true}]}}