{"id":268721,"date":"2026-01-14T00:57:54","date_gmt":"2026-01-13T21:57:54","guid":{"rendered":"https:\/\/baldumarket.lt\/product\/szafka-wiszaca-okapowa-50x30-cm-junona-line-dab-bernstein-grafit\/"},"modified":"2026-02-11T18:17:43","modified_gmt":"2026-02-11T15:17:43","slug":"szafka-wiszaca-okapowa-50x30-cm-junona-line-dab-bernstein-grafit","status":"publish","type":"product","link":"https:\/\/baldumarket.lt\/lt\/produktas\/szafka-wiszaca-okapowa-50x30-cm-junona-line-dab-bernstein-grafit\/","title":{"rendered":"Pakabinama spintel\u0117 su gaubtu, 50\u00d730 cm, JUNONA LINE, bernstein \u0105\u017euolas\/grafitas"},"content":{"rendered":"<p>50 cm vir\u0161utinis gartraukis yra sumanus virtuv\u0117s organizavimo sprendimas. Jo vieta vir\u0161 virykl\u0117s suteikia puiki\u0105 daikt\u0173 laikymo viet\u0105. J\u012f galite naudoti vaistams, nam\u0173 medicinos \u012frangai ar kitiems priedams laikyti. Jis taip pat yra ideali vieta indams, stiklin\u0117ms, puodeliams ar puodeliams laikyti. 50 x 30 cm vir\u0161utinis gartraukis puikiai papildo virykl\u0119 arba tokio pat plo\u010dio apatin\u0119 spintel\u0119. Jo priekis pakreipiamas \u012f vir\u0161\u0173, tod\u0117l lengva pasiekti jo turin\u012f. \u201eJunona Line\u201c kolekcija pasi\u017eymi prislopinto \u0105\u017euolo spalvos korpusu, kuris puikiai dera su grafito spalvos r\u0117mu. Moderni juoda rankena u\u017ebaigia i\u0161vaizd\u0105. Naudodami \u201eJunona Line\u201c kolekcijos baldus, galite susikurti virtuv\u0119, kuri atitikt\u0173 j\u016bs\u0173 l\u016bkes\u010dius ir u\u017etikrint\u0173 prakti\u0161k\u0105 erdv\u0117s padalijim\u0105. \u201eJunona Line\u201c modulin\u0117 virtuv\u0117s sistema si\u016blo daugyb\u0119 variant\u0173, leid\u017eian\u010di\u0173 pritaikyti virtuv\u0119 pagal savo poreikius ir pageidavimus.<\/p>\n<p>Prek\u0117s kodas K24-GO\/50\/30-DBT\/GF Plotis 50 cm Gylis 30,5 cm Auk\u0161tis 30 cm Kolekcija Junona Line Spalva bernstein \u0105\u017euolas\/grafitas Gaubtas grafitas Skandinavi\u0161ko stiliaus Med\u017eiaga laminatas Korpusas laminatas Priekin\u0117 dalis laminatas Dureli\u0173 skai\u010dius 1 dur\u0173 Rankena su ranken\u0117l\u0117mis Ap\u0161vietimas pasirenkamas Gamintojas Juoda Raudona Balta Baldo tipas Virtuv\u0117s spintel\u0117s PVM 23% EAN 5906123047210<\/p>","protected":false},"excerpt":{"rendered":"<p>50 cm auk\u0161\u010dio vir\u0161utinis gartraukis yra sumanus virtuv\u0117s organizavimo sprendimas. Jo vieta vir\u0161 virykl\u0117s suteikia jam puiki\u0105 viet\u0105 daiktams laikyti. J\u012f galite naudoti vaistams, nam\u0173 medicinos \u012frangai ar kitiems priedams laikyti. Jis taip pat yra ideali vieta indams, stiklin\u0117ms, puodeliams ar puodeliams laikyti. 50 x 30 cm [\u2026]<\/p>","protected":false},"featured_media":268722,"comment_status":"open","ping_status":"open","template":"","meta":[],"product_brand":[],"product_cat":[9200,9118],"product_tag":[],"class_list":{"0":"post-268721","1":"product","2":"type-product","3":"status-publish","4":"has-post-thumbnail","6":"product_cat-black-red-white","7":"product_cat-kitchen-cabinets","9":"first","10":"instock","11":"purchasable","12":"product-type-simple"},"_links":{"self":[{"href":"https:\/\/baldumarket.lt\/lt\/wp-json\/wp\/v2\/product\/268721","targetHints":{"allow":["GET"]}}],"collection":[{"href":"https:\/\/baldumarket.lt\/lt\/wp-json\/wp\/v2\/product"}],"about":[{"href":"https:\/\/baldumarket.lt\/lt\/wp-json\/wp\/v2\/types\/product"}],"replies":[{"embeddable":true,"href":"https:\/\/baldumarket.lt\/lt\/wp-json\/wp\/v2\/comments?post=268721"}],"wp:featuredmedia":[{"embeddable":true,"href":"https:\/\/baldumarket.lt\/lt\/wp-json\/wp\/v2\/media\/268722"}],"wp:attachment":[{"href":"https:\/\/baldumarket.lt\/lt\/wp-json\/wp\/v2\/media?parent=268721"}],"wp:term":[{"taxonomy":"product_brand","embeddable":true,"href":"https:\/\/baldumarket.lt\/lt\/wp-json\/wp\/v2\/product_brand?post=268721"},{"taxonomy":"product_cat","embeddable":true,"href":"https:\/\/baldumarket.lt\/lt\/wp-json\/wp\/v2\/product_cat?post=268721"},{"taxonomy":"product_tag","embeddable":true,"href":"https:\/\/baldumarket.lt\/lt\/wp-json\/wp\/v2\/product_tag?post=268721"}],"curies":[{"name":"wp","href":"https:\/\/api.w.org\/{rel}","templated":true}]}}