{"id":268701,"date":"2026-01-14T00:57:36","date_gmt":"2026-01-13T21:57:36","guid":{"rendered":"https:\/\/baldumarket.lt\/product\/szafka-wiszaca-narozna-60x57-cm-junona-line-dab-bernstein-dab-bernstein\/"},"modified":"2026-02-11T18:17:44","modified_gmt":"2026-02-11T15:17:44","slug":"szafka-wiszaca-narozna-60x57-cm-junona-line-dab-bernstein-dab-bernstein","status":"publish","type":"product","link":"https:\/\/baldumarket.lt\/lt\/produktas\/szafka-wiszaca-narozna-60x57-cm-junona-line-dab-bernstein-dab-bernstein\/","title":{"rendered":"Kampin\u0117 pakabinama spintel\u0117, 60\u00d757 cm, JUNONA LINE, \u0105\u017euolo spalvos, Bernsteino imitacija\/\u0105\u017euolo spalvos"},"content":{"rendered":"<p>\u201eJunona Line\u201c 60 cm kampin\u0117 vir\u0161utin\u0117 spintel\u0117: i\u0161manus sprendimas, kaip i\u0161naudoti virtuv\u0117s kampin\u0119 erdv\u0119. Ji leid\u017eia panaudoti da\u017enai nenaudojam\u0105 kampin\u0119 erdv\u0119. \u0160i spintel\u0117 suteikia papildomos vietos \u012fvairiems daiktams, pavyzd\u017eiui, indams, kavai, arbatai ir kitiems biriems produktams, laikyti. Tai puikus b\u016bdas maksimaliai i\u0161naudoti virtuv\u0117s erdv\u0119. \u201eJunona Line\u201c kampin\u0117s vir\u0161utin\u0117s spintel\u0117s matmenys yra 60x60x57 cm, tod\u0117l ji tinka daugumai virtuvi\u0173. Be to, j\u0105 galima montuoti tiek de\u0161iniarankiams, tiek kairiarankiams, pritaikant j\u0105 prie individuali\u0173 poreiki\u0173 ir virtuv\u0117s i\u0161planavimo. \u201eJunona Line\u201c kampin\u0117 spintel\u0117 i\u0161siskiria prislopintomis spalvomis. \u201eBernstein Oak\u201c korpusas ir fasadas sukuria nesenstant\u012f vaizd\u0105, kuris dera prie daugelio interjero stili\u0173. Kontrastinga juoda rankena suteikia modernumo. Pasirink\u0119 \u0161\u012f variant\u0105, j\u016bs\u0173 virtuv\u0117 gali b\u016bti eleganti\u0161ka ir funkcionali. Su \u201eJunona Line\u201c kolekcija galite susikurti virtuv\u0119, kuri atitikt\u0173 j\u016bs\u0173 l\u016bkes\u010dius ir prisitaikyt\u0173 prie j\u016bs\u0173 \u0161eimos poreiki\u0173. Rasite daug sprendim\u0173, kurie pad\u0117s jums sumaniai organizuoti savo virtuv\u0117s erdv\u0119.<\/p>\n<p>Prek\u0117s kodas K24-GNWU\/57_LP-DBT Plotis 60 cm Gylis 60 cm Auk\u0161tis 57,3 cm Kolekcija Junona Line Spalva bernstein \u0105\u017euolas Gaubtas \u0161viesi mediena Stilius modernus Med\u017eiaga laminatas Korpusas laminatas Priekin\u0117 dalis laminatas Dureli\u0173 skai\u010dius 1 dur\u0173 Rankena su ranken\u0117l\u0117mis Ap\u0161vietimas pasirenkamas Gamintojas Juoda Raudona Balta Baldo tipas Virtuv\u0117s spintel\u0117s PVM 23% EAN 5906123047173<\/p>","protected":false},"excerpt":{"rendered":"<p>\u201eJunona Line\u201c 60 cm kampin\u0117 vir\u0161utin\u0117 spintel\u0117: i\u0161manus sprendimas, kaip i\u0161naudoti virtuv\u0117s kampin\u0119 erdv\u0119. Ji leid\u017eia i\u0161naudoti da\u017enai nenaudojam\u0105 kampin\u0119 erdv\u0119. \u0160i spintel\u0117 suteikia papildomos vietos \u012fvairiems daiktams, pavyzd\u017eiui, indams, kavai, arbatai ir kitiems biriems produktams, laikyti. Tai puikus b\u016bdas maksimaliai i\u0161naudoti turim\u0105 erdv\u0119 [\u2026]<\/p>","protected":false},"featured_media":268702,"comment_status":"open","ping_status":"open","template":"","meta":[],"product_brand":[],"product_cat":[9200,9118],"product_tag":[],"class_list":{"0":"post-268701","1":"product","2":"type-product","3":"status-publish","4":"has-post-thumbnail","6":"product_cat-black-red-white","7":"product_cat-kitchen-cabinets","9":"first","10":"instock","11":"purchasable","12":"product-type-simple"},"_links":{"self":[{"href":"https:\/\/baldumarket.lt\/lt\/wp-json\/wp\/v2\/product\/268701","targetHints":{"allow":["GET"]}}],"collection":[{"href":"https:\/\/baldumarket.lt\/lt\/wp-json\/wp\/v2\/product"}],"about":[{"href":"https:\/\/baldumarket.lt\/lt\/wp-json\/wp\/v2\/types\/product"}],"replies":[{"embeddable":true,"href":"https:\/\/baldumarket.lt\/lt\/wp-json\/wp\/v2\/comments?post=268701"}],"wp:featuredmedia":[{"embeddable":true,"href":"https:\/\/baldumarket.lt\/lt\/wp-json\/wp\/v2\/media\/268702"}],"wp:attachment":[{"href":"https:\/\/baldumarket.lt\/lt\/wp-json\/wp\/v2\/media?parent=268701"}],"wp:term":[{"taxonomy":"product_brand","embeddable":true,"href":"https:\/\/baldumarket.lt\/lt\/wp-json\/wp\/v2\/product_brand?post=268701"},{"taxonomy":"product_cat","embeddable":true,"href":"https:\/\/baldumarket.lt\/lt\/wp-json\/wp\/v2\/product_cat?post=268701"},{"taxonomy":"product_tag","embeddable":true,"href":"https:\/\/baldumarket.lt\/lt\/wp-json\/wp\/v2\/product_tag?post=268701"}],"curies":[{"name":"wp","href":"https:\/\/api.w.org\/{rel}","templated":true}]}}