{"id":268693,"date":"2026-01-14T00:57:30","date_gmt":"2026-01-13T21:57:30","guid":{"rendered":"https:\/\/baldumarket.lt\/product\/szafka-wiszaca-narozna-60x57-cm-junona-line-bialy-grafit-2\/"},"modified":"2026-02-11T18:17:44","modified_gmt":"2026-02-11T15:17:44","slug":"szafka-wiszaca-narozna-60x57-cm-junona-line-bialy-grafit-2","status":"publish","type":"product","link":"https:\/\/baldumarket.lt\/lt\/produktas\/szafka-wiszaca-narozna-60x57-cm-junona-line-bialy-grafit-2\/","title":{"rendered":"Kampin\u0117 pakabinama spintel\u0117 60\u00d757 cm JUNONA LINE balta\/grafito spalvos"},"content":{"rendered":"<p>Kampin\u0117 vir\u0161utin\u0117 spintel\u0117 i\u0161 \u201eJunona Line\u201c kolekcijos. I\u0161manus sprendimas, kaip i\u0161naudoti virtuv\u0117s kampin\u0119 erdv\u0119. Ji leid\u017eia i\u0161naudoti da\u017enai nenaudojam\u0105 kampin\u0119 erdv\u0119. \u0160i spintel\u0117 suteikia papildomos vietos \u012fvairiems daiktams, pavyzd\u017eiui, indams, kavai, arbatai ir kitiems biriems produktams, laikyti. Tai puikus b\u016bdas maksimaliai i\u0161naudoti virtuv\u0117s erdv\u0119. Kampin\u0117s vir\u0161utin\u0117s spintel\u0117s i\u0161 \u201eJunona Line\u201c kolekcijos matmenys yra 60x60x57 cm, tod\u0117l ji tinka daugumai virtuvi\u0173. Be to, galite pasirinkti de\u0161in\u0117s arba kair\u0117s rankos versij\u0105, pritaikydami j\u0105 prie individuali\u0173 poreiki\u0173 ir virtuv\u0117s i\u0161planavimo. \u201eJunona Line\u201c kolekcija i\u0161siskiria prislopintomis spalvomis. Balti korpusai ir grafito spalvos fasadai sukuria nesenstant\u012f stili\u0173, kuris dera prie daugelio interjero stili\u0173. Kontrastinga rankena suteikia modernumo. \u0160is pasirinkimas leid\u017eia sukurti virtuv\u0119, kuri b\u016bt\u0173 ir eleganti\u0161ka, ir funkcionali. Su \u201eJunona Line\u201c kolekcija galite susikurti virtuv\u0119, kuri atitikt\u0173 j\u016bs\u0173 l\u016bkes\u010dius ir prisitaikyt\u0173 prie j\u016bs\u0173 \u0161eimos poreiki\u0173. Rasite daug sprendim\u0173, kurie pad\u0117s jums sumaniai organizuoti savo virtuv\u0117s erdv\u0119.<\/p>\n<p>Produkto kodas K24-GNWU\/57_LP-BI\/GF Simbolis ZM EAN Plotis 60 cm Gylis 60 cm Auk\u0161tis 57,5 cm Kolekcija Junona Line Spalva balta\/grafitin\u0117 Gaubtas grafitin\u0117 Stilius modernus Korpusas laminatas Priekin\u0117 pl\u0117vel\u0117 Dureli\u0173 skai\u010dius 1 dur\u0173 Rankena su ranken\u0117l\u0117mis Ap\u0161vietimas pasirenkamas Gamintojas Juoda Raudona Balta Baldo tipas Virtuv\u0117s spintel\u0117s PVM 23% EAN 5906123541855<\/p>","protected":false},"excerpt":{"rendered":"<p>Kampin\u0117 vir\u0161utin\u0117 spintel\u0117 i\u0161 \u201eJunona Line\u201c kolekcijos. I\u0161manus sprendimas, kaip i\u0161naudoti virtuv\u0117s kampin\u0119 erdv\u0119. Ji leid\u017eia i\u0161naudoti kampin\u0119 erdv\u0119, kuri da\u017enai lieka nenaudojama. \u0160i spintel\u0117 suteikia papildomos vietos \u012fvairiems daiktams, pavyzd\u017eiui, indams, kavai, arbatai ir kitiems biriems produktams, laikyti. Tai puikus b\u016bdas maksimaliai padidinti [\u2026]<\/p>","protected":false},"featured_media":268694,"comment_status":"open","ping_status":"open","template":"","meta":[],"product_brand":[],"product_cat":[9200,9118],"product_tag":[],"class_list":{"0":"post-268693","1":"product","2":"type-product","3":"status-publish","4":"has-post-thumbnail","6":"product_cat-black-red-white","7":"product_cat-kitchen-cabinets","9":"first","10":"instock","11":"purchasable","12":"product-type-simple"},"_links":{"self":[{"href":"https:\/\/baldumarket.lt\/lt\/wp-json\/wp\/v2\/product\/268693","targetHints":{"allow":["GET"]}}],"collection":[{"href":"https:\/\/baldumarket.lt\/lt\/wp-json\/wp\/v2\/product"}],"about":[{"href":"https:\/\/baldumarket.lt\/lt\/wp-json\/wp\/v2\/types\/product"}],"replies":[{"embeddable":true,"href":"https:\/\/baldumarket.lt\/lt\/wp-json\/wp\/v2\/comments?post=268693"}],"wp:featuredmedia":[{"embeddable":true,"href":"https:\/\/baldumarket.lt\/lt\/wp-json\/wp\/v2\/media\/268694"}],"wp:attachment":[{"href":"https:\/\/baldumarket.lt\/lt\/wp-json\/wp\/v2\/media?parent=268693"}],"wp:term":[{"taxonomy":"product_brand","embeddable":true,"href":"https:\/\/baldumarket.lt\/lt\/wp-json\/wp\/v2\/product_brand?post=268693"},{"taxonomy":"product_cat","embeddable":true,"href":"https:\/\/baldumarket.lt\/lt\/wp-json\/wp\/v2\/product_cat?post=268693"},{"taxonomy":"product_tag","embeddable":true,"href":"https:\/\/baldumarket.lt\/lt\/wp-json\/wp\/v2\/product_tag?post=268693"}],"curies":[{"name":"wp","href":"https:\/\/api.w.org\/{rel}","templated":true}]}}