{"id":268670,"date":"2026-01-14T00:57:10","date_gmt":"2026-01-13T21:57:10","guid":{"rendered":"https:\/\/baldumarket.lt\/product\/szafka-wiszaca-kaspian-1435-cm-bialy\/"},"modified":"2026-02-11T18:17:44","modified_gmt":"2026-02-11T15:17:44","slug":"szafka-wiszaca-kaspian-1435-cm-bialy","status":"publish","type":"product","link":"https:\/\/baldumarket.lt\/lt\/produktas\/szafka-wiszaca-kaspian-1435-cm-bialy\/","title":{"rendered":"KASPIAN pakabinama spintel\u0117 143,5 cm balta"},"content":{"rendered":"<p>\u201eKaspian\u201c lentyna \u2013 tvirtumas ir funkcionalumas moderniu stiliumi. Jei ie\u0161kote bald\u0173, kurie derint\u0173 funkcionalum\u0105, tvirtum\u0105 ir modern\u0173 dizain\u0105, \u201eKaspian\u201c lentyna pateisins j\u016bs\u0173 l\u016bkes\u010dius. \u201eKaspian\u201c baldai yra pasirinkimas tiems, kurie vertina prakti\u0161kum\u0105 ir estetik\u0105. \u0160tai kod\u0117l \u201eKaspian\u201c lentyna nusipelno j\u016bs\u0173 d\u0117mesio:<\/p>\n<p>\u201eKaspian\u201c lentyna i\u0161siskiria unikalia i\u0161vaizda d\u0117l faneros, imituojan\u010dios neapdorotos medienos strukt\u016br\u0105 ir ra\u0161t\u0105. \u0160is sprendimas suteikia baldui charakterio ir elegancijos, i\u0161laikant modern\u0173 dizain\u0105.<\/p>\n<p>Vertikalus lentynos vidaus padalinimas ne tik suteikia estetinio patrauklumo, bet ir sustiprina baldo konstrukcij\u0105. Tai garantuoja, kad lentyna yra patvari ir tarnaus ilgus metus, net ir apkrauta. \u201eKaspian\u201c lentyna sukurta atsi\u017evelgiant \u012f praktin\u012f naudojim\u0105. Maksimali prie sienos tvirtinamos spintel\u0117s apkrova yra iki 10 kg, tod\u0117l ant jos galite d\u0117ti \u012fvairius daiktus, nesijaudindami d\u0117l jos patvarumo. Galimyb\u0117 eksponuoti dekoratyvinius elementus<br \/>\nLentyn\u0173 nebuvimas sukuria idealias s\u0105lygas eksponuoti dekoratyvinius daiktus, \u0161eimos relikvijas ar m\u0117gstamas knygas. \u0160is baldas ne tik tarnauja kaip daikt\u0173 laikymo vieta, bet ir suteikia j\u016bs\u0173 interjerui charakterio bei individualumo. Trumpai tariant, \u201eKaspian\u201c lentyna yra ne tik daikt\u0173 laikymo vieta; tai taip pat dekoratyvinis elementas, puikiai papildantis modern\u0173 stili\u0173. Unikalus dizainas, tvirta konstrukcija, vertikalus vidinis padalinimas ir didel\u0117 keliamoji galia paver\u010dia j\u012f baldu, kuris puikiai atliks savo vaidmen\u012f j\u016bs\u0173 interjere. Taigi, jei ie\u0161kote lentynos, kuri ne tik d\u017eiugint\u0173 savo i\u0161vaizda, bet ir b\u016bt\u0173 prakti\u0161kas sprendimas \u012fvairiems daiktams laikyti ir eksponuoti, \u201eKaspian\u201c lentyna verta d\u0117mesio.<\/p>\n<p>Prek\u0117s kodas S128-SFW\/140-BI Simbolis ZM EAN Plotis 143,5 cm Gylis 30,5 cm Auk\u0161tis 40 cm Kolekcija Kaspian Spalva balta Atspalvis baltas Stilius modernus Gamintojas Juoda Raudona Balta Bald\u0173 tipas Lentynos PVM 23% EAN 5906123920667<\/p>","protected":false},"excerpt":{"rendered":"<p>\u201eKaspian\u201c lentyna \u2013 tvirtumas ir funkcionalumas moderniu stiliumi. Jei ie\u0161kote bald\u0173, kurie derint\u0173 funkcionalum\u0105, tvirtum\u0105 ir modern\u0173 dizain\u0105, \u201eKaspian\u201c lentyna pateisins j\u016bs\u0173 l\u016bkes\u010dius. \u201eKaspian\u201c baldai yra pasirinkimas tiems, kurie vertina prakti\u0161kum\u0105 ir estetik\u0105. \u0160tai kod\u0117l \u201eKaspian\u201c lentyna nusipelno j\u016bs\u0173 d\u0117mesio: \u201eKaspian\u201c lentyna i\u0161siskiria [\u2026]<\/p>","protected":false},"featured_media":268671,"comment_status":"open","ping_status":"open","template":"","meta":[],"product_brand":[],"product_cat":[9200,1174],"product_tag":[],"class_list":{"0":"post-268670","1":"product","2":"type-product","3":"status-publish","4":"has-post-thumbnail","6":"product_cat-black-red-white","7":"product_cat-hanging-shelves","9":"first","10":"instock","11":"purchasable","12":"product-type-simple"},"_links":{"self":[{"href":"https:\/\/baldumarket.lt\/lt\/wp-json\/wp\/v2\/product\/268670","targetHints":{"allow":["GET"]}}],"collection":[{"href":"https:\/\/baldumarket.lt\/lt\/wp-json\/wp\/v2\/product"}],"about":[{"href":"https:\/\/baldumarket.lt\/lt\/wp-json\/wp\/v2\/types\/product"}],"replies":[{"embeddable":true,"href":"https:\/\/baldumarket.lt\/lt\/wp-json\/wp\/v2\/comments?post=268670"}],"wp:featuredmedia":[{"embeddable":true,"href":"https:\/\/baldumarket.lt\/lt\/wp-json\/wp\/v2\/media\/268671"}],"wp:attachment":[{"href":"https:\/\/baldumarket.lt\/lt\/wp-json\/wp\/v2\/media?parent=268670"}],"wp:term":[{"taxonomy":"product_brand","embeddable":true,"href":"https:\/\/baldumarket.lt\/lt\/wp-json\/wp\/v2\/product_brand?post=268670"},{"taxonomy":"product_cat","embeddable":true,"href":"https:\/\/baldumarket.lt\/lt\/wp-json\/wp\/v2\/product_cat?post=268670"},{"taxonomy":"product_tag","embeddable":true,"href":"https:\/\/baldumarket.lt\/lt\/wp-json\/wp\/v2\/product_tag?post=268670"}],"curies":[{"name":"wp","href":"https:\/\/api.w.org\/{rel}","templated":true}]}}