{"id":268667,"date":"2026-01-14T00:57:07","date_gmt":"2026-01-13T21:57:07","guid":{"rendered":"https:\/\/baldumarket.lt\/product\/szafka-wiszaca-holten-156-cm-dab-waterford\/"},"modified":"2026-02-11T18:17:44","modified_gmt":"2026-02-11T15:17:44","slug":"szafka-wiszaca-holten-156-cm-dab-waterford","status":"publish","type":"product","link":"https:\/\/baldumarket.lt\/lt\/produktas\/szafka-wiszaca-holten-156-cm-dab-waterford\/","title":{"rendered":"HOLTEN sienin\u0117 spintel\u0117 156 cm, Waterford \u0105\u017euolas"},"content":{"rendered":"<p>\u201eHolten\u201c sienin\u0117 spintel\u0117 \u2013 eleganti\u0161kas akcentas j\u016bs\u0173 lobiams. Kalbant apie interjero dizain\u0105, kartais pritr\u016bksta baldo, kuris b\u016bt\u0173 ir prakti\u0161kas, ir unikalus dekoratyvinis elementas. \u201eHolten\u201c sienin\u0117 spintel\u0117 yra puikus sprendimas, ne tik papildantis dekor\u0105, bet ir leid\u017eiantis eksponuoti m\u0117gstamiausius daiktus. \u0160i eleganti\u0161ka sienin\u0117 spintel\u0117 turi dvi atviras erdves, puikiai tinkan\u010dias j\u016bs\u0173 lobi\u0173 eksponavimui ir tvarkymui. Tai puiki vieta eksponuoti dekoracijas, suvenyrus, knygas ar kitus nieku\u010dius, kuriais norite pasigro\u017e\u0117ti ir m\u0117gautis. \u201eHolten\u201c sienin\u0117 spintel\u0117 padeda tvarkingai laikyti savo kolekcijas ir suteikia joms eleganti\u0161k\u0105 kontekst\u0105. \u201eHolten\u201c sienin\u0117s spintel\u0117s dizainas nusipelno ypatingo d\u0117mesio. Jos korpusas apdailintas eleganti\u0161ka matine balta spalva, suteikian\u010dia baldui modern\u0173 charakter\u012f ir subtil\u0173 \u017eaves\u012f. Ry\u0161kus \u201eWotan\u201c \u0105\u017euolo stalvir\u0161is su savo i\u0161skirtine tekst\u016bra suteikia nat\u016bralaus \u017eavesio ir \u0161ilumos. Tvirtos korpuso lentjuost\u0117s puikiai atspindi modern\u0173 spintel\u0117s stili\u0173 ir suteikia tvirtumo. Tai ypa\u010d svarbu, jei norite, kad baldas b\u016bt\u0173 patvarus ir stabilus. \u201eHolten\u201c kolekcijoje si\u016blomas platus element\u0173 asortimentas, leid\u017eiantis sukurti darni\u0105 kompozicij\u0105 j\u016bs\u0173 svetain\u0117je. Galite derinti skirtingus baldus ir aksesuarus, kad sukurtum\u0117te unikali\u0105 erdv\u0119, atspindin\u010di\u0105 j\u016bs\u0173 asmenin\u012f stili\u0173 ir poreikius. Trumpai tariant, \u201eHolten\u201c sienin\u0117 spintel\u0117 yra ne tik prakti\u0161kas daikt\u0173 laikymo baldas, bet ir eleganti\u0161kas dekoratyvinis akcentas, suteiksiantis j\u016bs\u0173 interjerui charakterio. D\u0117mesys ekspozicijai ir estetikai, \u0161is baldas atitiks modernaus dizaino m\u0117g\u0117j\u0173 ir t\u0173, kurie vertina savo lobi\u0173 eksponavim\u0105, l\u016bkes\u010dius.<\/p>\n<p>Prek\u0117s kodas S493-SFW\/156-DWF Simbolis ZM EAN Plotis 156 cm Gylis 32,5 cm Auk\u0161tis 40 cm Kolekcija Holten Spalva Waterford \u0105\u017euolas Atspalvis tamsi mediena Stilius modernus Gamintojas Juoda Raudona Balta Bald\u0173 tipas Lentynos PVM 23% EAN 5906123710039<\/p>","protected":false},"excerpt":{"rendered":"<p>\u201eHolten\u201c sienin\u0117 spintel\u0117 \u2013 eleganti\u0161kas akcentas j\u016bs\u0173 lobiams. Kalbant apie interjero dizain\u0105, kartais pritr\u016bksta baldo, kuris b\u016bt\u0173 ir prakti\u0161kas, ir unikalus dekoratyvinis elementas. \u201eHolten\u201c sienin\u0117 spintel\u0117 yra puikus sprendimas, ne tik papildantis interjer\u0105, bet ir leid\u017eiantis eksponuoti m\u0117gstamiausius daiktus. [\u2026]<\/p>","protected":false},"featured_media":268668,"comment_status":"open","ping_status":"open","template":"","meta":[],"product_brand":[],"product_cat":[9200,1174],"product_tag":[],"class_list":{"0":"post-268667","1":"product","2":"type-product","3":"status-publish","4":"has-post-thumbnail","6":"product_cat-black-red-white","7":"product_cat-hanging-shelves","9":"first","10":"instock","11":"purchasable","12":"product-type-simple"},"_links":{"self":[{"href":"https:\/\/baldumarket.lt\/lt\/wp-json\/wp\/v2\/product\/268667","targetHints":{"allow":["GET"]}}],"collection":[{"href":"https:\/\/baldumarket.lt\/lt\/wp-json\/wp\/v2\/product"}],"about":[{"href":"https:\/\/baldumarket.lt\/lt\/wp-json\/wp\/v2\/types\/product"}],"replies":[{"embeddable":true,"href":"https:\/\/baldumarket.lt\/lt\/wp-json\/wp\/v2\/comments?post=268667"}],"wp:featuredmedia":[{"embeddable":true,"href":"https:\/\/baldumarket.lt\/lt\/wp-json\/wp\/v2\/media\/268668"}],"wp:attachment":[{"href":"https:\/\/baldumarket.lt\/lt\/wp-json\/wp\/v2\/media?parent=268667"}],"wp:term":[{"taxonomy":"product_brand","embeddable":true,"href":"https:\/\/baldumarket.lt\/lt\/wp-json\/wp\/v2\/product_brand?post=268667"},{"taxonomy":"product_cat","embeddable":true,"href":"https:\/\/baldumarket.lt\/lt\/wp-json\/wp\/v2\/product_cat?post=268667"},{"taxonomy":"product_tag","embeddable":true,"href":"https:\/\/baldumarket.lt\/lt\/wp-json\/wp\/v2\/product_tag?post=268667"}],"curies":[{"name":"wp","href":"https:\/\/api.w.org\/{rel}","templated":true}]}}