{"id":268663,"date":"2026-01-14T00:57:04","date_gmt":"2026-01-13T21:57:04","guid":{"rendered":"https:\/\/baldumarket.lt\/product\/szafka-wiszaca-dwudrzwiowa-malcolm-120-cm-dab-monument-dab-monument-z-nadrukiem\/"},"modified":"2026-02-11T18:17:44","modified_gmt":"2026-02-11T15:17:44","slug":"szafka-wiszaca-dwudrzwiowa-malcolm-120-cm-dab-monument-dab-monument-z-nadrukiem","status":"publish","type":"product","link":"https:\/\/baldumarket.lt\/lt\/produktas\/szafka-wiszaca-dwudrzwiowa-malcolm-120-cm-dab-monument-dab-monument-z-nadrukiem\/","title":{"rendered":"MALCOLM dvidur\u0117 sienin\u0117 spintel\u0117, 120 cm, paminklinio \u0105\u017euolo imitacija\/paminklinio \u0105\u017euolo imitacija su ra\u0161tu"},"content":{"rendered":"<p>\u201eMalcolm\u201c pakabinama spintel\u0117 \u2013 puikus organizatorius reikalingiems daiktams. \u201eMalcolm\u201c kolekcija \u2013 tai k\u016brybi\u0161kas po\u017ei\u016bris \u012f jaunimo baldus, derinantis modern\u0173 dizain\u0105 su tradicine apdaila. \u201eMalcolm\u201c pakabinama spintel\u0117 yra universalus baldas, kur\u012f galima pakabinti ant sienos, taip sutaupant daug grind\u0173 ploto ir kartu u\u017etikrinant i\u0161man\u0173 vadov\u0117li\u0173 bei mokyklini\u0173 preki\u0173 laikym\u0105. Joje yra dvi u\u017edaros spintel\u0117s, atvira lentyna ir trys mini skyriai, padedantys sutvarkyti smulkius daiktus. Geriausia pakabinam\u0105 spintel\u0119 pastatyti tiesiai vir\u0161 stalo, taip sukuriant patogi\u0105 mokymosi erdv\u0119 ir lengvai pasiekiamus b\u016btiniausius daiktus. \u0160is \u201eMalcolm\u201c kolekcijos baldas, pasi\u017eymintis prislopinta \u201eCanyon Monument Oak\u201c apdaila ir volframo pilkumo vidumi, puikiai dera prie bet kokio vaik\u0173 kambario. Modern\u016bs raid\u017ei\u0173 ra\u0161tai ir didel\u0117s, patogios sendinto nikelio spalvos rankenos sustiprina bald\u0173 charakter\u012f. Svarbu tai, kad atskirus \u201eMalcolm\u201c kolekcijos baldus galima derinti bet kokiu b\u016bdu, tod\u0117l galite puikiai pritaikyti kambario i\u0161d\u0117stym\u0105 prie konkre\u010di\u0173 jo ir individuali\u0173 j\u016bs\u0173 vaiko poreiki\u0173. B\u016btent geb\u0117jimas sukurti funkcionali\u0105 ir esteti\u0161kai patraukli\u0105 erdv\u0119 skatina organizuotum\u0105 ir paprast\u0105 naudojim\u0105. \u201eMalcolm\u201c sienin\u0117 spintel\u0117 yra ne tik prakti\u0161kas organizatorius, bet ir dizaino elementas, suteikiantis jaunimo kambariui charakterio. Ji palengvina ir padaro efektyvesn\u012f organizavim\u0105 ir tvarkos palaikym\u0105.<\/p>\n<p>Prek\u0117s kodas S325-SFW2D-DAMO\/SZW\/DAMON Simbolis ZM EAN Plotis 120 cm Gylis 31 cm Auk\u0161tis 51 cm Kolekcija Malcolm Spalva monumentalus \u0105\u017euolas\/pilkas volframas\/monumentalus \u0105\u017euolas su ra\u0161tu Gaubtas tamsi mediena Stilius modernus Med\u017eiaga laminatas Dureli\u0173 skai\u010dius 2 dur\u0173 Stal\u010di\u0173 skai\u010dius be stal\u010di\u0173 Rankena su rankenomis Gamintojas Juoda Raudona Balta Baldo tipas Lentynos PVM 23% EAN 5906123925464<\/p>","protected":false},"excerpt":{"rendered":"<p>\u201eMalcolm\u201c pakabinama spintel\u0117 \u2013 puikus organizatorius reikalingiems daiktams. \u201eMalcolm\u201c kolekcija \u2013 tai k\u016brybi\u0161kas po\u017ei\u016bris \u012f jaunimo baldus, derinantis modern\u0173 dizain\u0105 su tradicine apdaila. \u201eMalcolm\u201c pakabinama spintel\u0117 yra universalus baldas, kur\u012f galima pakabinti ant sienos, taip sutaupant daug grind\u0173 ploto ir kartu u\u017etikrinant i\u0161man\u0173 vadov\u0117li\u0173 ir [\u2026] laikym\u0105.<\/p>","protected":false},"featured_media":268664,"comment_status":"open","ping_status":"open","template":"","meta":[],"product_brand":[],"product_cat":[9200,1174],"product_tag":[],"class_list":{"0":"post-268663","1":"product","2":"type-product","3":"status-publish","4":"has-post-thumbnail","6":"product_cat-black-red-white","7":"product_cat-hanging-shelves","9":"first","10":"instock","11":"purchasable","12":"product-type-simple"},"_links":{"self":[{"href":"https:\/\/baldumarket.lt\/lt\/wp-json\/wp\/v2\/product\/268663","targetHints":{"allow":["GET"]}}],"collection":[{"href":"https:\/\/baldumarket.lt\/lt\/wp-json\/wp\/v2\/product"}],"about":[{"href":"https:\/\/baldumarket.lt\/lt\/wp-json\/wp\/v2\/types\/product"}],"replies":[{"embeddable":true,"href":"https:\/\/baldumarket.lt\/lt\/wp-json\/wp\/v2\/comments?post=268663"}],"wp:featuredmedia":[{"embeddable":true,"href":"https:\/\/baldumarket.lt\/lt\/wp-json\/wp\/v2\/media\/268664"}],"wp:attachment":[{"href":"https:\/\/baldumarket.lt\/lt\/wp-json\/wp\/v2\/media?parent=268663"}],"wp:term":[{"taxonomy":"product_brand","embeddable":true,"href":"https:\/\/baldumarket.lt\/lt\/wp-json\/wp\/v2\/product_brand?post=268663"},{"taxonomy":"product_cat","embeddable":true,"href":"https:\/\/baldumarket.lt\/lt\/wp-json\/wp\/v2\/product_cat?post=268663"},{"taxonomy":"product_tag","embeddable":true,"href":"https:\/\/baldumarket.lt\/lt\/wp-json\/wp\/v2\/product_tag?post=268663"}],"curies":[{"name":"wp","href":"https:\/\/api.w.org\/{rel}","templated":true}]}}