{"id":268662,"date":"2026-01-14T00:57:03","date_gmt":"2026-01-13T21:57:03","guid":{"rendered":"https:\/\/baldumarket.lt\/product\/szafka-wiszaca-80x57-cm-junona-line-wenge-dab-sonoma\/"},"modified":"2026-02-11T18:17:44","modified_gmt":"2026-02-11T15:17:44","slug":"szafka-wiszaca-80x57-cm-junona-line-wenge-dab-sonoma","status":"publish","type":"product","link":"https:\/\/baldumarket.lt\/lt\/product\/szafka-wiszaca-80x57-cm-junona-line-wenge-dab-sonoma\/","title":{"rendered":"Sienin\u0117 spintel\u0117, 80\u00d757 cm, JUNONA LINE, venge\/sonoma \u0105\u017euolas"},"content":{"rendered":"<p>\u201eJunona Line\u201c vir\u0161utin\u0117 spintel\u0117: prakti\u0161kas ir eleganti\u0161kas sprendimas j\u016bs\u0173 virtuvei. D\u0117l savo matmen\u0173 ir dizaino ji puikiai tinka laikyti indus, virtuv\u0117s reikmenis ir kitus daiktus, kuriuos nor\u0117tum\u0117te tur\u0117ti lengvai pasiekiamu atstumu. \u201eJunona Line\u201c baldams b\u016bdingas prislopintos venge spalvos korpuso ir \u0161ilto Sonoma \u0105\u017euolo priekio derinys, suteikiantis baldui modern\u0173 ir eleganti\u0161k\u0105 vaizd\u0105. Sidabrin\u0117 rankena papildo dizain\u0105, tod\u0117l vir\u0161utine spintele patogu naudotis. Verta naudoti tokias vir\u0161utines spinteles virtuv\u0117je, kad palaikytum\u0117te tvark\u0105 ir sutvarkytum\u0117te savo erdv\u0119. Prieiga prie \u012fvairi\u0173 pried\u0173 ir virtuv\u0117s reikmen\u0173 leis patogiau gaminti maist\u0105.<\/p>\n<p>Prek\u0117s kodas K24-G2D\/80\/57-WE\/DSO Simbolis ZM EAN Plotis 80 cm Gylis 30,5 cm Auk\u0161tis 57,5 cm Kolekcija Junona Line Spalva wenge\/sonoma \u0105\u017euolas Gaubtas \u0161viesi mediena Stilius modernus Korpusas laminatas Priekin\u0117 dalis laminatas Dureli\u0173 skai\u010dius 2 dur\u0173 Rankena su ranken\u0117l\u0117mis Ap\u0161vietimas pasirenkamas Gamintojas Juoda Raudona Balta Baldo tipas Virtuv\u0117s spintel\u0117s PVM 23% EAN 5906123541664<\/p>","protected":false},"excerpt":{"rendered":"<p>\u201eJunona Line\u201c vir\u0161utin\u0117 spintel\u0117: prakti\u0161kas ir eleganti\u0161kas sprendimas j\u016bs\u0173 virtuvei. D\u0117l savo matmen\u0173 ir dizaino ji puikiai tinka laikyti indus, virtuv\u0117s reikmenis ir kitus daiktus, kuriuos norite tur\u0117ti lengvai pasiekiamoje vietoje. \u201eJunona Line\u201c baldams b\u016bdingas prislopinto venge spalvos korpuso ir \u0161ilto Sonoma \u0105\u017euolo fasado derinys, suteikiantis [\u2026]<\/p>","protected":false},"featured_media":0,"comment_status":"open","ping_status":"open","template":"","meta":[],"product_brand":[],"product_cat":[9200,9118],"product_tag":[],"class_list":{"0":"post-268662","1":"product","2":"type-product","3":"status-publish","5":"product_cat-black-red-white","6":"product_cat-kitchen-cabinets","8":"first","9":"instock","10":"purchasable","11":"product-type-simple"},"_links":{"self":[{"href":"https:\/\/baldumarket.lt\/lt\/wp-json\/wp\/v2\/product\/268662","targetHints":{"allow":["GET"]}}],"collection":[{"href":"https:\/\/baldumarket.lt\/lt\/wp-json\/wp\/v2\/product"}],"about":[{"href":"https:\/\/baldumarket.lt\/lt\/wp-json\/wp\/v2\/types\/product"}],"replies":[{"embeddable":true,"href":"https:\/\/baldumarket.lt\/lt\/wp-json\/wp\/v2\/comments?post=268662"}],"wp:attachment":[{"href":"https:\/\/baldumarket.lt\/lt\/wp-json\/wp\/v2\/media?parent=268662"}],"wp:term":[{"taxonomy":"product_brand","embeddable":true,"href":"https:\/\/baldumarket.lt\/lt\/wp-json\/wp\/v2\/product_brand?post=268662"},{"taxonomy":"product_cat","embeddable":true,"href":"https:\/\/baldumarket.lt\/lt\/wp-json\/wp\/v2\/product_cat?post=268662"},{"taxonomy":"product_tag","embeddable":true,"href":"https:\/\/baldumarket.lt\/lt\/wp-json\/wp\/v2\/product_tag?post=268662"}],"curies":[{"name":"wp","href":"https:\/\/api.w.org\/{rel}","templated":true}]}}