{"id":268650,"date":"2026-01-14T00:56:52","date_gmt":"2026-01-13T21:56:52","guid":{"rendered":"https:\/\/baldumarket.lt\/product\/szafka-wiszaca-80x57-cm-junona-line-bialy-kredowy-polysk\/"},"modified":"2026-02-11T18:17:45","modified_gmt":"2026-02-11T15:17:45","slug":"szafka-wiszaca-80x57-cm-junona-line-bialy-kredowy-polysk","status":"publish","type":"product","link":"https:\/\/baldumarket.lt\/lt\/product\/szafka-wiszaca-80x57-cm-junona-line-bialy-kredowy-polysk\/","title":{"rendered":"Sienin\u0117 spintel\u0117 80\u00d757 cm JUNONA LINE balta\/kreidos blizgi spalva"},"content":{"rendered":"<p>\u201eJunona Line\u201c 80 \u00d7 57 cm vir\u0161utin\u0117 spintel\u0117 yra prakti\u0161kas ir stilingas baldas, kuris pad\u0117s jums palaikyti tvark\u0105 virtuv\u0117je ir visus b\u016btiniausius daiktus lengvai pasiekiamus. Tai puiki vieta laikyti l\u0117k\u0161tes, indus, virtuv\u0117s reikmenis ir kit\u0105 virtuv\u0117s \u012frang\u0105. \u0160is baldas yra \u201eJunona Line\u201c kolekcijos, pasi\u017eymin\u010dios moderniu dizainu ir eleganti\u0161ka apdaila, dalis. Balta, blizgi kreidos spalvos priekin\u0117 dalis gra\u017eiai kontrastuoja su baltu korpusu, sukurdama minimalistin\u012f, nesenstant\u012f vaizd\u0105. Be to, paprasta rankena suteikia baldui eleganti\u0161k\u0105 i\u0161vaizd\u0105 ir palengvina spinteli\u0173 dureli\u0173 atidarym\u0105. \u201eJunona Line\u201c 80 \u00d7 57 cm vir\u0161utin\u0117 spintel\u0117 yra puikus sprendimas, kur\u012f galima puikiai pritaikyti prie j\u016bs\u0173 poreiki\u0173 ir virtuv\u0117s dizaino. Ji padeda palaikyti tvark\u0105 ir estetik\u0105, tod\u0117l j\u016bs\u0173 virtuv\u0117 tampa funkcionalesn\u0117 ir patrauklesn\u0117.<\/p>\n<p>Produkto kodas K24-G2D\/80\/57-BI\/KRP Simbolis ZM EAN Plotis 80 cm Gylis 30,5 cm Auk\u0161tis 57,5 cm Kolekcija Junona Line Spalva balta\/kreidos blizgu\u010diai balta Atspalvis Stilius modernus Korpusas laminatas Priekin\u0117 dalis laminatas Dureli\u0173 skai\u010dius 2 dur\u0173 Rankena su ranken\u0117l\u0117mis Ap\u0161vietimas pasirenkamas Gamintojas Juoda Raudona Balta Baldo tipas Virtuv\u0117s spintel\u0117s PVM 23% EAN 5906123541640<\/p>","protected":false},"excerpt":{"rendered":"<p>\u201eJunona Line\u201c 80 \u00d7 57 cm vir\u0161utin\u0117 spintel\u0117 yra prakti\u0161kas ir stilingas baldas, kuris pad\u0117s jums palaikyti tvark\u0105 virtuv\u0117je ir visus b\u016btiniausius daiktus lengvai pasiekiamus. Tai puiki vieta laikyti l\u0117k\u0161tes, indus, virtuv\u0117s reikmenis ir kit\u0105 virtuv\u0117s \u012frang\u0105. \u0160is baldas yra \u201eJunona Line\u201c kolekcijos, pasi\u017eymin\u010dios moderniu dizainu [\u2026], dalis.<\/p>","protected":false},"featured_media":268651,"comment_status":"open","ping_status":"open","template":"","meta":[],"product_brand":[],"product_cat":[9200,9118],"product_tag":[],"class_list":{"0":"post-268650","1":"product","2":"type-product","3":"status-publish","4":"has-post-thumbnail","6":"product_cat-black-red-white","7":"product_cat-kitchen-cabinets","9":"first","10":"instock","11":"purchasable","12":"product-type-simple"},"_links":{"self":[{"href":"https:\/\/baldumarket.lt\/lt\/wp-json\/wp\/v2\/product\/268650","targetHints":{"allow":["GET"]}}],"collection":[{"href":"https:\/\/baldumarket.lt\/lt\/wp-json\/wp\/v2\/product"}],"about":[{"href":"https:\/\/baldumarket.lt\/lt\/wp-json\/wp\/v2\/types\/product"}],"replies":[{"embeddable":true,"href":"https:\/\/baldumarket.lt\/lt\/wp-json\/wp\/v2\/comments?post=268650"}],"wp:featuredmedia":[{"embeddable":true,"href":"https:\/\/baldumarket.lt\/lt\/wp-json\/wp\/v2\/media\/268651"}],"wp:attachment":[{"href":"https:\/\/baldumarket.lt\/lt\/wp-json\/wp\/v2\/media?parent=268650"}],"wp:term":[{"taxonomy":"product_brand","embeddable":true,"href":"https:\/\/baldumarket.lt\/lt\/wp-json\/wp\/v2\/product_brand?post=268650"},{"taxonomy":"product_cat","embeddable":true,"href":"https:\/\/baldumarket.lt\/lt\/wp-json\/wp\/v2\/product_cat?post=268650"},{"taxonomy":"product_tag","embeddable":true,"href":"https:\/\/baldumarket.lt\/lt\/wp-json\/wp\/v2\/product_tag?post=268650"}],"curies":[{"name":"wp","href":"https:\/\/api.w.org\/{rel}","templated":true}]}}