{"id":268646,"date":"2026-01-14T00:56:48","date_gmt":"2026-01-13T21:56:48","guid":{"rendered":"https:\/\/baldumarket.lt\/product\/szafka-wiszaca-80x57-cm-junona-line-bialy-jasny-szary-polysk\/"},"modified":"2026-02-11T18:17:45","modified_gmt":"2026-02-11T15:17:45","slug":"szafka-wiszaca-80x57-cm-junona-line-bialy-jasny-szary-polysk","status":"publish","type":"product","link":"https:\/\/baldumarket.lt\/lt\/product\/szafka-wiszaca-80x57-cm-junona-line-bialy-jasny-szary-polysk\/","title":{"rendered":"Sienin\u0117 spintel\u0117 80\u00d757 cm JUNONA LINE balta\/\u0161viesiai pilka blizgi"},"content":{"rendered":"<p>\u201eJunona Line\u201c 80 \u00d7 57 cm vir\u0161utin\u0117 spintel\u0117 yra prakti\u0161kas ir stilingas baldas, kuris pad\u0117s jums palaikyti tvark\u0105 virtuv\u0117je ir visus b\u016btiniausius daiktus lengvai pasiekiamus. Tai puiki vieta laikyti l\u0117k\u0161tes, indus, virtuv\u0117s reikmenis ir kit\u0105 virtuv\u0117s \u012frang\u0105. \u0160is baldas yra \u201eJunona Line\u201c kolekcijos dalis, pasi\u017eyminti moderniu dizainu ir eleganti\u0161ka apdaila. \u0160viesiai pilkas blizgus fasadas gra\u017eiai kontrastuoja su baltu korpusu, sukurdamas minimalistin\u012f, nesenstant\u012f vaizd\u0105. Be to, paprasta rankena suteikia baldui eleganti\u0161k\u0105 i\u0161vaizd\u0105 ir palengvina spinteli\u0173 dureli\u0173 atidarym\u0105. \u201eJunona Line\u201c 80 \u00d7 57 cm vir\u0161utin\u0117 spintel\u0117 yra puikus sprendimas, kur\u012f galima puikiai pritaikyti prie j\u016bs\u0173 poreiki\u0173 ir virtuv\u0117s dizaino. Ji padeda palaikyti tvark\u0105 ir estetik\u0105, tod\u0117l j\u016bs\u0173 virtuv\u0117 tampa funkcionalesn\u0117 ir patrauklesn\u0117.<\/p>\n<p>Produkto kodas K24-G2D\/80\/57-BI\/JSZP Simbolis ZM EAN Plotis 80 cm Gylis 30,5 cm Auk\u0161tis 57,5 cm Kolekcija Junona Line Spalva balta\/\u0161viesiai pilka blizgi Pilka Atspalvis Stilius modernus Korpusas laminatas Priekin\u0117 dalis laminatas Dureli\u0173 skai\u010dius 2 dur\u0173 Rankena su ranken\u0117l\u0117mis Ap\u0161vietimas pasirenkamas Gamintojas Juoda Raudona Balta Baldo tipas Virtuv\u0117s spintel\u0117s PVM 23% EAN 5906123541633<\/p>","protected":false},"excerpt":{"rendered":"<p>\u201eJunona Line\u201c 80 \u00d7 57 cm vir\u0161utin\u0117 spintel\u0117 yra prakti\u0161kas ir stilingas baldas, kuris pad\u0117s jums palaikyti tvark\u0105 virtuv\u0117je ir visus b\u016btiniausius daiktus lengvai pasiekiamus. Tai puiki vieta laikyti l\u0117k\u0161tes, indus, virtuv\u0117s reikmenis ir kit\u0105 virtuv\u0117s \u012frang\u0105. \u0160is baldas yra \u201eJunona Line\u201c kolekcijos, pasi\u017eymin\u010dios moderniu dizainu [\u2026], dalis.<\/p>","protected":false},"featured_media":268647,"comment_status":"open","ping_status":"open","template":"","meta":[],"product_brand":[],"product_cat":[9200,9118],"product_tag":[],"class_list":{"0":"post-268646","1":"product","2":"type-product","3":"status-publish","4":"has-post-thumbnail","6":"product_cat-black-red-white","7":"product_cat-kitchen-cabinets","9":"first","10":"instock","11":"purchasable","12":"product-type-simple"},"_links":{"self":[{"href":"https:\/\/baldumarket.lt\/lt\/wp-json\/wp\/v2\/product\/268646","targetHints":{"allow":["GET"]}}],"collection":[{"href":"https:\/\/baldumarket.lt\/lt\/wp-json\/wp\/v2\/product"}],"about":[{"href":"https:\/\/baldumarket.lt\/lt\/wp-json\/wp\/v2\/types\/product"}],"replies":[{"embeddable":true,"href":"https:\/\/baldumarket.lt\/lt\/wp-json\/wp\/v2\/comments?post=268646"}],"wp:featuredmedia":[{"embeddable":true,"href":"https:\/\/baldumarket.lt\/lt\/wp-json\/wp\/v2\/media\/268647"}],"wp:attachment":[{"href":"https:\/\/baldumarket.lt\/lt\/wp-json\/wp\/v2\/media?parent=268646"}],"wp:term":[{"taxonomy":"product_brand","embeddable":true,"href":"https:\/\/baldumarket.lt\/lt\/wp-json\/wp\/v2\/product_brand?post=268646"},{"taxonomy":"product_cat","embeddable":true,"href":"https:\/\/baldumarket.lt\/lt\/wp-json\/wp\/v2\/product_cat?post=268646"},{"taxonomy":"product_tag","embeddable":true,"href":"https:\/\/baldumarket.lt\/lt\/wp-json\/wp\/v2\/product_tag?post=268646"}],"curies":[{"name":"wp","href":"https:\/\/api.w.org\/{rel}","templated":true}]}}