{"id":268630,"date":"2026-01-14T00:56:34","date_gmt":"2026-01-13T21:56:34","guid":{"rendered":"https:\/\/baldumarket.lt\/product\/szafka-wiszaca-60x57-cm-junona-line-dab-bernstein-grafit\/"},"modified":"2026-02-11T18:17:45","modified_gmt":"2026-02-11T15:17:45","slug":"szafka-wiszaca-60x57-cm-junona-line-dab-bernstein-grafit","status":"publish","type":"product","link":"https:\/\/baldumarket.lt\/lt\/product\/szafka-wiszaca-60x57-cm-junona-line-dab-bernstein-grafit\/","title":{"rendered":"Sienin\u0117 spintel\u0117 60\u00d757 cm JUNONA LINE bernstein \u0105\u017euolas\/grafitas"},"content":{"rendered":"<p>\u201eJunona Line\u201c 60 \u00d7 57 cm vir\u0161utin\u0117 spintel\u0117 \u2013 prakti\u0161kas sprendimas, pad\u0117siantis palaikyti tvark\u0105 virtuv\u0117je. Ji leid\u017eia tvarkingai laikyti indus, stalo \u012frankius ir virtuv\u0117s reikmenis. Grafito spalvos, \u012fr\u0117minti fasadai ir \u201eBernstein Oak\u201c korpusas suteikia spintelei modern\u0173 vaizd\u0105, kuris dera prie \u012fvairi\u0173 interjer\u0173. Spintel\u0117s vidus suprojektuotas taip, kad tilpt\u0173 \u012fvair\u016bs daiktai, tod\u0117l palaikysite tvark\u0105 ir lengvai rasite tai, ko jums reikia. Vir\u0161utin\u0117 spintel\u0117 yra puiki vieta indams ir virtuv\u0117s reikmenims laikyti, tod\u0117l efektyviai valdysite virtuv\u0117s erdv\u0119. Be to, dvejos durys suteikia greit\u0105 ir patogi\u0105 prieig\u0105 prie spintel\u0117s vidaus. Spintel\u0119 paprasta tvirtinti prie sienos. Tiesiog \u012fstatykite ki\u0161tukus su kabliuku ir pakabinkite spintel\u0119 ant sienos. \u0160is \u201eJunona Line\u201c kolekcijos spintel\u0117 yra ne tik funkcionali, bet ir esteti\u0161kai patraukli, tod\u0117l taps patraukliu j\u016bs\u0173 virtuv\u0117s papildymu.<\/p>\n<p>Prek\u0117s kodas K24-G2D\/60\/57-DBT\/GF Plotis 60 cm Gylis 30,5 cm Auk\u0161tis 57,3 cm Kolekcija Junona Line Spalva bernstein \u0105\u017euolas\/grafitas Atspalvis grafitas Stilius Skandinavi\u0161kas Med\u017eiaga laminatas Korpusas laminatas Priekin\u0117 dalis laminatas Dureli\u0173 skai\u010dius 2 dur\u0173 Rankena su ranken\u0117l\u0117mis Ap\u0161vietimas pasirenkamas Gamintojas Juoda Raudona Balta Baldo tipas Virtuv\u0117s spintel\u0117s PVM 23% EAN 5906123047098<\/p>","protected":false},"excerpt":{"rendered":"<p>\u201eJunona Line\u201c 60 \u00d7 57 cm vir\u0161utin\u0117 spintel\u0117 \u2013 prakti\u0161kas sprendimas, pad\u0117siantis palaikyti tvark\u0105 virtuv\u0117je. Ji leid\u017eia tvarkingai laikyti indus, stalo \u012frankius ir virtuv\u0117s reikmenis. Grafito spalvos, \u012fr\u0117minti fasadai ir \u201eBernstein Oak\u201c korpusas suteikia spintelei modern\u0173 vaizd\u0105, kuris dera prie \u012fvairi\u0173 interjer\u0173. [\u2026]<\/p>","protected":false},"featured_media":268631,"comment_status":"open","ping_status":"open","template":"","meta":[],"product_brand":[],"product_cat":[9200,9118],"product_tag":[],"class_list":{"0":"post-268630","1":"product","2":"type-product","3":"status-publish","4":"has-post-thumbnail","6":"product_cat-black-red-white","7":"product_cat-kitchen-cabinets","9":"first","10":"instock","11":"purchasable","12":"product-type-simple"},"_links":{"self":[{"href":"https:\/\/baldumarket.lt\/lt\/wp-json\/wp\/v2\/product\/268630","targetHints":{"allow":["GET"]}}],"collection":[{"href":"https:\/\/baldumarket.lt\/lt\/wp-json\/wp\/v2\/product"}],"about":[{"href":"https:\/\/baldumarket.lt\/lt\/wp-json\/wp\/v2\/types\/product"}],"replies":[{"embeddable":true,"href":"https:\/\/baldumarket.lt\/lt\/wp-json\/wp\/v2\/comments?post=268630"}],"wp:featuredmedia":[{"embeddable":true,"href":"https:\/\/baldumarket.lt\/lt\/wp-json\/wp\/v2\/media\/268631"}],"wp:attachment":[{"href":"https:\/\/baldumarket.lt\/lt\/wp-json\/wp\/v2\/media?parent=268630"}],"wp:term":[{"taxonomy":"product_brand","embeddable":true,"href":"https:\/\/baldumarket.lt\/lt\/wp-json\/wp\/v2\/product_brand?post=268630"},{"taxonomy":"product_cat","embeddable":true,"href":"https:\/\/baldumarket.lt\/lt\/wp-json\/wp\/v2\/product_cat?post=268630"},{"taxonomy":"product_tag","embeddable":true,"href":"https:\/\/baldumarket.lt\/lt\/wp-json\/wp\/v2\/product_tag?post=268630"}],"curies":[{"name":"wp","href":"https:\/\/api.w.org\/{rel}","templated":true}]}}