{"id":268609,"date":"2026-01-14T00:56:16","date_gmt":"2026-01-13T21:56:16","guid":{"rendered":"https:\/\/baldumarket.lt\/product\/szafka-wiszaca-60x30-cm-junona-line-wenge-dab-sonoma\/"},"modified":"2026-02-11T18:17:46","modified_gmt":"2026-02-11T15:17:46","slug":"szafka-wiszaca-60x30-cm-junona-line-wenge-dab-sonoma","status":"publish","type":"product","link":"https:\/\/baldumarket.lt\/lt\/product\/szafka-wiszaca-60x30-cm-junona-line-wenge-dab-sonoma\/","title":{"rendered":"Sienin\u0117 spintel\u0117, 60\u00d730 cm, JUNONA LINE, wenge\/sonoma \u0105\u017euolo spalvos"},"content":{"rendered":"<p>\u201eJunona Line\u201c vir\u0161utin\u0117 spintel\u0117 \u2013 sumanus virtuv\u0117s organizavimo sprendimas. Jos vieta vir\u0161 virykl\u0117s suteikia jai puiki\u0105 daikt\u0173 laikymo viet\u0105. Joje galite laikyti vaistus, nam\u0173 medicinos \u012frang\u0105 ar kitus priedus. Ji taip pat idealiai tinka indams, stiklin\u0117ms, puodeliams ar puodeliams laikyti. \u0160ios vir\u0161utin\u0117s spintel\u0117s matmenys \u2013 60 \u00d7 30 cm, tod\u0117l ji puikiai dera su tokio pat plo\u010dio apatine spintele. Jos priekis pakreipiamas \u012f vir\u0161\u0173, tod\u0117l lengva pasiekti turin\u012f. \u201eJunona Line\u201c kolekcija pasi\u017eymi prislopintos venge spalvos korpusu, kuris gra\u017eiai dera su \u0161iltu Sonoma \u0105\u017euolo fasadu. Moderni sidabrin\u0117 rankena u\u017ebaigia i\u0161vaizd\u0105. Naudodami \u201eJunona Line\u201c baldus, galite susikurti virtuv\u0119, kuri atitikt\u0173 j\u016bs\u0173 l\u016bkes\u010dius ir u\u017etikrint\u0173 prakti\u0161k\u0105 erdv\u0117s padalijim\u0105. \u201eJunona Line\u201c modulin\u0117 virtuv\u0117s sistema si\u016blo daugyb\u0119 variant\u0173, leid\u017eian\u010di\u0173 pritaikyti virtuv\u0119 pagal savo poreikius ir pageidavimus.<\/p>\n<p>Produkto kodas K24-GO\/60\/30-WE\/DSO Simbolis ZM EAN Plotis 60 cm Gylis 30,5 cm Auk\u0161tis 30 cm Kolekcija Junona Line Spalva wenge\/sonoma \u0105\u017euolas Gaubtas \u0161viesi mediena Stilius modernus Korpusas laminatas Priekin\u0117 dalis laminatas Dureli\u0173 skai\u010dius 1 dur\u0173 Rankena su ranken\u0117l\u0117mis Ap\u0161vietimas pasirenkamas Gamintojas Juoda Raudona Balta Baldo tipas Virtuv\u0117s spintel\u0117s PVM 23% EAN 5906123542098<\/p>","protected":false},"excerpt":{"rendered":"<p>\u201eJunona Line\u201c vir\u0161utin\u0117 spintel\u0117 \u2013 sumanus virtuv\u0117s organizavimo sprendimas. Jos vieta vir\u0161 virykl\u0117s suteikia jai puiki\u0105 viet\u0105 daiktams laikyti. J\u0105 galite naudoti vaistams, nam\u0173 medicinos \u012frangai ar kitiems priedams laikyti. Ji taip pat yra ideali vieta indams, stiklin\u0117ms, puodeliams ar puodeliams laikyti. \u0160ios vir\u0161utin\u0117s spintel\u0117s matmenys \u2013 60 \u00d7 30 [\u2026]<\/p>","protected":false},"featured_media":0,"comment_status":"open","ping_status":"open","template":"","meta":[],"product_brand":[],"product_cat":[9200,9118],"product_tag":[],"class_list":{"0":"post-268609","1":"product","2":"type-product","3":"status-publish","5":"product_cat-black-red-white","6":"product_cat-kitchen-cabinets","8":"first","9":"instock","10":"purchasable","11":"product-type-simple"},"_links":{"self":[{"href":"https:\/\/baldumarket.lt\/lt\/wp-json\/wp\/v2\/product\/268609","targetHints":{"allow":["GET"]}}],"collection":[{"href":"https:\/\/baldumarket.lt\/lt\/wp-json\/wp\/v2\/product"}],"about":[{"href":"https:\/\/baldumarket.lt\/lt\/wp-json\/wp\/v2\/types\/product"}],"replies":[{"embeddable":true,"href":"https:\/\/baldumarket.lt\/lt\/wp-json\/wp\/v2\/comments?post=268609"}],"wp:attachment":[{"href":"https:\/\/baldumarket.lt\/lt\/wp-json\/wp\/v2\/media?parent=268609"}],"wp:term":[{"taxonomy":"product_brand","embeddable":true,"href":"https:\/\/baldumarket.lt\/lt\/wp-json\/wp\/v2\/product_brand?post=268609"},{"taxonomy":"product_cat","embeddable":true,"href":"https:\/\/baldumarket.lt\/lt\/wp-json\/wp\/v2\/product_cat?post=268609"},{"taxonomy":"product_tag","embeddable":true,"href":"https:\/\/baldumarket.lt\/lt\/wp-json\/wp\/v2\/product_tag?post=268609"}],"curies":[{"name":"wp","href":"https:\/\/api.w.org\/{rel}","templated":true}]}}