{"id":268570,"date":"2026-01-14T00:55:34","date_gmt":"2026-01-13T21:55:34","guid":{"rendered":"https:\/\/baldumarket.lt\/product\/szafka-wiszaca-50x57-cm-junona-line-bialy-kredowy-polysk\/"},"modified":"2026-02-11T18:17:46","modified_gmt":"2026-02-11T15:17:46","slug":"szafka-wiszaca-50x57-cm-junona-line-bialy-kredowy-polysk","status":"publish","type":"product","link":"https:\/\/baldumarket.lt\/lt\/product\/szafka-wiszaca-50x57-cm-junona-line-bialy-kredowy-polysk\/","title":{"rendered":"Sienin\u0117 spintel\u0117 50\u00d757 cm JUNONA LINE balta\/kreidos blizgi spalva"},"content":{"rendered":"<p>\u201eJunona Line\u201c vir\u0161utin\u0117 spintel\u0117, kurios matmenys 50 \u00d7 57 cm, yra prakti\u0161kas ir eleganti\u0161kas sprendimas j\u016bs\u0173 virtuvei. \u0160ioje spintel\u0117je galite tvarkingai laikyti \u012fvairius virtuv\u0117s reikmenis, indus ir maisto produktus. Sonoma \u0105\u017euolo fasadai ir venge spalvos korpusas kartu su kontrastinga rankena suteikia baldui modern\u0173 vaizd\u0105, kuris dera prie \u012fvairi\u0173 interjer\u0173. Lentyna spintel\u0117s viduje leid\u017eia susitvarkyti daiktus, tod\u0117l lengviau palaikyti tvark\u0105 ir greitai rasti tai, ko jums reikia. Vir\u0161utin\u0117 spintel\u0117 yra puikus sprendimas norint eksponuoti gra\u017eius indus ir virtuv\u0117s reikmenis arba laikyti daiktus, kuri\u0173 nenorite laikyti matomoje vietoje. \u201eJunona Line\u201c kolekcija taip pat yra funkcionali ir pritaikoma \u012fvairiems virtuv\u0117s poreikiams. Galite j\u0105 pritaikyti pagal savo individualius pageidavimus ir poreikius, sukurdami virtuv\u0119, kuri b\u016bt\u0173 ir efektyvi, ir gra\u017ei.<\/p>\n<p>Produkto kodas K24-G1D\/50\/57_LP-BI\/KRP Simbolis ZM EAN Plotis 50 cm Gylis 30,5 cm Auk\u0161tis 57,5 cm Kolekcija Junona Line Spalva balta\/kreidos blizgu\u010diai balta Atspalvis Stilius modernus Korpusas laminatas Priekin\u0117 sienel\u0117 laminatas Dureli\u0173 skai\u010dius 1 dur\u0173 Rankena su ranken\u0117l\u0117mis Ap\u0161vietimas pasirenkamas Gamintojas Juoda Raudona Balta Baldo tipas Virtuv\u0117s spintel\u0117s PVM 23% EAN 5906123541442<\/p>","protected":false},"excerpt":{"rendered":"<p>\u201eJunona Line\u201c vir\u0161utin\u0117 spintel\u0117, kurios matmenys 50 \u00d7 57 cm, yra prakti\u0161kas ir eleganti\u0161kas sprendimas j\u016bs\u0173 virtuvei. \u0160ioje spintel\u0117je galite tvarkingai laikyti \u012fvairius virtuv\u0117s reikmenis, indus ir maisto produktus. Sonoma \u0105\u017euolo fasadai ir venge spalvos korpusas kartu su kontrastinga rankena suteikia baldui modern\u0173 vaizd\u0105, kuris papildo [\u2026]<\/p>","protected":false},"featured_media":268571,"comment_status":"open","ping_status":"open","template":"","meta":[],"product_brand":[],"product_cat":[9200,9118],"product_tag":[],"class_list":{"0":"post-268570","1":"product","2":"type-product","3":"status-publish","4":"has-post-thumbnail","6":"product_cat-black-red-white","7":"product_cat-kitchen-cabinets","9":"first","10":"instock","11":"purchasable","12":"product-type-simple"},"_links":{"self":[{"href":"https:\/\/baldumarket.lt\/lt\/wp-json\/wp\/v2\/product\/268570","targetHints":{"allow":["GET"]}}],"collection":[{"href":"https:\/\/baldumarket.lt\/lt\/wp-json\/wp\/v2\/product"}],"about":[{"href":"https:\/\/baldumarket.lt\/lt\/wp-json\/wp\/v2\/types\/product"}],"replies":[{"embeddable":true,"href":"https:\/\/baldumarket.lt\/lt\/wp-json\/wp\/v2\/comments?post=268570"}],"wp:featuredmedia":[{"embeddable":true,"href":"https:\/\/baldumarket.lt\/lt\/wp-json\/wp\/v2\/media\/268571"}],"wp:attachment":[{"href":"https:\/\/baldumarket.lt\/lt\/wp-json\/wp\/v2\/media?parent=268570"}],"wp:term":[{"taxonomy":"product_brand","embeddable":true,"href":"https:\/\/baldumarket.lt\/lt\/wp-json\/wp\/v2\/product_brand?post=268570"},{"taxonomy":"product_cat","embeddable":true,"href":"https:\/\/baldumarket.lt\/lt\/wp-json\/wp\/v2\/product_cat?post=268570"},{"taxonomy":"product_tag","embeddable":true,"href":"https:\/\/baldumarket.lt\/lt\/wp-json\/wp\/v2\/product_tag?post=268570"}],"curies":[{"name":"wp","href":"https:\/\/api.w.org\/{rel}","templated":true}]}}