{"id":268566,"date":"2026-01-14T00:55:31","date_gmt":"2026-01-13T21:55:31","guid":{"rendered":"https:\/\/baldumarket.lt\/product\/szafka-wiszaca-50x57-cm-junona-line-bialy-jasny-szary-polysk\/"},"modified":"2026-02-11T18:17:46","modified_gmt":"2026-02-11T15:17:46","slug":"szafka-wiszaca-50x57-cm-junona-line-bialy-jasny-szary-polysk","status":"publish","type":"product","link":"https:\/\/baldumarket.lt\/lt\/product\/szafka-wiszaca-50x57-cm-junona-line-bialy-jasny-szary-polysk\/","title":{"rendered":"Sienin\u0117 spintel\u0117 50\u00d757 cm JUNONA LINE balta\/\u0161viesiai pilka blizgi"},"content":{"rendered":"<p>\u201eJunona Line\u201c vir\u0161utin\u0117 spintel\u0117, kurios matmenys 50 \u00d7 57 cm, yra prakti\u0161kas sprendimas, pad\u0117siantis palaikyti tvark\u0105 virtuv\u0117je. Joje galite tvarkingai laikyti indus, stalo \u012frankius ir virtuv\u0117s reikmenis. \u0160viesiai pilki blizg\u016bs fasadai ir baltas korpusas suteikia spintelei modern\u0173 vaizd\u0105, kuris dera prie \u012fvairi\u0173 interjer\u0173. Spintel\u0117s vidus sukurtas taip, kad tilpt\u0173 \u012fvair\u016bs daiktai, tod\u0117l gal\u0117site palaikyti tvark\u0105 ir lengvai rasti tai, ko jums reikia. Vir\u0161utin\u0117 spintel\u0117 yra puiki vieta laikyti indus ir virtuv\u0117s reikmenis, tod\u0117l gal\u0117site efektyviai valdyti savo virtuv\u0117s erdv\u0119. \u0160is \u201eJunona Line\u201c kolekcijos spintel\u0117 yra ne tik funkcionali, bet ir esteti\u0161kai patraukli, tod\u0117l ji taps patraukliu j\u016bs\u0173 virtuv\u0117s papildymu. Be to, de\u0161in\u0117s arba kair\u0117s pus\u0117s atidarymo galimyb\u0117s leid\u017eia pritaikyti j\u0105 pagal individualius poreikius ir pageidavimus.<\/p>\n<p>Produkto kodas K24-G1D\/50\/57_LP-BI\/JSZP Simbolis ZM EAN Plotis 50 cm Gylis 30,5 cm Auk\u0161tis 57,5 cm Kolekcija Junona Line Spalva balta\/\u0161viesiai pilka blizgi Pilka atspalvis Stilius modernus Korpusas laminatas Priekin\u0117 dalis laminatas Dureli\u0173 skai\u010dius 1 dur\u0173 Rankena su ranken\u0117l\u0117mis Ap\u0161vietimas pasirenkamas Gamintojas Juoda Raudona Balta Baldo tipas Virtuv\u0117s spintel\u0117s PVM 23% EAN 5906123541435<\/p>","protected":false},"excerpt":{"rendered":"<p>\u201eJunona Line\u201c vir\u0161utin\u0117 spintel\u0117, kurios matmenys 50 \u00d7 57 cm, yra prakti\u0161kas sprendimas, pad\u0117siantis palaikyti tvark\u0105 virtuv\u0117je. Ji leid\u017eia tvarkingai laikyti indus, stalo \u012frankius ir virtuv\u0117s reikmenis. \u0160viesiai pilki blizg\u016bs fasadai ir baltas korpusas suteikia spintelei modern\u0173 vaizd\u0105, kuris dera prie \u012fvairi\u0173 interjer\u0173. [\u2026]<\/p>","protected":false},"featured_media":268567,"comment_status":"open","ping_status":"open","template":"","meta":[],"product_brand":[],"product_cat":[9200,9118],"product_tag":[],"class_list":{"0":"post-268566","1":"product","2":"type-product","3":"status-publish","4":"has-post-thumbnail","6":"product_cat-black-red-white","7":"product_cat-kitchen-cabinets","9":"first","10":"instock","11":"purchasable","12":"product-type-simple"},"_links":{"self":[{"href":"https:\/\/baldumarket.lt\/lt\/wp-json\/wp\/v2\/product\/268566","targetHints":{"allow":["GET"]}}],"collection":[{"href":"https:\/\/baldumarket.lt\/lt\/wp-json\/wp\/v2\/product"}],"about":[{"href":"https:\/\/baldumarket.lt\/lt\/wp-json\/wp\/v2\/types\/product"}],"replies":[{"embeddable":true,"href":"https:\/\/baldumarket.lt\/lt\/wp-json\/wp\/v2\/comments?post=268566"}],"wp:featuredmedia":[{"embeddable":true,"href":"https:\/\/baldumarket.lt\/lt\/wp-json\/wp\/v2\/media\/268567"}],"wp:attachment":[{"href":"https:\/\/baldumarket.lt\/lt\/wp-json\/wp\/v2\/media?parent=268566"}],"wp:term":[{"taxonomy":"product_brand","embeddable":true,"href":"https:\/\/baldumarket.lt\/lt\/wp-json\/wp\/v2\/product_brand?post=268566"},{"taxonomy":"product_cat","embeddable":true,"href":"https:\/\/baldumarket.lt\/lt\/wp-json\/wp\/v2\/product_cat?post=268566"},{"taxonomy":"product_tag","embeddable":true,"href":"https:\/\/baldumarket.lt\/lt\/wp-json\/wp\/v2\/product_tag?post=268566"}],"curies":[{"name":"wp","href":"https:\/\/api.w.org\/{rel}","templated":true}]}}