{"id":268513,"date":"2026-01-14T00:54:46","date_gmt":"2026-01-13T21:54:46","guid":{"rendered":"https:\/\/baldumarket.lt\/product\/szafka-stojaca-z-trzema-szufladami-i-blatem-40x86-cm-junona-line-wenge-dab-sonoma\/"},"modified":"2026-02-11T18:17:48","modified_gmt":"2026-02-11T15:17:48","slug":"szafka-stojaca-z-trzema-szufladami-i-blatem-40x86-cm-junona-line-wenge-dab-sonoma","status":"publish","type":"product","link":"https:\/\/baldumarket.lt\/lt\/product\/szafka-stojaca-z-trzema-szufladami-i-blatem-40x86-cm-junona-line-wenge-dab-sonoma\/","title":{"rendered":"Pastatoma spintel\u0117 su trimis stal\u010diais ir stalvir\u0161iu, 40\u00d786 cm, JUNONA LINE, venge\/sonoma \u0105\u017euolas"},"content":{"rendered":"<p>\u201eJunona Line\u201c apatin\u0117 spintel\u0117 su stal\u010diais \u2013 viskas kontroliuojama. Apatin\u0117 spintel\u0117 su stal\u010diais yra nepakei\u010diamas virtuv\u0117s aksesuaras, padedantis palaikyti tvark\u0105 ir kontroliuoti laikomus daiktus. \u0160ioje 40 \u00d7 86 cm spintel\u0117je yra du gil\u016bs ir vienas negilus stal\u010diai, tod\u0117l ji puikiai tinka laikyti \u012fvairius virtuv\u0117s reikmenis. D\u0117l \u0161io suskirstymo tai puiki vieta puodams, dang\u010diams, stalo \u012frankiams, peiliams ir smulkiems priedams, pavyzd\u017eiui, skustukams ir mentel\u0117ms. Stal\u010diai ant ritinini\u0173 b\u0117geli\u0173 u\u017etikrina skland\u0173 ir tyl\u0173 veikim\u0105, taip padidindami komfort\u0105.<\/p>\n<p>\u012emontuojama spintel\u0117 u\u017eima 40 \u00d7 60 cm dyd\u017eio erdv\u0119. Stilingas spintel\u0117s dizainas ir prisitaikymas prie \u012fvairi\u0173 virtuv\u0117s i\u0161d\u0117stym\u0173 puikiai tinka moderniam, tradiciniam ir klasikiniam interjerui.<\/p>\n<p>Sant\u016brus veng\u0117s spalvos korpusas kontrastuoja su eleganti\u0161kais Sonoma \u0105\u017euolo fasadais su veng\u0117s spalvos \u012fd\u0117klu, suteikdamas virtuvei charakterio. Moderni, atlasin\u0117 ranken\u0117l\u0117 ir Sonoma \u0105\u017euolo stalvir\u0161is harmoningai papildo bendr\u0105 dizain\u0105. Pa\u017ei\u016br\u0117kite, kaip priderinti apatin\u0119 spintel\u0119 prie kit\u0173 kolekcijos element\u0173. Atraskite kitus \u201eJunona Line\u201c virtuv\u0117s baldus, esan\u010dius svetain\u0117je emkameble.pl.<\/p>\n<p>Prek\u0117s kodas K24-D3S\/40\/82_ZBL-WE\/DSO\/DSO Plotis 40 cm Gylis 47 cm Auk\u0161tis 82,5 cm Kolekcija Junona Line Spalva wenge\/sonoma \u0105\u017euolas Gaubtas \u0161viesi mediena Stilius modernus Med\u017eiaga laminatas Korpusas laminatas Priekin\u0117 dalis laminatas Vir\u0161utin\u0117 dalis laminatas 32 mm Dureli\u0173 be stal\u010di\u0173 skai\u010dius Stal\u010di\u0173 skai\u010dius 3 stal\u010diai Rankena su rankenomis Gamintojas Juoda Raudona Balta Baldo tipas Virtuv\u0117s spintel\u0117s PVM 23% EAN 5906123008204<\/p>","protected":false},"excerpt":{"rendered":"<p>\u201eJunona Line\u201c apatin\u0117 spintel\u0117 su stal\u010diais \u2013 viskas kontroliuojama. Apatin\u0117 spintel\u0117 su stal\u010diais yra nepakei\u010diamas virtuv\u0117s aksesuaras, padedantis palaikyti tvark\u0105 ir kontroliuoti laikomus daiktus. \u0160i 40 \u00d7 86 cm spintel\u0117 turi du gilius ir vien\u0105 negil\u0173 stal\u010di\u0173, tod\u0117l puikiai tinka laikyti \u012fvairius virtuv\u0117s reikmenis. D\u0117l \u0161io suskirstymo, [\u2026]<\/p>","protected":false},"featured_media":268514,"comment_status":"open","ping_status":"open","template":"","meta":[],"product_brand":[],"product_cat":[9200,9118],"product_tag":[],"class_list":{"0":"post-268513","1":"product","2":"type-product","3":"status-publish","4":"has-post-thumbnail","6":"product_cat-black-red-white","7":"product_cat-kitchen-cabinets","9":"first","10":"instock","11":"purchasable","12":"product-type-simple"},"_links":{"self":[{"href":"https:\/\/baldumarket.lt\/lt\/wp-json\/wp\/v2\/product\/268513","targetHints":{"allow":["GET"]}}],"collection":[{"href":"https:\/\/baldumarket.lt\/lt\/wp-json\/wp\/v2\/product"}],"about":[{"href":"https:\/\/baldumarket.lt\/lt\/wp-json\/wp\/v2\/types\/product"}],"replies":[{"embeddable":true,"href":"https:\/\/baldumarket.lt\/lt\/wp-json\/wp\/v2\/comments?post=268513"}],"wp:featuredmedia":[{"embeddable":true,"href":"https:\/\/baldumarket.lt\/lt\/wp-json\/wp\/v2\/media\/268514"}],"wp:attachment":[{"href":"https:\/\/baldumarket.lt\/lt\/wp-json\/wp\/v2\/media?parent=268513"}],"wp:term":[{"taxonomy":"product_brand","embeddable":true,"href":"https:\/\/baldumarket.lt\/lt\/wp-json\/wp\/v2\/product_brand?post=268513"},{"taxonomy":"product_cat","embeddable":true,"href":"https:\/\/baldumarket.lt\/lt\/wp-json\/wp\/v2\/product_cat?post=268513"},{"taxonomy":"product_tag","embeddable":true,"href":"https:\/\/baldumarket.lt\/lt\/wp-json\/wp\/v2\/product_tag?post=268513"}],"curies":[{"name":"wp","href":"https:\/\/api.w.org\/{rel}","templated":true}]}}