{"id":268505,"date":"2026-01-14T00:54:40","date_gmt":"2026-01-13T21:54:40","guid":{"rendered":"https:\/\/baldumarket.lt\/product\/szafka-stojaca-z-trzema-szufladami-i-blatem-40x86-cm-junona-line-dab-bernstein-dab-bernstein\/"},"modified":"2026-02-11T18:17:48","modified_gmt":"2026-02-11T15:17:48","slug":"szafka-stojaca-z-trzema-szufladami-i-blatem-40x86-cm-junona-line-dab-bernstein-dab-bernstein","status":"publish","type":"product","link":"https:\/\/baldumarket.lt\/lt\/product\/szafka-stojaca-z-trzema-szufladami-i-blatem-40x86-cm-junona-line-dab-bernstein-dab-bernstein\/","title":{"rendered":"Pastatoma spintel\u0117 su trimis stal\u010diais ir stalvir\u0161iu 40\u00d786 cm JUNONA LINE Bernstein \u0105\u017euolas\/Bernstein \u0105\u017euolas"},"content":{"rendered":"<p>\u201eJunona Line\u201c apatin\u0117 spintel\u0117 su stal\u010diais ir stalvir\u0161iu \u2013 viskas kontroliuojama. Apatin\u0117 spintel\u0117 su stal\u010diais yra nepakei\u010diamas virtuv\u0117s aksesuaras, padedantis palaikyti tvark\u0105 ir kontroliuoti laikomus daiktus. \u0160i 40 \u00d7 86 cm spintel\u0117 turi du gilius ir vien\u0105 negil\u0173 stal\u010di\u0173, tod\u0117l puikiai tinka laikyti \u012fvairius virtuv\u0117s reikmenis. Toks suskirstymas idealiai tinka puodams, dang\u010diams, stalo \u012frankiams, peiliams ir smulkiems priedams, pavyzd\u017eiui, skustukams ir mentel\u0117ms. Stal\u010diai ant ritinini\u0173 b\u0117geli\u0173 u\u017etikrina skland\u0173 ir tyl\u0173 veikim\u0105, padidindami naudotojo patogum\u0105.<\/p>\n<p>\u012emontuojama spintel\u0117 u\u017eima 40 \u00d7 60 cm plot\u0105. Stilingas spintel\u0117s dizainas ir prisitaikymas prie \u012fvairi\u0173 virtuv\u0117s i\u0161planavim\u0173 daro j\u0105 puikiai tinkan\u010di\u0105 moderniam, tradiciniam ir klasikiniam interjerui. Spintel\u0117 pasi\u017eymi minimalistiniu dizainu, su Bernstein \u0105\u017euolo korpusu ir lygiais tos pa\u010dios spalvos fasadais su dekoratyviniu juodu \u012fd\u0117klu. Kontrastingas juodos ir auksin\u0117s spalvos metalinio skal\u016bno stalvir\u0161is suteikia elegancijos. Be to, spintel\u0117 turi nesenstan\u010di\u0105, paprast\u0105 juod\u0105 ranken\u0117l\u0119, kuri ne tik palengvina atidarym\u0105, bet ir suteikia charakterio.<\/p>\n<p>Moduliniai virtuv\u0117s baldai \u2013 sprendimas ne tik ma\u017eoms, bet ir didesn\u0117ms virtuv\u0117ms. Derinkite apatin\u0119 spintel\u0119 su kitais \u201eJunona Line\u201c kolekcijos elementais ir sukurkite savo poreikius atitinkant\u012f komplekt\u0105.<\/p>\n<p>Prek\u0117s kodas K24-D3S\/40\/82_ZBL-DBT\/LMC Plotis 40 cm Gylis 47 cm Auk\u0161tis 85,7 cm Kolekcija Junona Line Spalva bernstein \u0105\u017euolas Gaubtas \u0161viesi mediena Stilius modernus Med\u017eiaga laminatas Korpusas laminatas Priekin\u0117 dalis laminatas Vir\u0161utin\u0117 dalis laminatas 32 mm Dureli\u0173 skai\u010dius be dureli\u0173 Stal\u010di\u0173 skai\u010dius 3 stal\u010diai Rankena su rankenomis Gamintojas Juoda Raudona Balta Baldo tipas Virtuv\u0117s spintel\u0117s PVM 23% EAN 5906123046787<\/p>","protected":false},"excerpt":{"rendered":"<p>\u201eJunona Line\u201c apatin\u0117 spintel\u0117 su stal\u010diais ir stalvir\u0161iu \u2013 viskas kontroliuojama. Apatin\u0117 spintel\u0117 su stal\u010diais yra nepakei\u010diamas virtuv\u0117s aksesuaras, padedantis palaikyti tvark\u0105 ir kontroliuoti laikomus daiktus. \u0160i 40 \u00d7 86 cm spintel\u0117 turi du gilius ir vien\u0105 negil\u0173 stal\u010di\u0173, tod\u0117l puikiai tinka laikyti \u012fvairius virtuv\u0117s reikmenis. \u0160is padalinys [\u2026]<\/p>","protected":false},"featured_media":268506,"comment_status":"open","ping_status":"open","template":"","meta":[],"product_brand":[],"product_cat":[9200,9118],"product_tag":[],"class_list":{"0":"post-268505","1":"product","2":"type-product","3":"status-publish","4":"has-post-thumbnail","6":"product_cat-black-red-white","7":"product_cat-kitchen-cabinets","9":"first","10":"instock","11":"purchasable","12":"product-type-simple"},"_links":{"self":[{"href":"https:\/\/baldumarket.lt\/lt\/wp-json\/wp\/v2\/product\/268505","targetHints":{"allow":["GET"]}}],"collection":[{"href":"https:\/\/baldumarket.lt\/lt\/wp-json\/wp\/v2\/product"}],"about":[{"href":"https:\/\/baldumarket.lt\/lt\/wp-json\/wp\/v2\/types\/product"}],"replies":[{"embeddable":true,"href":"https:\/\/baldumarket.lt\/lt\/wp-json\/wp\/v2\/comments?post=268505"}],"wp:featuredmedia":[{"embeddable":true,"href":"https:\/\/baldumarket.lt\/lt\/wp-json\/wp\/v2\/media\/268506"}],"wp:attachment":[{"href":"https:\/\/baldumarket.lt\/lt\/wp-json\/wp\/v2\/media?parent=268505"}],"wp:term":[{"taxonomy":"product_brand","embeddable":true,"href":"https:\/\/baldumarket.lt\/lt\/wp-json\/wp\/v2\/product_brand?post=268505"},{"taxonomy":"product_cat","embeddable":true,"href":"https:\/\/baldumarket.lt\/lt\/wp-json\/wp\/v2\/product_cat?post=268505"},{"taxonomy":"product_tag","embeddable":true,"href":"https:\/\/baldumarket.lt\/lt\/wp-json\/wp\/v2\/product_tag?post=268505"}],"curies":[{"name":"wp","href":"https:\/\/api.w.org\/{rel}","templated":true}]}}