{"id":268493,"date":"2026-01-14T00:54:27","date_gmt":"2026-01-13T21:54:27","guid":{"rendered":"https:\/\/baldumarket.lt\/product\/szafka-stojaca-z-trzema-szufladami-i-blatem-40x86-cm-junona-line-bialy-grafit\/"},"modified":"2026-02-11T18:17:48","modified_gmt":"2026-02-11T15:17:48","slug":"szafka-stojaca-z-trzema-szufladami-i-blatem-40x86-cm-junona-line-bialy-grafit","status":"publish","type":"product","link":"https:\/\/baldumarket.lt\/lt\/product\/szafka-stojaca-z-trzema-szufladami-i-blatem-40x86-cm-junona-line-bialy-grafit\/","title":{"rendered":"Pastatoma spintel\u0117 su trimis stal\u010diais ir stalvir\u0161iu 40\u00d786 cm JUNONA LINE balta\/grafito spalvos"},"content":{"rendered":"<p>\u201eJunona Line\u201c apatin\u0117 spintel\u0117 su stal\u010diais \u2013 viskas kontroliuojama. Apatin\u0117 spintel\u0117 su stal\u010diais yra nepakei\u010diamas virtuv\u0117s aksesuaras, padedantis palaikyti tvark\u0105 ir kontroliuoti laikomus daiktus. \u0160ioje 40 \u00d7 86 cm spintel\u0117je yra du gil\u016bs ir vienas negilus stal\u010diai, tod\u0117l ji puikiai tinka laikyti \u012fvairius virtuv\u0117s reikmenis. D\u0117l \u0161io suskirstymo tai puiki vieta puodams, dang\u010diams, stalo \u012frankiams, peiliams ir smulkiems priedams, pavyzd\u017eiui, skustukams ir mentel\u0117ms. Stal\u010diai juda ritininiais b\u0117geliais, u\u017etikrindami skland\u0173 ir tyl\u0173 veikim\u0105, padidindami komfort\u0105.<\/p>\n<p>\u012emontuojama spintel\u0117 u\u017eima 40 \u00d7 60 cm dyd\u017eio erdv\u0119. Stilingas spintel\u0117s dizainas ir prisitaikymas prie \u012fvairi\u0173 virtuv\u0117s i\u0161planavim\u0173 puikiai tinka moderniam, tradiciniam ir klasikiniam interjerui.<\/p>\n<p>Spintel\u0117 pasi\u017eymi minimalistiniu dizainu, baltu korpusu ir grafito spalvos fasadais, kuriuos papildo stilingas r\u0117mas. Kontrastingas auksinio atspalvio \u0105\u017euolo stalvir\u0161is suteikia elegancijos. Modernios, ranken\u0117l\u0117s formos ranken\u0117l\u0117s harmoningai papildo bendr\u0105 dizain\u0105. Pa\u017ei\u016br\u0117kite, kaip priderinti apatin\u0119 spintel\u0119 prie kit\u0173 kolekcijos element\u0173. Atraskite kitus \u201eJunona Line\u201c virtuv\u0117s baldus, esan\u010dius svetain\u0117je emkameble.pl.<\/p>\n<p>Prek\u0117s kodas K24-D3S\/40\/82_ZBL-BI\/GF\/DCRZ Plotis 40 cm Gylis 47 cm Auk\u0161tis 82,5 cm Kolekcija Junona Line Spalva balta\/grafito\/auksin\u0117 dirbtinio \u0105\u017euolo Grafito atspalvis Stilius klasikinis Med\u017eiaga laminatas Korpusas laminatas Priekin\u0117 dalis laminatas Vir\u0161utin\u0117 dalis laminatas 32 mm Dureli\u0173 be stal\u010di\u0173 skai\u010dius Stal\u010di\u0173 skai\u010dius 3 stal\u010diai Rankena su rankenomis Gamintojas Juoda Raudona Balta Baldo tipas Virtuv\u0117s spintel\u0117s PVM 23% EAN 5906123008174<\/p>","protected":false},"excerpt":{"rendered":"<p>\u201eJunona Line\u201c apatin\u0117 spintel\u0117 su stal\u010diais \u2013 viskas kontroliuojama. Apatin\u0117 spintel\u0117 su stal\u010diais yra nepakei\u010diamas virtuv\u0117s aksesuaras, padedantis palaikyti tvark\u0105 ir kontroliuoti laikomus daiktus. \u0160i 40 \u00d7 86 cm spintel\u0117 turi du gilius ir vien\u0105 negil\u0173 stal\u010di\u0173, tod\u0117l puikiai tinka laikyti \u012fvairius virtuv\u0117s reikmenis. D\u0117l \u0161io suskirstymo, [\u2026]<\/p>","protected":false},"featured_media":268494,"comment_status":"open","ping_status":"open","template":"","meta":[],"product_brand":[],"product_cat":[9200,9118],"product_tag":[],"class_list":{"0":"post-268493","1":"product","2":"type-product","3":"status-publish","4":"has-post-thumbnail","6":"product_cat-black-red-white","7":"product_cat-kitchen-cabinets","9":"first","10":"instock","11":"purchasable","12":"product-type-simple"},"_links":{"self":[{"href":"https:\/\/baldumarket.lt\/lt\/wp-json\/wp\/v2\/product\/268493","targetHints":{"allow":["GET"]}}],"collection":[{"href":"https:\/\/baldumarket.lt\/lt\/wp-json\/wp\/v2\/product"}],"about":[{"href":"https:\/\/baldumarket.lt\/lt\/wp-json\/wp\/v2\/types\/product"}],"replies":[{"embeddable":true,"href":"https:\/\/baldumarket.lt\/lt\/wp-json\/wp\/v2\/comments?post=268493"}],"wp:featuredmedia":[{"embeddable":true,"href":"https:\/\/baldumarket.lt\/lt\/wp-json\/wp\/v2\/media\/268494"}],"wp:attachment":[{"href":"https:\/\/baldumarket.lt\/lt\/wp-json\/wp\/v2\/media?parent=268493"}],"wp:term":[{"taxonomy":"product_brand","embeddable":true,"href":"https:\/\/baldumarket.lt\/lt\/wp-json\/wp\/v2\/product_brand?post=268493"},{"taxonomy":"product_cat","embeddable":true,"href":"https:\/\/baldumarket.lt\/lt\/wp-json\/wp\/v2\/product_cat?post=268493"},{"taxonomy":"product_tag","embeddable":true,"href":"https:\/\/baldumarket.lt\/lt\/wp-json\/wp\/v2\/product_tag?post=268493"}],"curies":[{"name":"wp","href":"https:\/\/api.w.org\/{rel}","templated":true}]}}