{"id":268489,"date":"2026-01-14T00:54:24","date_gmt":"2026-01-13T21:54:24","guid":{"rendered":"https:\/\/baldumarket.lt\/product\/szafka-stojaca-z-trzema-szufladami-40x86-cm-junona-line-dab-bernstein-grafit\/"},"modified":"2026-02-11T18:17:48","modified_gmt":"2026-02-11T15:17:48","slug":"szafka-stojaca-z-trzema-szufladami-40x86-cm-junona-line-dab-bernstein-grafit","status":"publish","type":"product","link":"https:\/\/baldumarket.lt\/lt\/product\/szafka-stojaca-z-trzema-szufladami-40x86-cm-junona-line-dab-bernstein-grafit\/","title":{"rendered":"Pastatoma spintel\u0117 su trimis stal\u010diais 40&#215;86 cm JUNONA LINE Bernstein \u0105\u017euolas\/grafitas"},"content":{"rendered":"<p>\u201eJunona Line\u201c apatin\u0117 spintel\u0117 su stal\u010diais \u2013 viskas kontroliuojama. Apatin\u0117 spintel\u0117 su stal\u010diais yra nepakei\u010diamas virtuv\u0117s \u012frangos elementas, leid\u017eiantis lengviau palaikyti tvark\u0105 ir kontroliuoti laikomus daiktus. \u0160i 40 \u00d7 86 cm spintel\u0117 turi du gilius ir vien\u0105 negil\u0173 stal\u010di\u0173, tod\u0117l puikiai tinka laikyti \u012fvairius virtuv\u0117s priedus. D\u0117l \u0161io suskirstymo tai puiki vieta puodams, dang\u010diams, stalo \u012frankiams, peiliams ir smulkiems priedams, pavyzd\u017eiui, skustukams ir mentel\u0117ms. Stal\u010diai ant ritinini\u0173 b\u0117geli\u0173 u\u017etikrina skland\u0173 ir tyl\u0173 veikim\u0105, padidindami komfort\u0105. \u012emontuojama spintel\u0117 u\u017eima 40 \u00d7 60 cm plot\u0105. Stilingas spintel\u0117s dizainas kartu su prisitaikymu prie \u012fvairi\u0173 virtuv\u0117s i\u0161planavim\u0173 puikiai tinka moderniam, tradiciniam ir klasikiniam interjerui. Spintel\u0117 pasi\u017eymi minimalistiniu dizainu, su Bernstein \u0105\u017euolo korpusu ir grafito spalvos fasadais, kuriuos papildo stilingas r\u0117mas. Modernios, ranken\u0117l\u0117s formos ranken\u0117l\u0117s harmoningai papildo bendr\u0105 dizain\u0105.<\/p>\n<p>Pa\u017ei\u016br\u0117kite, kaip derinti apatin\u0119 spintel\u0119 su kitais kolekcijos elementais. Atraskite kitus \u201eJunona Line\u201c virtuv\u0117s baldus, kuriuos galite \u012fsigyti svetain\u0117je emkameble.pl<\/p>\n<p>Prek\u0117s kodas K24-D3S\/40\/82_BBL-DBT\/GF Plotis 40 cm Gylis 47 cm Auk\u0161tis 82,5 cm Kolekcija Junona Line Spalva bernstein \u0105\u017euolas\/grafitas Gaubtas grafitas Skandinavi\u0161ko stiliaus Med\u017eiaga laminatas Korpusas laminatas Priekin\u0117 dalis laminatas Vir\u0161us be vir\u0161utin\u0117s dalies Dureli\u0173 skai\u010dius be dur\u0173 Stal\u010di\u0173 skai\u010dius 3 stal\u010diai Rankena su rankenomis Gamintojas Juoda Raudona Balta Baldo tipas Virtuv\u0117s spintel\u0117s PVM 23% EAN 5906123046756<\/p>","protected":false},"excerpt":{"rendered":"<p>\u201eJunona Line\u201c apatin\u0117 spintel\u0117 su stal\u010diais \u2013 viskas kontroliuojama. Apatin\u0117 spintel\u0117 su stal\u010diais yra nepakei\u010diamas virtuv\u0117s \u012frangos elementas, leid\u017eiantis lengviau palaikyti tvark\u0105 ir kontroliuoti laikomus daiktus. \u0160i 40 \u00d7 86 cm spintel\u0117 turi du gilius ir vien\u0105 negil\u0173 stal\u010di\u0173, tod\u0117l puikiai tinka laikyti \u012fvairius virtuv\u0117s reikmenis. [\u2026]<\/p>","protected":false},"featured_media":268490,"comment_status":"open","ping_status":"open","template":"","meta":[],"product_brand":[],"product_cat":[9200,9118],"product_tag":[],"class_list":{"0":"post-268489","1":"product","2":"type-product","3":"status-publish","4":"has-post-thumbnail","6":"product_cat-black-red-white","7":"product_cat-kitchen-cabinets","9":"first","10":"instock","11":"purchasable","12":"product-type-simple"},"_links":{"self":[{"href":"https:\/\/baldumarket.lt\/lt\/wp-json\/wp\/v2\/product\/268489","targetHints":{"allow":["GET"]}}],"collection":[{"href":"https:\/\/baldumarket.lt\/lt\/wp-json\/wp\/v2\/product"}],"about":[{"href":"https:\/\/baldumarket.lt\/lt\/wp-json\/wp\/v2\/types\/product"}],"replies":[{"embeddable":true,"href":"https:\/\/baldumarket.lt\/lt\/wp-json\/wp\/v2\/comments?post=268489"}],"wp:featuredmedia":[{"embeddable":true,"href":"https:\/\/baldumarket.lt\/lt\/wp-json\/wp\/v2\/media\/268490"}],"wp:attachment":[{"href":"https:\/\/baldumarket.lt\/lt\/wp-json\/wp\/v2\/media?parent=268489"}],"wp:term":[{"taxonomy":"product_brand","embeddable":true,"href":"https:\/\/baldumarket.lt\/lt\/wp-json\/wp\/v2\/product_brand?post=268489"},{"taxonomy":"product_cat","embeddable":true,"href":"https:\/\/baldumarket.lt\/lt\/wp-json\/wp\/v2\/product_cat?post=268489"},{"taxonomy":"product_tag","embeddable":true,"href":"https:\/\/baldumarket.lt\/lt\/wp-json\/wp\/v2\/product_tag?post=268489"}],"curies":[{"name":"wp","href":"https:\/\/api.w.org\/{rel}","templated":true}]}}