{"id":268474,"date":"2026-01-14T00:54:11","date_gmt":"2026-01-13T21:54:11","guid":{"rendered":"https:\/\/baldumarket.lt\/product\/szafka-stojaca-z-trzema-szufladami-40x82-cm-junona-line-bialy-grafit\/"},"modified":"2026-02-11T18:17:48","modified_gmt":"2026-02-11T15:17:48","slug":"szafka-stojaca-z-trzema-szufladami-40x82-cm-junona-line-bialy-grafit","status":"publish","type":"product","link":"https:\/\/baldumarket.lt\/lt\/product\/szafka-stojaca-z-trzema-szufladami-40x82-cm-junona-line-bialy-grafit\/","title":{"rendered":"Pastatoma spintel\u0117 su trimis stal\u010diais, 40&#215;82 cm, JUNONA LINE, balta\/grafito spalvos"},"content":{"rendered":"<p>\u201eJunona Line 40\u201c apatin\u0117 spintel\u0117 su trimis stal\u010diais: puikus bet kurios virtuv\u0117s papildymas, ypa\u010d t\u0173, kuriose yra ribota erdv\u0117. \u0160i siaura, bet erdvi 40 cm x 82 cm spintel\u0117 turi tris stal\u010dius, tod\u0117l tai puikus sprendimas \u012fvairiems virtuv\u0117s priedams laikyti. Auk\u0161tos kokyb\u0117s b\u0117geliai leid\u017eia lengvai atidaryti ir u\u017edaryti stal\u010dius minimaliomis pastangomis. Baltas korpusas ir grafitiniai fasadai tinka \u012fvairiems virtuv\u0117s stiliams \u2013 nuo modernaus iki klasikinio. Paprasta grafitin\u0117 rankena suteikia mading\u0105 akcent\u0105, o juodos ir auksin\u0117s spalvos metalinis skal\u016bno stalvir\u0161is u\u017ebaigia i\u0161vaizd\u0105. Verta pamin\u0117ti, kad \u0161i spintel\u0117 priklauso \u201eJunona Line\u201c kolekcijai, tod\u0117l j\u0105 galite lengvai derinti su kitais kolekcijos baldais ir sukurti darn\u0173 virtuv\u0117s i\u0161d\u0117stym\u0105. D\u0117l savo talpumo ir esteti\u0161kos apdailos \u0161i spintel\u0117 yra puikus sprendimas virtuv\u0117ms su ribota erdve, kur svarbus kiekvienas centimetras.<\/p>\n<p>Prek\u0117s kodas K24-D3S\/40\/82_BBL-BI\/GF Simbolis ZM EAN Plotis 40 cm Gylis 47 cm Auk\u0161tis 82,5 cm Kolekcija Junona Line Spalva balta\/grafito Grafito atspalvis Stilius klasikinis Korpusas laminatas Priekin\u0117 pl\u0117vel\u0117 Vir\u0161us be vir\u0161utin\u0117s dalies Dureli\u0173 skai\u010dius be dur\u0173 Stal\u010di\u0173 skai\u010dius 3 stal\u010diai Rankena su rankenomis Gamintojas Juoda Raudona Balta Baldo tipas Virtuv\u0117s spintel\u0117s PVM 23% EAN 5906123540643<\/p>","protected":false},"excerpt":{"rendered":"<p>Junona Line 40 Base Cabinet with Three Drawers: The perfect addition to any kitchen, especially those with limited space. This narrow yet spacious 40 cm x 82 cm cabinet features three drawers, making it the perfect storage solution for various kitchen accessories. High-quality runners allow for easy opening and closing of the drawers with minimal [&hellip;]<\/p>","protected":false},"featured_media":268475,"comment_status":"open","ping_status":"open","template":"","meta":[],"product_brand":[],"product_cat":[9200,9118],"product_tag":[],"class_list":{"0":"post-268474","1":"product","2":"type-product","3":"status-publish","4":"has-post-thumbnail","6":"product_cat-black-red-white","7":"product_cat-kitchen-cabinets","9":"first","10":"instock","11":"purchasable","12":"product-type-simple"},"_links":{"self":[{"href":"https:\/\/baldumarket.lt\/lt\/wp-json\/wp\/v2\/product\/268474","targetHints":{"allow":["GET"]}}],"collection":[{"href":"https:\/\/baldumarket.lt\/lt\/wp-json\/wp\/v2\/product"}],"about":[{"href":"https:\/\/baldumarket.lt\/lt\/wp-json\/wp\/v2\/types\/product"}],"replies":[{"embeddable":true,"href":"https:\/\/baldumarket.lt\/lt\/wp-json\/wp\/v2\/comments?post=268474"}],"wp:featuredmedia":[{"embeddable":true,"href":"https:\/\/baldumarket.lt\/lt\/wp-json\/wp\/v2\/media\/268475"}],"wp:attachment":[{"href":"https:\/\/baldumarket.lt\/lt\/wp-json\/wp\/v2\/media?parent=268474"}],"wp:term":[{"taxonomy":"product_brand","embeddable":true,"href":"https:\/\/baldumarket.lt\/lt\/wp-json\/wp\/v2\/product_brand?post=268474"},{"taxonomy":"product_cat","embeddable":true,"href":"https:\/\/baldumarket.lt\/lt\/wp-json\/wp\/v2\/product_cat?post=268474"},{"taxonomy":"product_tag","embeddable":true,"href":"https:\/\/baldumarket.lt\/lt\/wp-json\/wp\/v2\/product_tag?post=268474"}],"curies":[{"name":"wp","href":"https:\/\/api.w.org\/{rel}","templated":true}]}}