{"id":268473,"date":"2026-01-14T00:54:10","date_gmt":"2026-01-13T21:54:10","guid":{"rendered":"https:\/\/baldumarket.lt\/product\/szafka-stojaca-z-blatem-prawa-50x86-cm-junona-line-wenge-dab-sonoma\/"},"modified":"2026-02-11T18:17:49","modified_gmt":"2026-02-11T15:17:49","slug":"szafka-stojaca-z-blatem-prawa-50x86-cm-junona-line-wenge-dab-sonoma","status":"publish","type":"product","link":"https:\/\/baldumarket.lt\/lt\/product\/szafka-stojaca-z-blatem-prawa-50x86-cm-junona-line-wenge-dab-sonoma\/","title":{"rendered":"De\u0161iniojo pastatomoji spintel\u0117 su stalvir\u0161iu, 50\u00d786 cm, JUNONA LINE, wenge\/sonoma \u0105\u017euolas"},"content":{"rendered":"<p>\u201eJunona Line\u201c apatin\u0117 spintel\u0117 su stalvir\u0161iu \u2013 tiems, kurie trok\u0161ta funkcionalios virtuv\u0117s. Apatin\u0117 spintel\u0117 turi prakti\u0161k\u0105 lentyn\u0105, kuri padalija vid\u0173 \u012f dvi dalis, leisdama lengvai susisteminti virtuv\u0117s priedus pagal naudotojo poreikius. Optimal\u016bs 50 \u00d7 86 cm matmenys puikiai tinka net ir ma\u017eose virtuv\u0117se, padeda efektyviai i\u0161naudoti turim\u0105 erdv\u0119 \u0161alia orkait\u0117s, kriaukl\u0117s ir \u0161iuk\u0161liad\u0117\u017e\u0117s. \u012emontuojama spintel\u0117 su stalvir\u0161iu u\u017eima 50 \u00d7 60 cm erdv\u0119 ir atsidaro \u012f de\u0161in\u0119. Spintel\u0117 pasi\u017eymi minimalistiniu dizainu, su venge spalvos korpusu ir lygiais Sonoma \u0105\u017euolo fasadais su venge spalvos \u012fd\u0117klu. Kontrastingas Sonoma \u0105\u017euolo stalvir\u0161is suteikia elegancijos. Be to, spintel\u0117 turi nesenstan\u010di\u0105 satinin\u0119 ranken\u0117l\u0119, kuri ne tik palengvina atidarym\u0105, bet ir suteikia charakterio. Kitus \u201eJunona Line\u201c kolekcijos elementus ir priedus galite \u012fsigyti adresu emkameble.pl. Moduliniai virtuv\u0117s baldai \u2013 sprendimas ne tik ma\u017eoms, bet ir didesn\u0117ms virtuv\u0117ms. Derinkite apatin\u0119 spintel\u0119 su kitais \u201eJunona Line\u201c kolekcijos elementais ir sukurkite savo poreikiams pritaikyt\u0105 komplekt\u0105.<\/p>\n<p>Prek\u0117s kodas K24-D1D\/50\/82_P_ZBL-WE\/DSO\/DSO Plotis 50 cm Gylis 47 cm Auk\u0161tis 82,5 cm Kolekcija Junona Line Spalva venge\/sonoma \u0105\u017euolas Gaubtas \u0161viesi mediena Stilius modernus Med\u017eiaga laminatas Korpusas laminatas Priekin\u0117 dalis laminatas Vir\u0161utin\u0117 dalis laminatas 32 mm Dureli\u0173 skai\u010dius 1 dur\u0173 Stal\u010di\u0173 skai\u010dius be stal\u010di\u0173 Rankena su rankenomis Gamintojas Juoda Raudona Balta Baldo tipas Virtuv\u0117s spintel\u0117s PVM 23% EAN 5906123007993<\/p>","protected":false},"excerpt":{"rendered":"<p>\u201eJunona Line\u201c apatin\u0117 spintel\u0117 su stalvir\u0161iu \u2013 tiems, kurie nori funkcionalios virtuv\u0117s. Apatin\u0117je spintel\u0117je yra prakti\u0161ka lentyna, kuri padalija vid\u0173 \u012f dvi dalis, tod\u0117l virtuv\u0117s reikmenis lengva susisteminti pagal naudotojo poreikius. Optimal\u016bs 50 \u00d7 86 cm matmenys leid\u017eia puikiai tinka net ir ma\u017eoms virtuv\u0117ms, [\u2026]<\/p>","protected":false},"featured_media":0,"comment_status":"open","ping_status":"open","template":"","meta":[],"product_brand":[],"product_cat":[9200,9118],"product_tag":[],"class_list":{"0":"post-268473","1":"product","2":"type-product","3":"status-publish","5":"product_cat-black-red-white","6":"product_cat-kitchen-cabinets","8":"first","9":"instock","10":"purchasable","11":"product-type-simple"},"_links":{"self":[{"href":"https:\/\/baldumarket.lt\/lt\/wp-json\/wp\/v2\/product\/268473","targetHints":{"allow":["GET"]}}],"collection":[{"href":"https:\/\/baldumarket.lt\/lt\/wp-json\/wp\/v2\/product"}],"about":[{"href":"https:\/\/baldumarket.lt\/lt\/wp-json\/wp\/v2\/types\/product"}],"replies":[{"embeddable":true,"href":"https:\/\/baldumarket.lt\/lt\/wp-json\/wp\/v2\/comments?post=268473"}],"wp:attachment":[{"href":"https:\/\/baldumarket.lt\/lt\/wp-json\/wp\/v2\/media?parent=268473"}],"wp:term":[{"taxonomy":"product_brand","embeddable":true,"href":"https:\/\/baldumarket.lt\/lt\/wp-json\/wp\/v2\/product_brand?post=268473"},{"taxonomy":"product_cat","embeddable":true,"href":"https:\/\/baldumarket.lt\/lt\/wp-json\/wp\/v2\/product_cat?post=268473"},{"taxonomy":"product_tag","embeddable":true,"href":"https:\/\/baldumarket.lt\/lt\/wp-json\/wp\/v2\/product_tag?post=268473"}],"curies":[{"name":"wp","href":"https:\/\/api.w.org\/{rel}","templated":true}]}}