{"id":268465,"date":"2026-01-14T00:54:03","date_gmt":"2026-01-13T21:54:03","guid":{"rendered":"https:\/\/baldumarket.lt\/product\/szafka-stojaca-z-blatem-prawa-50x86-cm-junona-line-dab-bernstein-dab-bernstein\/"},"modified":"2026-02-11T18:17:49","modified_gmt":"2026-02-11T15:17:49","slug":"szafka-stojaca-z-blatem-prawa-50x86-cm-junona-line-dab-bernstein-dab-bernstein","status":"publish","type":"product","link":"https:\/\/baldumarket.lt\/lt\/product\/szafka-stojaca-z-blatem-prawa-50x86-cm-junona-line-dab-bernstein-dab-bernstein\/","title":{"rendered":"De\u0161iniojo pastatomo spintel\u0117s su stalvir\u0161iu 50&#215;86 cm JUNONA LINE Bernstein \u0105\u017euolas\/Bernstein \u0105\u017euolas"},"content":{"rendered":"<p>\u201eJunona Line\u201c apatin\u0117 spintel\u0117 su stalvir\u0161iu skirta tiems, kurie trok\u0161ta funkcionalios virtuv\u0117s.<\/p>\n<p>Apatin\u0117 spintel\u0117 turi prakti\u0161k\u0105 lentyn\u0105, kuri padalija vid\u0173 \u012f dvi dalis, tod\u0117l galite lengvai susisteminti virtuv\u0117s reikmenis pagal savo poreikius. Optimal\u016bs 50 \u00d7 86 cm matmenys leid\u017eia jai puikiai tikti net ir ma\u017eose virtuv\u0117se, efektyviai i\u0161naudojant erdv\u0119 \u0161alia orkait\u0117s, kriaukl\u0117s ir \u0161iuk\u0161liad\u0117\u017e\u0117s. \u012emontuojama spintel\u0117 su stalvir\u0161iu yra 50 \u00d7 60 cm dyd\u017eio ir atsidaro \u012f de\u0161in\u0119. Spintel\u0117 pasi\u017eymi minimalistiniu dizainu, su Bernstein \u0105\u017euolo korpusu ir lygiais tos pa\u010dios spalvos fasadais su dekoratyviniu juodu \u012fd\u0117klu. Kontrastingas juodas ir auksinis metalinis skal\u016bno stalvir\u0161is suteikia elegancijos. Be to, spintel\u0117 turi nesenstan\u010di\u0105, paprast\u0105 juod\u0105 ranken\u0117l\u0119, kuri ne tik palengvina atidarym\u0105, bet ir suteikia charakterio. Kitus \u201eJunona Line\u201c kolekcijos elementus ir aksesuarus galite \u012fsigyti svetain\u0117je emkameble.pl. Moduliniai virtuv\u0117s baldai \u2013 tai sprendimas ne tik ma\u017eoms, bet ir didesn\u0117ms virtuv\u0117ms. Derinkite apatin\u0119 spintel\u0119 su kitais \u201eJunona Line\u201c kolekcijos elementais ir sukurkite savo poreikiams pritaikyt\u0105 komplekt\u0105.<\/p>\n<p>Prek\u0117s kodas K24-D1D\/50\/82_P_ZBL-DBT\/LMC Plotis 50 cm Gylis 47 cm Auk\u0161tis 85,7 cm Kolekcija Junona Line Spalva bernstein \u0105\u017euolas Atspalvis \u0161viesi mediena Stilius modernus Med\u017eiaga laminatas Korpusas laminatas Priekin\u0117 dalis laminatas Vir\u0161utin\u0117 dalis laminatas 32 mm Dureli\u0173 skai\u010dius 1 dur\u0173 Stal\u010di\u0173 skai\u010dius be stal\u010di\u0173 Rankena su rankenomis Gamintojas Juoda Raudona Balta Baldo tipas Virtuv\u0117s spintel\u0117s PVM 23% EAN 5906123046541<\/p>","protected":false},"excerpt":{"rendered":"<p>The Junona Line base cabinet with countertop is for those who desire a functional kitchen. The base cabinet features a practical shelf that divides the interior into two sections, allowing you to easily organize kitchen accessories according to your needs. Its optimal dimensions of 50&#215;86 cm make it a perfect fit even in small kitchens, [&hellip;]<\/p>","protected":false},"featured_media":268466,"comment_status":"open","ping_status":"open","template":"","meta":[],"product_brand":[],"product_cat":[9200,9118],"product_tag":[],"class_list":{"0":"post-268465","1":"product","2":"type-product","3":"status-publish","4":"has-post-thumbnail","6":"product_cat-black-red-white","7":"product_cat-kitchen-cabinets","9":"first","10":"instock","11":"purchasable","12":"product-type-simple"},"_links":{"self":[{"href":"https:\/\/baldumarket.lt\/lt\/wp-json\/wp\/v2\/product\/268465","targetHints":{"allow":["GET"]}}],"collection":[{"href":"https:\/\/baldumarket.lt\/lt\/wp-json\/wp\/v2\/product"}],"about":[{"href":"https:\/\/baldumarket.lt\/lt\/wp-json\/wp\/v2\/types\/product"}],"replies":[{"embeddable":true,"href":"https:\/\/baldumarket.lt\/lt\/wp-json\/wp\/v2\/comments?post=268465"}],"wp:featuredmedia":[{"embeddable":true,"href":"https:\/\/baldumarket.lt\/lt\/wp-json\/wp\/v2\/media\/268466"}],"wp:attachment":[{"href":"https:\/\/baldumarket.lt\/lt\/wp-json\/wp\/v2\/media?parent=268465"}],"wp:term":[{"taxonomy":"product_brand","embeddable":true,"href":"https:\/\/baldumarket.lt\/lt\/wp-json\/wp\/v2\/product_brand?post=268465"},{"taxonomy":"product_cat","embeddable":true,"href":"https:\/\/baldumarket.lt\/lt\/wp-json\/wp\/v2\/product_cat?post=268465"},{"taxonomy":"product_tag","embeddable":true,"href":"https:\/\/baldumarket.lt\/lt\/wp-json\/wp\/v2\/product_tag?post=268465"}],"curies":[{"name":"wp","href":"https:\/\/api.w.org\/{rel}","templated":true}]}}