{"id":268308,"date":"2026-01-14T00:51:50","date_gmt":"2026-01-13T21:51:50","guid":{"rendered":"https:\/\/baldumarket.lt\/product\/szafka-stojaca-prawa-50x82-cm-junona-line-bialy-jasny-szary-polysk\/"},"modified":"2026-02-11T18:17:53","modified_gmt":"2026-02-11T15:17:53","slug":"szafka-stojaca-prawa-50x82-cm-junona-line-bialy-jasny-szary-polysk","status":"publish","type":"product","link":"https:\/\/baldumarket.lt\/lt\/product\/szafka-stojaca-prawa-50x82-cm-junona-line-bialy-jasny-szary-polysk\/","title":{"rendered":"De\u0161in\u0117 apatin\u0117 spintel\u0117, 50\u00d782 cm, JUNONA LINE, balta\/\u0161viesiai pilka blizgi"},"content":{"rendered":"<p>\u201eJunona Line\u201c apatin\u0117 spintel\u0117 50x82 cm. Apatin\u0117 spintel\u0117 yra puikus pasirinkimas, jei norite maksimaliai i\u0161naudoti savo virtuv\u0117s erdv\u0119. D\u0117l savo dizaino su prakti\u0161ka lentyna \u0161i spintel\u0117 leid\u017eia padalinti vid\u0173 \u012f dvi dalis, tod\u0117l lengva laikyti ir tvarkyti virtuv\u0117s reikmenis. \u0160is baldas puikiai tinka laikyti maisto ruo\u0161imui reikalingus daiktus. Nesvarbu, ar turite didel\u0119, ar ma\u017e\u0105 virtuv\u0119, 50x82 cm apatin\u0117 spintel\u0117 ras sau viet\u0105 j\u016bs\u0173 interjere. Tai de\u0161inin\u0117s rankos modelis, o tai rei\u0161kia, kad durys atsidaro \u012f de\u0161in\u0119. \u201eJunona Line\u201c kolekcijos spalv\u0173 gama su baltu korpusu ir baltais blizgios \u0161viesiai pilkos spalvos fasadais sukuria minimalistin\u012f dizain\u0105, kuris papildo modernias virtuves. Paprastos ranken\u0117l\u0117s ir stilinga apdaila suteikia visai kolekcijai eleganti\u0161k\u0105 ir modern\u0173 vaizd\u0105. \u201eJunona Line\u201c kolekcijoje taip pat si\u016blomi \u012fvair\u016bs kiti virtuv\u0117s baldai, kuriuos galite derinti, kad sukurtum\u0117te funkcionali\u0105 ir darni\u0105 virtuv\u0117s erdv\u0119.<\/p>\n<p>Produkto kodas K24-D1D\/50\/82_P_BBL-BI\/JSZP Simbolis ZM EAN Plotis 50 cm Gylis 47 cm Auk\u0161tis 82,5 cm Kolekcija Junona Line Spalva balta\/\u0161viesiai pilka blizgi Pilka atspalvis Stilius modernus Korpusas laminatas Priekin\u0117 dalis laminatas Vir\u0161us be vir\u0161utin\u0117s dalies Dureli\u0173 skai\u010dius 1 dur\u0173 Stal\u010di\u0173 skai\u010dius be stal\u010di\u0173 Rankena su rankenomis Gamintojas Juoda Raudona Balta Baldo tipas Virtuv\u0117s spintel\u0117s PVM 23% EAN 5906123539920<\/p>","protected":false},"excerpt":{"rendered":"<p>\u201eJunona Line\u201c apatin\u0117 spintel\u0117 50x82 cm. Apatin\u0117 spintel\u0117 yra puikus pasirinkimas, jei norite maksimaliai i\u0161naudoti savo virtuv\u0117s erdv\u0119. D\u0117l savo dizaino su prakti\u0161ka lentyna \u0161i spintel\u0117 leid\u017eia padalinti vid\u0173 \u012f dvi dalis, tod\u0117l lengva laikyti ir tvarkyti virtuv\u0117s reikmenis. \u0160is baldas puikiai tinka daiktams laikyti [\u2026]<\/p>","protected":false},"featured_media":268309,"comment_status":"open","ping_status":"open","template":"","meta":[],"product_brand":[],"product_cat":[9200,9118],"product_tag":[],"class_list":{"0":"post-268308","1":"product","2":"type-product","3":"status-publish","4":"has-post-thumbnail","6":"product_cat-black-red-white","7":"product_cat-kitchen-cabinets","9":"first","10":"instock","11":"purchasable","12":"product-type-simple"},"_links":{"self":[{"href":"https:\/\/baldumarket.lt\/lt\/wp-json\/wp\/v2\/product\/268308","targetHints":{"allow":["GET"]}}],"collection":[{"href":"https:\/\/baldumarket.lt\/lt\/wp-json\/wp\/v2\/product"}],"about":[{"href":"https:\/\/baldumarket.lt\/lt\/wp-json\/wp\/v2\/types\/product"}],"replies":[{"embeddable":true,"href":"https:\/\/baldumarket.lt\/lt\/wp-json\/wp\/v2\/comments?post=268308"}],"wp:featuredmedia":[{"embeddable":true,"href":"https:\/\/baldumarket.lt\/lt\/wp-json\/wp\/v2\/media\/268309"}],"wp:attachment":[{"href":"https:\/\/baldumarket.lt\/lt\/wp-json\/wp\/v2\/media?parent=268308"}],"wp:term":[{"taxonomy":"product_brand","embeddable":true,"href":"https:\/\/baldumarket.lt\/lt\/wp-json\/wp\/v2\/product_brand?post=268308"},{"taxonomy":"product_cat","embeddable":true,"href":"https:\/\/baldumarket.lt\/lt\/wp-json\/wp\/v2\/product_cat?post=268308"},{"taxonomy":"product_tag","embeddable":true,"href":"https:\/\/baldumarket.lt\/lt\/wp-json\/wp\/v2\/product_tag?post=268308"}],"curies":[{"name":"wp","href":"https:\/\/api.w.org\/{rel}","templated":true}]}}