{"id":268296,"date":"2026-01-14T00:51:38","date_gmt":"2026-01-13T21:51:38","guid":{"rendered":"https:\/\/baldumarket.lt\/product\/szafka-stojaca-prawa-40x86-cm-junona-line-dab-bernstein-dab-bernstein\/"},"modified":"2026-02-11T18:17:53","modified_gmt":"2026-02-11T15:17:53","slug":"szafka-stojaca-prawa-40x86-cm-junona-line-dab-bernstein-dab-bernstein","status":"publish","type":"product","link":"https:\/\/baldumarket.lt\/lt\/product\/szafka-stojaca-prawa-40x86-cm-junona-line-dab-bernstein-dab-bernstein\/","title":{"rendered":"De\u0161inin\u0117 pastatoma spintel\u0117 40\u00d786 cm JUNONA LINE Bernstein \u0105\u017euolas\/Bernstein \u0105\u017euolas"},"content":{"rendered":"<p>\u201eJunona Line\u201c apatin\u0117 spintel\u0117 skirta tiems, kurie trok\u0161ta funkcionalios virtuv\u0117s.<br \/>\nApatin\u0117je spintel\u0117je yra prakti\u0161ka lentyna, kuri padalija vid\u0173 \u012f dvi dalis, tod\u0117l virtuv\u0117s reikmenis lengva susid\u0117ti pagal naudotojo poreikius. Optimal\u016bs 40 \u00d7 86 cm matmenys leid\u017eia puikiai tinka net ma\u017eoms virtuv\u0117ms, efektyviai i\u0161naudojant erdv\u0119 \u0161alia orkait\u0117s, kriaukl\u0117s ir \u0161iuk\u0161liad\u0117\u017e\u0117s.<br \/>\n\u012emontuojama spintel\u0117 su stalvir\u0161iu u\u017eima 40 \u00d7 60 cm dyd\u017eio erdv\u0119 ir atsidaro \u012f de\u0161in\u0119. Spintel\u0117 pasi\u017eymi minimalistiniu dizainu, su Bernstein \u0105\u017euolo korpusu ir lygiais tos pa\u010dios spalvos fasadais su dekoratyviniu juodu \u012fd\u0117klu. Be to, spintel\u0117 turi nesenstan\u010di\u0105, paprast\u0105 juod\u0105 ranken\u0117l\u0119, kuri ne tik palengvina atidarym\u0105, bet ir suteikia charakterio. Kitus \u201eJunona Line\u201c kolekcijos elementus ir priedus galite \u012fsigyti svetain\u0117je emkameble.pl. Moduliniai virtuv\u0117s baldai \u2013 sprendimas ne tik ma\u017eoms, bet ir didesn\u0117ms virtuv\u0117ms. Derinkite apatin\u0119 spintel\u0119 su kitais \u201eJunona Line\u201c kolekcijos elementais ir sukurkite savo poreikiams pritaikyt\u0105 komplekt\u0105.<\/p>\n<p>Prek\u0117s kodas K24-D1D\/40\/82_P_BBL-DBT Plotis 40 cm Gylis 47 cm Auk\u0161tis 82,5 cm Kolekcija Junona Line Spalva bernstein \u0105\u017euolas Atspalvis \u0161viesi mediena Stilius modernus Med\u017eiaga laminatas Korpusas laminatas Priekin\u0117 dalis laminatas Vir\u0161us be vir\u0161utin\u0117s dalies Dureli\u0173 skai\u010dius 1 dur\u0173 Stal\u010di\u0173 skai\u010dius be stal\u010di\u0173 Rankena su rankenomis Gamintojas Juoda Raudona Balta Baldo tipas Virtuv\u0117s spintel\u0117s PVM 23% EAN 5906123046381<\/p>","protected":false},"excerpt":{"rendered":"<p>\u201eJunona Line\u201c apatin\u0117 spintel\u0117 skirta tiems, kurie nori funkcionalios virtuv\u0117s. Apatin\u0117je spintel\u0117je yra prakti\u0161ka lentyna, kuri padalija vid\u0173 \u012f dvi dalis, tod\u0117l virtuv\u0117s reikmenis lengva susisteminti pagal naudotojo poreikius. Optimal\u016bs 40 \u00d7 86 cm matmenys leid\u017eia j\u0105 puikiai pritaikyti net ma\u017eoms virtuv\u0117ms, padedant [\u2026]<\/p>","protected":false},"featured_media":268297,"comment_status":"open","ping_status":"open","template":"","meta":[],"product_brand":[],"product_cat":[9200,9118],"product_tag":[],"class_list":{"0":"post-268296","1":"product","2":"type-product","3":"status-publish","4":"has-post-thumbnail","6":"product_cat-black-red-white","7":"product_cat-kitchen-cabinets","9":"first","10":"instock","11":"purchasable","12":"product-type-simple"},"_links":{"self":[{"href":"https:\/\/baldumarket.lt\/lt\/wp-json\/wp\/v2\/product\/268296","targetHints":{"allow":["GET"]}}],"collection":[{"href":"https:\/\/baldumarket.lt\/lt\/wp-json\/wp\/v2\/product"}],"about":[{"href":"https:\/\/baldumarket.lt\/lt\/wp-json\/wp\/v2\/types\/product"}],"replies":[{"embeddable":true,"href":"https:\/\/baldumarket.lt\/lt\/wp-json\/wp\/v2\/comments?post=268296"}],"wp:featuredmedia":[{"embeddable":true,"href":"https:\/\/baldumarket.lt\/lt\/wp-json\/wp\/v2\/media\/268297"}],"wp:attachment":[{"href":"https:\/\/baldumarket.lt\/lt\/wp-json\/wp\/v2\/media?parent=268296"}],"wp:term":[{"taxonomy":"product_brand","embeddable":true,"href":"https:\/\/baldumarket.lt\/lt\/wp-json\/wp\/v2\/product_brand?post=268296"},{"taxonomy":"product_cat","embeddable":true,"href":"https:\/\/baldumarket.lt\/lt\/wp-json\/wp\/v2\/product_cat?post=268296"},{"taxonomy":"product_tag","embeddable":true,"href":"https:\/\/baldumarket.lt\/lt\/wp-json\/wp\/v2\/product_tag?post=268296"}],"curies":[{"name":"wp","href":"https:\/\/api.w.org\/{rel}","templated":true}]}}