{"id":268293,"date":"2026-01-14T00:51:34","date_gmt":"2026-01-13T21:51:34","guid":{"rendered":"https:\/\/baldumarket.lt\/product\/szafka-stojaca-prawa-40x82-cm-junona-line-wenge-dab-sonoma\/"},"modified":"2026-02-11T18:17:54","modified_gmt":"2026-02-11T15:17:54","slug":"szafka-stojaca-prawa-40x82-cm-junona-line-wenge-dab-sonoma","status":"publish","type":"product","link":"https:\/\/baldumarket.lt\/lt\/product\/szafka-stojaca-prawa-40x82-cm-junona-line-wenge-dab-sonoma\/","title":{"rendered":"De\u0161in\u0117 apatin\u0117 spintel\u0117, 40\u00d782 cm, JUNONA LINE, venge\/sonoma \u0105\u017euolas"},"content":{"rendered":"<p>\u201eJunona Line\u201c 40 \u00d7 82 cm apatin\u0117 virtuv\u0117s spintel\u0117 \u2013 prakti\u0161kas sprendimas virtuv\u0117s erdvei sutvarkyti. D\u0117l lentynos \u0161i spintel\u0117 leid\u017eia padalinti interjer\u0105 \u012f dvi zonas, tod\u0117l patogu laikyti tiek kasdienius, tiek re\u010diau naudojamus daiktus. Stalvir\u0161iai \u012f \u0161ios spintel\u0117s komplekt\u0105 ne\u012feina, ta\u010diau juos galima \u012fsigyti atskirai. 50 \u00d7 82 cm spintel\u0117 yra universali ir puikiai tinka tiek ma\u017eesn\u0117se virtuv\u0117l\u0117se, tiek didesn\u0117se virtuv\u0117s erdv\u0117se. Tai de\u0161inin\u0117s rankos modelis, o tai rei\u0161kia, kad durel\u0117s atsidaro \u012f de\u0161in\u0119. Jei vertinate modern\u0173 dizain\u0105 su klasikin\u0117s elegancijos elementais, \u201eJunona Line\u201c virtuv\u0117s kolekcija kaip tik Jums. Wenge spalvos korpusas ir Sonoma \u0105\u017euolo fasadai sukuria stiling\u0105 derin\u012f, o minimalistin\u0117 rankena suteikia baldams modernumo. \u201eJunona Line\u201c kolekcijoje si\u016bloma \u012fvairi\u0173 element\u0173, kuriuos galima derinti, siekiant sukurti darni\u0105 ir funkcionali\u0105 virtuv\u0117s erdv\u0119.<\/p>\n<p>Prek\u0117s kodas K24-D1D\/40\/82_P_BBL-WE\/DSO Simbolis ZM EAN Plotis 40 cm Gylis 47 cm Auk\u0161tis 82,5 cm Kolekcija Junona Line Spalva wenge\/sonoma \u0105\u017euolas Gaubtas \u0161viesi mediena Stilius modernus Korpusas laminatas Priekin\u0117 dalis laminatas Vir\u0161us be vir\u0161utin\u0117s dalies Dureli\u0173 skai\u010dius 1 dur\u0173 Stal\u010di\u0173 skai\u010dius be stal\u010di\u0173 Rankena su rankenomis Gamintojas Juoda Raudona Balta Baldo tipas Virtuv\u0117s spintel\u0117s PVM 23% EAN 5906123539708<\/p>","protected":false},"excerpt":{"rendered":"<p>\u201eJunona Line\u201c 40 \u00d7 82 cm dyd\u017eio virtuv\u0117s spintel\u0117 yra prakti\u0161kas sprendimas virtuv\u0117s erdvei organizuoti. D\u0117l lentynos konstrukcijos \u0161i spintel\u0117 leid\u017eia padalinti interjer\u0105 \u012f dvi zonas, tod\u0117l patogu laikyti tiek kasdienius, tiek re\u010diau naudojamus daiktus. Stalvir\u0161iai prie \u0161ios spintel\u0117s nepridedami, ta\u010diau jie [\u2026]<\/p>","protected":false},"featured_media":268294,"comment_status":"open","ping_status":"open","template":"","meta":[],"product_brand":[],"product_cat":[9200,9118],"product_tag":[],"class_list":{"0":"post-268293","1":"product","2":"type-product","3":"status-publish","4":"has-post-thumbnail","6":"product_cat-black-red-white","7":"product_cat-kitchen-cabinets","9":"first","10":"instock","11":"purchasable","12":"product-type-simple"},"_links":{"self":[{"href":"https:\/\/baldumarket.lt\/lt\/wp-json\/wp\/v2\/product\/268293","targetHints":{"allow":["GET"]}}],"collection":[{"href":"https:\/\/baldumarket.lt\/lt\/wp-json\/wp\/v2\/product"}],"about":[{"href":"https:\/\/baldumarket.lt\/lt\/wp-json\/wp\/v2\/types\/product"}],"replies":[{"embeddable":true,"href":"https:\/\/baldumarket.lt\/lt\/wp-json\/wp\/v2\/comments?post=268293"}],"wp:featuredmedia":[{"embeddable":true,"href":"https:\/\/baldumarket.lt\/lt\/wp-json\/wp\/v2\/media\/268294"}],"wp:attachment":[{"href":"https:\/\/baldumarket.lt\/lt\/wp-json\/wp\/v2\/media?parent=268293"}],"wp:term":[{"taxonomy":"product_brand","embeddable":true,"href":"https:\/\/baldumarket.lt\/lt\/wp-json\/wp\/v2\/product_brand?post=268293"},{"taxonomy":"product_cat","embeddable":true,"href":"https:\/\/baldumarket.lt\/lt\/wp-json\/wp\/v2\/product_cat?post=268293"},{"taxonomy":"product_tag","embeddable":true,"href":"https:\/\/baldumarket.lt\/lt\/wp-json\/wp\/v2\/product_tag?post=268293"}],"curies":[{"name":"wp","href":"https:\/\/api.w.org\/{rel}","templated":true}]}}