{"id":268280,"date":"2026-01-14T00:51:23","date_gmt":"2026-01-13T21:51:23","guid":{"rendered":"https:\/\/baldumarket.lt\/product\/szafka-stojaca-pod-zlewozmywak-80x82-cm-junona-line-wenge-dab-sonoma\/"},"modified":"2026-02-11T18:17:54","modified_gmt":"2026-02-11T15:17:54","slug":"szafka-stojaca-pod-zlewozmywak-80x82-cm-junona-line-wenge-dab-sonoma","status":"publish","type":"product","link":"https:\/\/baldumarket.lt\/lt\/product\/szafka-stojaca-pod-zlewozmywak-80x82-cm-junona-line-wenge-dab-sonoma\/","title":{"rendered":"JUNONA LINE pastatoma kriaukl\u0117s spintel\u0117, 80\u00d782 cm, venge\/sonoma \u0105\u017euolas"},"content":{"rendered":"<p>\u201eJunona Line\u201c kriaukl\u0117s spintel\u0117: svarbus \u0161iuolaikin\u0117s virtuv\u0117s indaplov\u0117s elementas, si\u016blantis patogius ir funkcionalius sprendimus, padedan\u010dius palaikyti tvark\u0105 ir organizuotum\u0105 \u0161ioje virtuv\u0117s dalyje. \u0160i 80 \u00d7 82 cm kriaukl\u0117s spintel\u0117 yra gerai apgalvotas sprendimas, suteikiantis vietos dvigubai kriauklei ir santechnikos \u012frangai. \u0160ioje spintel\u0117je galima laikyti valymo reikmenis, tokius kaip \u0161luota, semtuv\u0117lis ir \u0161luost\u0117s, kad jie visada b\u016bt\u0173 po ranka. Specialiai i\u0161pjauta spintel\u0117s nugar\u0117l\u0117 palengvina kriaukl\u0117s ir santechnikos \u012frangos montavim\u0105, padeda sukurti patogi\u0105 indaplov\u0117s zon\u0105. \u201eJunona Line\u201c kolekcijai b\u016bdingas modernus dizainas, kuriame derinamas venge spalvos korpusas su Sonoma \u0105\u017euolo spalvos priekiu. Minimalistinis stilius dera prie \u012fvairi\u0173 virtuv\u0117s dizain\u0173.<\/p>\n<p>Prek\u0117s kodas K24-DK2D\/80\/82-WE\/DSO Simbolis ZM EAN Plotis 80 cm Gylis 47 cm Auk\u0161tis 82,5 cm Kolekcija Junona Line Spalva wenge\/sonoma \u0105\u017euolas Gaubtas \u0161viesi mediena Stilius modernus Korpusas laminatas Priekin\u0117 dalis laminatas Vir\u0161us be vir\u0161utin\u0117s dalies Dureli\u0173 skai\u010dius 2 dur\u0173 Stal\u010di\u0173 skai\u010dius be stal\u010di\u0173 Rankena su rankenomis Gamintojas Juoda Raudona Balta Baldo tipas Virtuv\u0117s spintel\u0117s PVM 23% EAN 5906123540896<\/p>","protected":false},"excerpt":{"rendered":"<p>\u201eJunona Line\u201c kriaukl\u0117s spintel\u0117: svarbus \u0161iuolaikin\u0117s virtuv\u0117s indaplov\u0117s elementas, si\u016blantis patogius ir funkcionalius sprendimus, padedan\u010dius palaikyti tvark\u0105 ir organizuotum\u0105 \u0161ioje virtuv\u0117s dalyje. \u0160i 80 \u00d7 82 cm kriaukl\u0117s spintel\u0117 yra gerai apgalvotas sprendimas, suteikiantis vietos dvigubai kriauklei ir santechnikos \u012frangai. \u0160i spintel\u0117 si\u016blo [\u2026]<\/p>","protected":false},"featured_media":0,"comment_status":"open","ping_status":"open","template":"","meta":[],"product_brand":[],"product_cat":[9200,9118],"product_tag":[],"class_list":{"0":"post-268280","1":"product","2":"type-product","3":"status-publish","5":"product_cat-black-red-white","6":"product_cat-kitchen-cabinets","8":"first","9":"instock","10":"purchasable","11":"product-type-simple"},"_links":{"self":[{"href":"https:\/\/baldumarket.lt\/lt\/wp-json\/wp\/v2\/product\/268280","targetHints":{"allow":["GET"]}}],"collection":[{"href":"https:\/\/baldumarket.lt\/lt\/wp-json\/wp\/v2\/product"}],"about":[{"href":"https:\/\/baldumarket.lt\/lt\/wp-json\/wp\/v2\/types\/product"}],"replies":[{"embeddable":true,"href":"https:\/\/baldumarket.lt\/lt\/wp-json\/wp\/v2\/comments?post=268280"}],"wp:attachment":[{"href":"https:\/\/baldumarket.lt\/lt\/wp-json\/wp\/v2\/media?parent=268280"}],"wp:term":[{"taxonomy":"product_brand","embeddable":true,"href":"https:\/\/baldumarket.lt\/lt\/wp-json\/wp\/v2\/product_brand?post=268280"},{"taxonomy":"product_cat","embeddable":true,"href":"https:\/\/baldumarket.lt\/lt\/wp-json\/wp\/v2\/product_cat?post=268280"},{"taxonomy":"product_tag","embeddable":true,"href":"https:\/\/baldumarket.lt\/lt\/wp-json\/wp\/v2\/product_tag?post=268280"}],"curies":[{"name":"wp","href":"https:\/\/api.w.org\/{rel}","templated":true}]}}