{"id":268276,"date":"2026-01-14T00:51:20","date_gmt":"2026-01-13T21:51:20","guid":{"rendered":"https:\/\/baldumarket.lt\/product\/szafka-stojaca-pod-zlewozmywak-80x82-cm-junona-line-dab-bernstein-grafit\/"},"modified":"2026-02-11T18:17:54","modified_gmt":"2026-02-11T15:17:54","slug":"szafka-stojaca-pod-zlewozmywak-80x82-cm-junona-line-dab-bernstein-grafit","status":"publish","type":"product","link":"https:\/\/baldumarket.lt\/lt\/product\/szafka-stojaca-pod-zlewozmywak-80x82-cm-junona-line-dab-bernstein-grafit\/","title":{"rendered":"JUNONA LINE pastatoma kriaukl\u0117s spintel\u0117 80\u00d782 cm, Bernstein \u0105\u017euolas\/grafitas"},"content":{"rendered":"<p>\u201eJunona Line 80\u201c kriaukl\u0117s spintel\u0117. B\u016btinas virtuv\u0117s elementas, padedantis palaikyti tvark\u0105 ir organizuotum\u0105 plovimo zonoje. D\u0117l kruop\u0161\u010diai suprojektuotos spintel\u0117s konstrukcijos galite \u012fmontuoti dviej\u0173 arba vieno dubens 80 \u00d7 60 cm dyd\u017eio vir\u0161 kriaukl\u0119 arba u\u017edengti spintel\u0119 stalvir\u0161iu ir \u012fmontuoti bet koki\u0105 \u012fleid\u017eiam\u0105j\u0105 kriaukl\u0119, taip padidindami plovimo zonos funkcionalum\u0105. Spintel\u0117 po kriaukle suteikia daug vietos ind\u0173 plovimo reikmenims, tokiems kaip \u0161luotos, semtuvai, \u0161luost\u0117s ir atliek\u0173 r\u016b\u0161iavimo konteineriai, laikyti. Tai palengvina virtuv\u0117s \u0161var\u0105. \u201eJunona Line\u201c baldai i\u0161siskiria moderniu dizainu, kur\u012f sudaro Bernstein \u0105\u017euolo korpusas su \u012fr\u0117mintais grafito fasadais. \u0160iuolaiki\u0161kos juodos ranken\u0117l\u0117s papildo dizain\u0105. Tai stilingas pasirinkimas, kuris gali der\u0117ti prie \u012fvairi\u0173 virtuv\u0117s dizain\u0173.<\/p>\n<p>Prek\u0117s kodas K24-DK2D\/80\/82-DBT\/GF Plotis 80 cm Gylis 47 cm Auk\u0161tis 82,5 cm Kolekcija Junona Line Spalva bernstein \u0105\u017euolas\/grafitas Atspalvis grafitas Skandinavi\u0161ko stiliaus Med\u017eiaga laminatas Korpusas laminatas Priekin\u0117 dalis laminatas Vir\u0161us be vir\u0161utin\u0117s dalies Dureli\u0173 skai\u010dius 2 dur\u0173 Stal\u010di\u0173 skai\u010dius be stal\u010di\u0173 Rankena su rankenomis Gamintojas Juoda Raudona Balta Baldo tipas Virtuv\u0117s spintel\u0117s PVM 23% EAN 5906123046824<\/p>","protected":false},"excerpt":{"rendered":"<p>\u201eJunona Line 80\u201c kriaukl\u0117s spintel\u0117. B\u016btinas virtuv\u0117s elementas, padedantis palaikyti tvark\u0105 ir organizuotum\u0105 skalbimo zonoje. D\u0117l kruop\u0161\u010diai suprojektuotos spintel\u0117s konstrukcijos galite \u012fmontuoti dviej\u0173 arba vieno dubens 80 \u00d7 60 cm u\u017ededam\u0105j\u0105 kriaukl\u0119 arba u\u017edengti spintel\u0119 stalvir\u0161iu ir \u012fmontuoti bet koki\u0105 \u012fleid\u017eiam\u0105j\u0105 kriaukl\u0119, o tai padidina spintel\u0117s funkcionalum\u0105. [\u2026]<\/p>","protected":false},"featured_media":268277,"comment_status":"open","ping_status":"open","template":"","meta":[],"product_brand":[],"product_cat":[9200,9118],"product_tag":[],"class_list":{"0":"post-268276","1":"product","2":"type-product","3":"status-publish","4":"has-post-thumbnail","6":"product_cat-black-red-white","7":"product_cat-kitchen-cabinets","9":"first","10":"instock","11":"purchasable","12":"product-type-simple"},"_links":{"self":[{"href":"https:\/\/baldumarket.lt\/lt\/wp-json\/wp\/v2\/product\/268276","targetHints":{"allow":["GET"]}}],"collection":[{"href":"https:\/\/baldumarket.lt\/lt\/wp-json\/wp\/v2\/product"}],"about":[{"href":"https:\/\/baldumarket.lt\/lt\/wp-json\/wp\/v2\/types\/product"}],"replies":[{"embeddable":true,"href":"https:\/\/baldumarket.lt\/lt\/wp-json\/wp\/v2\/comments?post=268276"}],"wp:featuredmedia":[{"embeddable":true,"href":"https:\/\/baldumarket.lt\/lt\/wp-json\/wp\/v2\/media\/268277"}],"wp:attachment":[{"href":"https:\/\/baldumarket.lt\/lt\/wp-json\/wp\/v2\/media?parent=268276"}],"wp:term":[{"taxonomy":"product_brand","embeddable":true,"href":"https:\/\/baldumarket.lt\/lt\/wp-json\/wp\/v2\/product_brand?post=268276"},{"taxonomy":"product_cat","embeddable":true,"href":"https:\/\/baldumarket.lt\/lt\/wp-json\/wp\/v2\/product_cat?post=268276"},{"taxonomy":"product_tag","embeddable":true,"href":"https:\/\/baldumarket.lt\/lt\/wp-json\/wp\/v2\/product_tag?post=268276"}],"curies":[{"name":"wp","href":"https:\/\/api.w.org\/{rel}","templated":true}]}}