{"id":268260,"date":"2026-01-14T00:51:07","date_gmt":"2026-01-13T21:51:07","guid":{"rendered":"https:\/\/baldumarket.lt\/product\/szafka-stojaca-pod-zlewozmywak-80x82-cm-junona-line-bialy-grafit\/"},"modified":"2026-02-11T18:17:54","modified_gmt":"2026-02-11T15:17:54","slug":"szafka-stojaca-pod-zlewozmywak-80x82-cm-junona-line-bialy-grafit","status":"publish","type":"product","link":"https:\/\/baldumarket.lt\/lt\/product\/szafka-stojaca-pod-zlewozmywak-80x82-cm-junona-line-bialy-grafit\/","title":{"rendered":"JUNONA LINE pastatoma kriaukl\u0117s spintel\u0117, 80\u00d782 cm, balta\/grafito spalvos"},"content":{"rendered":"<p>\u201eJunona Line\u201c spintel\u0117 po kriaukle yra esminis virtuv\u0117s elementas, padedantis palaikyti tvark\u0105 ir organizuotum\u0105 plovimo zonoje. D\u0117l kruop\u0161\u010diai suprojektuotos spintel\u0117s konstrukcijos galima \u012fmontuoti dvigub\u0105 kriaukl\u0119, taip padidinant plovimo zonos funkcionalum\u0105. Spintel\u0117 po kriaukle suteikia daug vietos ind\u0173 plovimo reikmenims, tokiems kaip \u0161luotos, semtuvai, \u0161luost\u0117s ir atliek\u0173 r\u016b\u0161iavimo konteineriai, laikyti. Tai palengvina virtuv\u0117s \u0161var\u0105. \u201eJunona Line\u201c baldai i\u0161siskiria moderniu dizainu, kuriame derinamas baltas korpusas su grafito fasadais. Tai stilingas pasirinkimas, kuris gali papildyti \u012fvairius virtuv\u0117s dizainus.<\/p>\n<p>Prek\u0117s kodas K24-DK2D\/80\/82-BI\/GF Simbolis ZM EAN Plotis 80 cm Gylis 47 cm Auk\u0161tis 82,5 cm Kolekcija Junona Line Spalva balta\/grafitin\u0117 Atspalvis grafitin\u0117 Stilius modernus Korpusas laminatas Priekin\u0117 pl\u0117vel\u0117 Vir\u0161us be vir\u0161utin\u0117s dalies Dureli\u0173 skai\u010dius 2 durys Stal\u010di\u0173 skai\u010dius be stal\u010di\u0173 Rankena su rankenomis Gamintojas Juoda Raudona Balta Baldo tipas Virtuv\u0117s spintel\u0117s PVM 23% EAN 5906123540841<\/p>","protected":false},"excerpt":{"rendered":"<p>\u201eJunona Line\u201c spintel\u0117 po kriaukle yra esminis virtuv\u0117s elementas, padedantis palaikyti tvark\u0105 ir organizuotum\u0105 plovimo zonoje. D\u0117l kruop\u0161\u010diai suprojektuotos spintel\u0117s konstrukcijos galima \u012frengti dvigub\u0105 kriaukl\u0119, taip padidinant plovimo zonos funkcionalum\u0105. Spintel\u0117 po kriaukle suteikia daug vietos ind\u0173 plovimo reikmenims, tokiems kaip \u0161luotos, semtuvai, \u0161luost\u0117s, [\u2026]<\/p>","protected":false},"featured_media":268261,"comment_status":"open","ping_status":"open","template":"","meta":[],"product_brand":[],"product_cat":[9200,9118],"product_tag":[],"class_list":{"0":"post-268260","1":"product","2":"type-product","3":"status-publish","4":"has-post-thumbnail","6":"product_cat-black-red-white","7":"product_cat-kitchen-cabinets","9":"first","10":"instock","11":"purchasable","12":"product-type-simple"},"_links":{"self":[{"href":"https:\/\/baldumarket.lt\/lt\/wp-json\/wp\/v2\/product\/268260","targetHints":{"allow":["GET"]}}],"collection":[{"href":"https:\/\/baldumarket.lt\/lt\/wp-json\/wp\/v2\/product"}],"about":[{"href":"https:\/\/baldumarket.lt\/lt\/wp-json\/wp\/v2\/types\/product"}],"replies":[{"embeddable":true,"href":"https:\/\/baldumarket.lt\/lt\/wp-json\/wp\/v2\/comments?post=268260"}],"wp:featuredmedia":[{"embeddable":true,"href":"https:\/\/baldumarket.lt\/lt\/wp-json\/wp\/v2\/media\/268261"}],"wp:attachment":[{"href":"https:\/\/baldumarket.lt\/lt\/wp-json\/wp\/v2\/media?parent=268260"}],"wp:term":[{"taxonomy":"product_brand","embeddable":true,"href":"https:\/\/baldumarket.lt\/lt\/wp-json\/wp\/v2\/product_brand?post=268260"},{"taxonomy":"product_cat","embeddable":true,"href":"https:\/\/baldumarket.lt\/lt\/wp-json\/wp\/v2\/product_cat?post=268260"},{"taxonomy":"product_tag","embeddable":true,"href":"https:\/\/baldumarket.lt\/lt\/wp-json\/wp\/v2\/product_tag?post=268260"}],"curies":[{"name":"wp","href":"https:\/\/api.w.org\/{rel}","templated":true}]}}