{"id":268252,"date":"2026-01-14T00:50:59","date_gmt":"2026-01-13T21:50:59","guid":{"rendered":"https:\/\/baldumarket.lt\/product\/szafka-stojaca-pod-piekarnik-z-blatem-60x86-cm-junona-line-dab-bernstein-grafit\/"},"modified":"2026-02-11T18:17:55","modified_gmt":"2026-02-11T15:17:55","slug":"szafka-stojaca-pod-piekarnik-z-blatem-60x86-cm-junona-line-dab-bernstein-grafit","status":"publish","type":"product","link":"https:\/\/baldumarket.lt\/lt\/product\/szafka-stojaca-pod-piekarnik-z-blatem-60x86-cm-junona-line-dab-bernstein-grafit\/","title":{"rendered":"Laisvai pastatoma orkait\u0117s spintel\u0117 su stalvir\u0161iu, 60\u00d786 cm, JUNONA LINE, Bernstein \u0105\u017euolas\/grafitas"},"content":{"rendered":"<p>\u201eJunona Line\u201c orkait\u0117s spintel\u0117 su stalvir\u0161iu \u2013 virtuv\u0117s prietaisai tinkamoje vietoje. Prakti\u0161kas sprendimas, leid\u017eiantis patraukliai \u012fmontuoti orkait\u0119. \u0160i spintel\u0117 ne tik suteikia virtuvei vientis\u0105 vaizd\u0105, bet ir suteikia papildomos vietos virtuv\u0117s priedams laikyti bei organizuoti. Tvirta konstrukcija ir galimyb\u0117 apsaugoti gretimus spintelius nuo per didelio orkait\u0117s kar\u0161\u010dio yra reik\u0161mingi privalumai. \u201eBernstein\u201c \u0105\u017euolo korpusas ir grafito spalvos priekinis r\u0117mas suteikia baldui klasikin\u0119 i\u0161vaizd\u0105, kuri puikiai dera su kitais virtuv\u0117s dizaino elementais. Juoda ranken\u0117l\u0117 ir juodai auksinis metalinis skal\u016bno stalvir\u0161is suteikia modernumo ir kontrasto. Atlenkiamas priekis leid\u017eia lengvai pasiekti spintel\u0117s vid\u0173, tod\u0117l patogu gaminti maist\u0105 ir kepti. \u012emontuojama spintel\u0117 u\u017eima 60 \u00d7 60 cm plot\u0105. Moduliniai virtuv\u0117s baldai yra sprendimas ne tik ma\u017eoms, bet ir didesn\u0117ms virtuv\u0117ms. Derinkite pagrindin\u0119 spintel\u0119 su kitais \u201eJunona Line\u201c kolekcijos elementais ir sukurkite savo poreikiams pritaikyt\u0105 komplekt\u0105.<\/p>\n<p>Prek\u0117s kodas K24-DPK\/60\/82_ZBL-DBT\/GF\/LMC Plotis 60 cm Gylis 51 cm Auk\u0161tis 85,7 cm Kolekcija Junona Line Spalva bernstein \u0105\u017euolas\/grafitas Atspalvis grafitas Skandinavi\u0161ko stiliaus Med\u017eiaga laminatas Korpusas laminatas Priekin\u0117 dalis laminatas Vir\u0161utin\u0117 dalis laminatas 32 mm Dureli\u0173 skai\u010dius 1 dur\u0173 Stal\u010di\u0173 skai\u010dius be stal\u010di\u0173 Rankena su rankenomis Gamintojas Juoda Raudona Balta Baldo tipas Virtuv\u0117s spintel\u0117s PVM 23% EAN 5906123046992<\/p>","protected":false},"excerpt":{"rendered":"<p>\u201eJunona Line\u201c orkait\u0117s spintel\u0117 su stalvir\u0161iu \u2013 virtuv\u0117s prietaisai tinkamoje vietoje. Prakti\u0161kas sprendimas, leid\u017eiantis patraukliai sumontuoti orkait\u0119. \u0160i spintel\u0117 ne tik suteikia virtuvei vientis\u0105 i\u0161vaizd\u0105, bet ir suteikia papildomos vietos virtuv\u0117s reikmen\u0173 laikymui ir organizavimui. Tvirta konstrukcija ir galimyb\u0117 apsaugoti gretimus baldus nuo [\u2026]<\/p>","protected":false},"featured_media":268253,"comment_status":"open","ping_status":"open","template":"","meta":[],"product_brand":[],"product_cat":[9200,9118],"product_tag":[],"class_list":{"0":"post-268252","1":"product","2":"type-product","3":"status-publish","4":"has-post-thumbnail","6":"product_cat-black-red-white","7":"product_cat-kitchen-cabinets","9":"first","10":"instock","11":"purchasable","12":"product-type-simple"},"_links":{"self":[{"href":"https:\/\/baldumarket.lt\/lt\/wp-json\/wp\/v2\/product\/268252","targetHints":{"allow":["GET"]}}],"collection":[{"href":"https:\/\/baldumarket.lt\/lt\/wp-json\/wp\/v2\/product"}],"about":[{"href":"https:\/\/baldumarket.lt\/lt\/wp-json\/wp\/v2\/types\/product"}],"replies":[{"embeddable":true,"href":"https:\/\/baldumarket.lt\/lt\/wp-json\/wp\/v2\/comments?post=268252"}],"wp:featuredmedia":[{"embeddable":true,"href":"https:\/\/baldumarket.lt\/lt\/wp-json\/wp\/v2\/media\/268253"}],"wp:attachment":[{"href":"https:\/\/baldumarket.lt\/lt\/wp-json\/wp\/v2\/media?parent=268252"}],"wp:term":[{"taxonomy":"product_brand","embeddable":true,"href":"https:\/\/baldumarket.lt\/lt\/wp-json\/wp\/v2\/product_brand?post=268252"},{"taxonomy":"product_cat","embeddable":true,"href":"https:\/\/baldumarket.lt\/lt\/wp-json\/wp\/v2\/product_cat?post=268252"},{"taxonomy":"product_tag","embeddable":true,"href":"https:\/\/baldumarket.lt\/lt\/wp-json\/wp\/v2\/product_tag?post=268252"}],"curies":[{"name":"wp","href":"https:\/\/api.w.org\/{rel}","templated":true}]}}