{"id":268244,"date":"2026-01-14T00:50:51","date_gmt":"2026-01-13T21:50:51","guid":{"rendered":"https:\/\/baldumarket.lt\/product\/szafka-stojaca-pod-piekarnik-z-blatem-60x86-cm-junona-line-bialy-kredowy-polysk\/"},"modified":"2026-02-11T18:17:55","modified_gmt":"2026-02-11T15:17:55","slug":"szafka-stojaca-pod-piekarnik-z-blatem-60x86-cm-junona-line-bialy-kredowy-polysk","status":"publish","type":"product","link":"https:\/\/baldumarket.lt\/lt\/product\/szafka-stojaca-pod-piekarnik-z-blatem-60x86-cm-junona-line-bialy-kredowy-polysk\/","title":{"rendered":"Laisvai pastatoma orkait\u0117s spintel\u0117 su stalvir\u0161iu, 60\u00d786 cm, JUNONA LINE, balta\/kreidos blizgi"},"content":{"rendered":"<p>\u201eJunona Line\u201c \u012fmontuojama orkait\u0117s spintel\u0117 \u2013 j\u016bs\u0173 orkait\u0117 tobuloje vietoje. \u0160i 60 \u00d7 82,5 cm dyd\u017eio \u012fmontuojama orkait\u0117s spintel\u0117 puikiai dera tiek su moderniomis, tiek su klasikin\u0117mis orkait\u0117mis.<\/p>\n<p>Tvirta konstrukcija apsaugo gretimus baldus nuo per didelio kar\u0161\u010dio, o papildoma erdv\u0117 su atlenkiamu priekiu leid\u017eia laikyti smulkius daiktus.<\/p>\n<p>\u012emontuojama spintel\u0117 su stalvir\u0161iu u\u017eima 60 \u00d7 60 cm plot\u0105. \u201eJunona Line\u201c kolekcija pasi\u017eymi moderniu dizainu, o laminuotas fasadas, blizgus kreidos baltumo, puikiai dera su baltu korpusu. Paprasta juoda ranken\u0117l\u0117 ir auksinio \u0105\u017euolo stalvir\u0161is u\u017ebaigia vaizd\u0105, suteikdami virtuvei eleganti\u0161k\u0105 i\u0161vaizd\u0105. Neutrali \u201eJunona Line\u201c kolekcijos spalv\u0173 gama leid\u017eia jai der\u0117ti prie bet kokio interjero, vizualiai j\u012f padidindama. Jei ie\u0161kote virtuv\u0117s, kuri atitikt\u0173 j\u016bs\u0173 l\u016bkes\u010dius, nei\u0161tu\u0161tindama pinigin\u0117s, verta apsvarstyti \u201eJunona Line\u201c serij\u0105. Su \u0161ia kolekcija galite \u012fgyvendinti savo id\u0117j\u0105 apie tobul\u0105 virtuv\u0119, pritaikyt\u0105 j\u016bs\u0173 poreikiams ir estetiniams pageidavimams. \u201eJunona Line\u201c kolekcijoje si\u016blomas platus bald\u0173 pasirinkimas, kuris leis jums efektyviai organizuoti virtuv\u0117s erdv\u0119, \u012fskaitant viet\u0105 orkaitei. \u0160is sprendimas leid\u017eia sukurti harmoning\u0105 kompozicij\u0105, kuri yra ne tik esteti\u0161kai patraukli, bet ir funkcionali.<\/p>\n<p>Prek\u0117s kodas K24-DPK\/60\/82_ZBL-BI\/KRP\/DCRZ Plotis 60 cm Gylis 47 cm Auk\u0161tis 82,5 cm Kolekcija Junona Line Spalva balta\/kreidos blizgi\/auksin\u0117 dirbtinio \u0105\u017euolo spalva balta Stilius modernus Med\u017eiaga laminatas Korpusas laminatas Priekin\u0117 dalis laminatas Vir\u0161utin\u0117 dalis laminatas 32 mm Dureli\u0173 skai\u010dius 1 dur\u0173 Stal\u010di\u0173 skai\u010dius be stal\u010di\u0173 Rankena su rankenomis Gamintojas Juoda Raudona Balta Baldo tipas Virtuv\u0117s spintel\u0117s PVM 23% EAN 5906123008402<\/p>","protected":false},"excerpt":{"rendered":"<p>\u201eJunona Line\u201c \u012fmontuojama orkait\u0117s spintel\u0117 \u2013 j\u016bs\u0173 orkait\u0117 tobuloje vietoje. \u0160i 60 \u00d7 82,5 cm dyd\u017eio \u012fmontuojama orkait\u0117s spintel\u0117 puikiai dera tiek su moderniomis, tiek su klasikin\u0117mis orkait\u0117mis. Tvirta konstrukcija apsaugo gretimus baldus nuo per didelio kar\u0161\u010dio, o papildoma erdv\u0117 su atlenkiamu priekiu leid\u017eia laikyti smulkius daiktus. \u012emontuojama spintel\u0117 su stalvir\u0161iu [\u2026]<\/p>","protected":false},"featured_media":268245,"comment_status":"open","ping_status":"open","template":"","meta":[],"product_brand":[],"product_cat":[9200,9118],"product_tag":[],"class_list":{"0":"post-268244","1":"product","2":"type-product","3":"status-publish","4":"has-post-thumbnail","6":"product_cat-black-red-white","7":"product_cat-kitchen-cabinets","9":"first","10":"instock","11":"purchasable","12":"product-type-simple"},"_links":{"self":[{"href":"https:\/\/baldumarket.lt\/lt\/wp-json\/wp\/v2\/product\/268244","targetHints":{"allow":["GET"]}}],"collection":[{"href":"https:\/\/baldumarket.lt\/lt\/wp-json\/wp\/v2\/product"}],"about":[{"href":"https:\/\/baldumarket.lt\/lt\/wp-json\/wp\/v2\/types\/product"}],"replies":[{"embeddable":true,"href":"https:\/\/baldumarket.lt\/lt\/wp-json\/wp\/v2\/comments?post=268244"}],"wp:featuredmedia":[{"embeddable":true,"href":"https:\/\/baldumarket.lt\/lt\/wp-json\/wp\/v2\/media\/268245"}],"wp:attachment":[{"href":"https:\/\/baldumarket.lt\/lt\/wp-json\/wp\/v2\/media?parent=268244"}],"wp:term":[{"taxonomy":"product_brand","embeddable":true,"href":"https:\/\/baldumarket.lt\/lt\/wp-json\/wp\/v2\/product_brand?post=268244"},{"taxonomy":"product_cat","embeddable":true,"href":"https:\/\/baldumarket.lt\/lt\/wp-json\/wp\/v2\/product_cat?post=268244"},{"taxonomy":"product_tag","embeddable":true,"href":"https:\/\/baldumarket.lt\/lt\/wp-json\/wp\/v2\/product_tag?post=268244"}],"curies":[{"name":"wp","href":"https:\/\/api.w.org\/{rel}","templated":true}]}}