{"id":268229,"date":"2026-01-14T00:50:39","date_gmt":"2026-01-13T21:50:39","guid":{"rendered":"https:\/\/baldumarket.lt\/product\/szafka-stojaca-pod-piekarnik-60x82-cm-junona-line-wenge-dab-sonoma\/"},"modified":"2026-02-11T18:17:55","modified_gmt":"2026-02-11T15:17:55","slug":"szafka-stojaca-pod-piekarnik-60x82-cm-junona-line-wenge-dab-sonoma","status":"publish","type":"product","link":"https:\/\/baldumarket.lt\/lt\/product\/szafka-stojaca-pod-piekarnik-60x82-cm-junona-line-wenge-dab-sonoma\/","title":{"rendered":"\u201eJunona Line\u201c wenge\/sonoma \u0105\u017euolo spalvos pastatoma orkait\u0117s spintel\u0117, 60\u00d782 cm"},"content":{"rendered":"<p>\u201eJunona Line\u201c 60 \u00d7 82 cm apatin\u0117 orkait\u0117s spintel\u0117 \u2013 prakti\u0161kas ir esteti\u0161kai patrauklus sprendimas, leid\u017eiantis patraukliai i\u0161d\u0117styti orkait\u0119 ir sukurti harmoning\u0105 kompozicij\u0105 modernioje virtuv\u0117je. \u0160i spintel\u0117 ne tik suteikia virtuvei vientis\u0105 vaizd\u0105, bet ir suteikia papildomos vietos bei organizavimo virtuv\u0117s priedams. Sonoma \u0105\u017euolo fasadas su dekoratyviniu venge medienos \u012fd\u0117klu suteikia baldui \u0161ilt\u0105 ir klasikin\u0119 i\u0161vaizd\u0105, kuri puikiai dera su kitais virtuv\u0117s dizaino elementais. Atver\u010diamas fasadas leid\u017eia lengvai pasiekti spintel\u0117s vid\u0173, o tai patogu naudojantis orkaite ir laikant smulkius virtuv\u0117s reikmenis. Orkait\u0117s spintel\u0117 taip pat yra funkcionali, joje yra vietos kepimo priedams ir kitiems reikalingiems daiktams laikyti. Stalvir\u0161is \u012f standartin\u0119 komplektacij\u0105 ne\u012feina, tod\u0117l galite j\u012f pritaikyti pagal savo dizaino pageidavimus.<\/p>\n<p>Prek\u0117s kodas K24-DPK\/60\/82_BBL-WE\/DSO Simbolis ZM EAN Plotis 60 cm Gylis 51 cm Auk\u0161tis 82,5 cm Kolekcija Junona Line Spalva wenge\/sonoma \u0105\u017euolas Gaubtas \u0161viesi mediena Stilius modernus Korpusas laminatas Priekin\u0117 dalis laminatas Vir\u0161us be vir\u0161utin\u0117s dalies Dureli\u0173 skai\u010dius 1 dur\u0173 Stal\u010di\u0173 skai\u010dius be stal\u010di\u0173 Rankena su rankenomis Gamintojas Juoda Raudona Balta Baldo tipas Virtuv\u0117s spintel\u0117s PVM 23% EAN 5906123541169<\/p>","protected":false},"excerpt":{"rendered":"<p>\u201eJunona Line\u201c 60 \u00d7 82 cm apatin\u0117 orkait\u0117s spintel\u0117 yra prakti\u0161kas ir esteti\u0161kai patrauklus sprendimas, leid\u017eiantis patraukliai i\u0161d\u0117styti orkait\u0119 ir sukurti harmoning\u0105 kompozicij\u0105 modernioje virtuv\u0117je. \u0160i spintel\u0117 ne tik suteikia virtuvei vientis\u0105 vaizd\u0105, bet ir suteikia papildomos vietos virtuv\u0117s reikmen\u0173 laikymui bei organizavimui. \u201eSonoma\u201c [\u2026]<\/p>","protected":false},"featured_media":268230,"comment_status":"open","ping_status":"open","template":"","meta":[],"product_brand":[],"product_cat":[9200,9118],"product_tag":[],"class_list":{"0":"post-268229","1":"product","2":"type-product","3":"status-publish","4":"has-post-thumbnail","6":"product_cat-black-red-white","7":"product_cat-kitchen-cabinets","9":"first","10":"instock","11":"purchasable","12":"product-type-simple"},"_links":{"self":[{"href":"https:\/\/baldumarket.lt\/lt\/wp-json\/wp\/v2\/product\/268229","targetHints":{"allow":["GET"]}}],"collection":[{"href":"https:\/\/baldumarket.lt\/lt\/wp-json\/wp\/v2\/product"}],"about":[{"href":"https:\/\/baldumarket.lt\/lt\/wp-json\/wp\/v2\/types\/product"}],"replies":[{"embeddable":true,"href":"https:\/\/baldumarket.lt\/lt\/wp-json\/wp\/v2\/comments?post=268229"}],"wp:featuredmedia":[{"embeddable":true,"href":"https:\/\/baldumarket.lt\/lt\/wp-json\/wp\/v2\/media\/268230"}],"wp:attachment":[{"href":"https:\/\/baldumarket.lt\/lt\/wp-json\/wp\/v2\/media?parent=268229"}],"wp:term":[{"taxonomy":"product_brand","embeddable":true,"href":"https:\/\/baldumarket.lt\/lt\/wp-json\/wp\/v2\/product_brand?post=268229"},{"taxonomy":"product_cat","embeddable":true,"href":"https:\/\/baldumarket.lt\/lt\/wp-json\/wp\/v2\/product_cat?post=268229"},{"taxonomy":"product_tag","embeddable":true,"href":"https:\/\/baldumarket.lt\/lt\/wp-json\/wp\/v2\/product_tag?post=268229"}],"curies":[{"name":"wp","href":"https:\/\/api.w.org\/{rel}","templated":true}]}}