{"id":268221,"date":"2026-01-14T00:50:32","date_gmt":"2026-01-13T21:50:32","guid":{"rendered":"https:\/\/baldumarket.lt\/product\/szafka-stojaca-pod-piekarnik-60x82-cm-junona-line-bialy-jasny-szary-polysk\/"},"modified":"2026-02-11T18:17:55","modified_gmt":"2026-02-11T15:17:55","slug":"szafka-stojaca-pod-piekarnik-60x82-cm-junona-line-bialy-jasny-szary-polysk","status":"publish","type":"product","link":"https:\/\/baldumarket.lt\/lt\/product\/szafka-stojaca-pod-piekarnik-60x82-cm-junona-line-bialy-jasny-szary-polysk\/","title":{"rendered":"Junona Line orkait\u0117s apatin\u0117 spintel\u0117 60&#215;82 cm, balta\/\u0161viesiai pilka blizgi"},"content":{"rendered":"<p>\u201eJunona Line\u201c 60 \u00d7 82 cm apatin\u0117 orkait\u0117s spintel\u0117 yra prakti\u0161kas sprendimas, leid\u017eiantis \u012frengti patraukli\u0105 \u012fmontuojam\u0105 orkait\u0119. \u0160i spintel\u0117 ne tik suteikia virtuvei vientis\u0105 vaizd\u0105, bet ir suteikia papildomos vietos virtuv\u0117s priedams laikyti bei organizuoti. Tvirta konstrukcija ir geb\u0117jimas apsaugoti gretimus spintelius nuo per didelio orkait\u0117s kar\u0161\u010dio yra reik\u0161mingi privalumai. Blizgus pilkas fasadas puikiai dera su kitais virtuv\u0117s dizaino elementais. Grafito rankena ir metalinis juodai auksinis skal\u016bno stalvir\u0161is suteikia modernumo ir kontrasto. Atver\u010diamas fasadas leid\u017eia lengvai pasiekti spintel\u0117s vid\u0173, tod\u0117l patogu gaminti maist\u0105 ir kepti. Taip pat galite apsvarstyti galimyb\u0119 pritaikyti \u0161i\u0105 spintel\u0119 pagal savo konkre\u010dius poreikius ir dizaino pageidavimus.<\/p>\n<p>Produkto kodas K24-DPK\/60\/82_BBL-BI\/JSZP Simbolis ZM EAN Plotis 60 cm Gylis 51 cm Auk\u0161tis 82,5 cm Kolekcija Junona Line Spalva balta\/\u0161viesiai pilka blizgi Atspalvis pilkas Stilius modernus Korpusas laminatas Priekin\u0117 dalis laminatas Vir\u0161us be vir\u0161utin\u0117s dalies Dureli\u0173 skai\u010dius 1 dur\u0173 Stal\u010di\u0173 skai\u010dius be stal\u010di\u0173 Rankena su rankenomis Gamintojas Juoda Raudona Balta Baldo tipas Virtuv\u0117s spintel\u0117s PVM 23% EAN 5906123541138<\/p>","protected":false},"excerpt":{"rendered":"<p>The Junona Line 60&#215;82 cm base cabinet for an oven is a practical solution that allows for an attractive built-in oven. This cabinet not only gives the kitchen a cohesive look but also provides additional storage and organization space for kitchen accessories. Its solid construction and ability to protect adjacent units from excessive oven heat [&hellip;]<\/p>","protected":false},"featured_media":268222,"comment_status":"open","ping_status":"open","template":"","meta":[],"product_brand":[],"product_cat":[9200,9118],"product_tag":[],"class_list":{"0":"post-268221","1":"product","2":"type-product","3":"status-publish","4":"has-post-thumbnail","6":"product_cat-black-red-white","7":"product_cat-kitchen-cabinets","9":"first","10":"instock","11":"purchasable","12":"product-type-simple"},"_links":{"self":[{"href":"https:\/\/baldumarket.lt\/lt\/wp-json\/wp\/v2\/product\/268221","targetHints":{"allow":["GET"]}}],"collection":[{"href":"https:\/\/baldumarket.lt\/lt\/wp-json\/wp\/v2\/product"}],"about":[{"href":"https:\/\/baldumarket.lt\/lt\/wp-json\/wp\/v2\/types\/product"}],"replies":[{"embeddable":true,"href":"https:\/\/baldumarket.lt\/lt\/wp-json\/wp\/v2\/comments?post=268221"}],"wp:featuredmedia":[{"embeddable":true,"href":"https:\/\/baldumarket.lt\/lt\/wp-json\/wp\/v2\/media\/268222"}],"wp:attachment":[{"href":"https:\/\/baldumarket.lt\/lt\/wp-json\/wp\/v2\/media?parent=268221"}],"wp:term":[{"taxonomy":"product_brand","embeddable":true,"href":"https:\/\/baldumarket.lt\/lt\/wp-json\/wp\/v2\/product_brand?post=268221"},{"taxonomy":"product_cat","embeddable":true,"href":"https:\/\/baldumarket.lt\/lt\/wp-json\/wp\/v2\/product_cat?post=268221"},{"taxonomy":"product_tag","embeddable":true,"href":"https:\/\/baldumarket.lt\/lt\/wp-json\/wp\/v2\/product_tag?post=268221"}],"curies":[{"name":"wp","href":"https:\/\/api.w.org\/{rel}","templated":true}]}}