{"id":268212,"date":"2026-01-14T00:50:24","date_gmt":"2026-01-13T21:50:24","guid":{"rendered":"https:\/\/baldumarket.lt\/product\/szafka-stojaca-narozna-z-blatem-prawa-100x86-cm-junona-line-wenge-dab-sonoma\/"},"modified":"2026-02-11T18:17:56","modified_gmt":"2026-02-11T15:17:56","slug":"szafka-stojaca-narozna-z-blatem-prawa-100x86-cm-junona-line-wenge-dab-sonoma","status":"publish","type":"product","link":"https:\/\/baldumarket.lt\/lt\/product\/szafka-stojaca-narozna-z-blatem-prawa-100x86-cm-junona-line-wenge-dab-sonoma\/","title":{"rendered":"Kampin\u0117 pastatoma spintel\u0117 su stalvir\u0161iu, de\u0161inin\u0117, 100&#215;86 cm, JUNONA LINE, wenge\/sonoma \u0105\u017euolas"},"content":{"rendered":"<p>\u201eJunona Line\u201c kampin\u0117 apatin\u0117 spintel\u0117 \u2013 kontroliuojama erdv\u0117. Jos matmenys leid\u017eia efektyviai i\u0161naudoti erdv\u0119, o dizainas u\u017etikrina funkcionalum\u0105 ir modern\u0173 vaizd\u0105. Spintel\u0117 pasi\u017eymi venge spalvos korpusu ir Sonoma \u0105\u017euolo priekine dalimi su venge spalvos \u012fd\u0117klu, sukurian\u010diu modern\u0173 ir esteti\u0161k\u0105 vaizd\u0105. Sonoma \u0105\u017euolo stalvir\u0161is ir moderni atlasin\u0117 rankena u\u017ebaigia spintel\u0119, suteikdami jai charakterio. Tikrieji spintel\u0117s matmenys yra 78,5 cm plo\u010dio, 82,5 cm auk\u0161\u010dio ir 45 cm gylio. Vidin\u0117je erdv\u0117je galima laikyti \u012fvairius virtuv\u0117s reikmenis, tokius kaip puodai, keptuv\u0117s ir indai.<\/p>\n<p>Spintel\u0117 su \u012fmontuotu stalvir\u0161iu u\u017eima 100 x 60 cm erdv\u0119 ir atsidaro \u012f de\u0161in\u0119, \u012f k\u0105 reik\u0117t\u0173 atsi\u017evelgti planuojant virtuv\u0117s i\u0161planavim\u0105. \u201eJunona Line\u201c serija leid\u017eia integruoti papildomus modulius, leid\u017eian\u010dius sukurti spintel\u0119, atitinkan\u010di\u0105 individualius naudotojo poreikius.<\/p>\n<p>\u0160is sprendimas leid\u017eia optimaliai i\u0161naudoti turim\u0105 erdv\u0119 ir funkcionaliai bei esteti\u0161kai organizuoti virtuv\u0119.<\/p>\n<p>Prek\u0117s kodas K24-DNW\/100\/82_P_ZBL-WE\/DSO\/DSO Plotis 78,5 cm Gylis 45 cm Auk\u0161tis 82,5 cm Kolekcija Junona Line Spalva venge\/sonoma \u0105\u017euolas Gaubtas \u0161viesi mediena Stilius modernus Med\u017eiaga laminatas Korpusas laminatas Priekin\u0117 dalis laminatas Vir\u0161utin\u0117 dalis laminatas 32 mm Dureli\u0173 skai\u010dius 1 dur\u0173 Stal\u010di\u0173 skai\u010dius be stal\u010di\u0173 Rankena su rankenomis Gamintojas Juoda Raudona Balta Baldo tipas Virtuv\u0117s spintel\u0117s PVM 23% EAN 5906123008341<\/p>","protected":false},"excerpt":{"rendered":"<p>Junona Line Corner Base Cabinet &#8211; Space Under Control. Its dimensions allow for efficient use of space, while its design ensures functionality and a modern look. The cabinet features a wenge-colored body and a Sonoma oak front with a wenge insert, creating a modern and aesthetic look. A Sonoma oak countertop and a modern, satin [&hellip;]<\/p>","protected":false},"featured_media":0,"comment_status":"open","ping_status":"open","template":"","meta":[],"product_brand":[],"product_cat":[9200,9118],"product_tag":[],"class_list":{"0":"post-268212","1":"product","2":"type-product","3":"status-publish","5":"product_cat-black-red-white","6":"product_cat-kitchen-cabinets","8":"first","9":"instock","10":"purchasable","11":"product-type-simple"},"_links":{"self":[{"href":"https:\/\/baldumarket.lt\/lt\/wp-json\/wp\/v2\/product\/268212","targetHints":{"allow":["GET"]}}],"collection":[{"href":"https:\/\/baldumarket.lt\/lt\/wp-json\/wp\/v2\/product"}],"about":[{"href":"https:\/\/baldumarket.lt\/lt\/wp-json\/wp\/v2\/types\/product"}],"replies":[{"embeddable":true,"href":"https:\/\/baldumarket.lt\/lt\/wp-json\/wp\/v2\/comments?post=268212"}],"wp:attachment":[{"href":"https:\/\/baldumarket.lt\/lt\/wp-json\/wp\/v2\/media?parent=268212"}],"wp:term":[{"taxonomy":"product_brand","embeddable":true,"href":"https:\/\/baldumarket.lt\/lt\/wp-json\/wp\/v2\/product_brand?post=268212"},{"taxonomy":"product_cat","embeddable":true,"href":"https:\/\/baldumarket.lt\/lt\/wp-json\/wp\/v2\/product_cat?post=268212"},{"taxonomy":"product_tag","embeddable":true,"href":"https:\/\/baldumarket.lt\/lt\/wp-json\/wp\/v2\/product_tag?post=268212"}],"curies":[{"name":"wp","href":"https:\/\/api.w.org\/{rel}","templated":true}]}}