{"id":268200,"date":"2026-01-14T00:50:14","date_gmt":"2026-01-13T21:50:14","guid":{"rendered":"https:\/\/baldumarket.lt\/product\/szafka-stojaca-narozna-z-blatem-prawa-100x86-cm-junona-line-bialy-grafit\/"},"modified":"2026-02-11T18:17:56","modified_gmt":"2026-02-11T15:17:56","slug":"szafka-stojaca-narozna-z-blatem-prawa-100x86-cm-junona-line-bialy-grafit","status":"publish","type":"product","link":"https:\/\/baldumarket.lt\/lt\/product\/szafka-stojaca-narozna-z-blatem-prawa-100x86-cm-junona-line-bialy-grafit\/","title":{"rendered":"Kampin\u0117 pastatoma spintel\u0117 su de\u0161iniuoju stalvir\u0161iu, 100\u00d786 cm JUNONA LINE, balta\/grafito spalvos"},"content":{"rendered":"<p>\u201eJunona Line\u201c kampin\u0117 apatin\u0117 spintel\u0117 \u2013 kontroliuojama erdv\u0117. Jos matmenys leid\u017eia efektyviai i\u0161naudoti erdv\u0119, o dizainas u\u017etikrina funkcionalum\u0105 ir modern\u0173 vaizd\u0105. Spintel\u0117 pasi\u017eymi baltu korpusu ir grafito spalvos r\u0117miniu priekiu, sukurian\u010diu modern\u0173 ir esteti\u0161k\u0105 vaizd\u0105. Kontrastingas auksinio \u0105\u017euolo stalvir\u0161is ir ranken\u0117l\u0117s formos juoda rankena u\u017ebaigia i\u0161vaizd\u0105 ir suteikia charakterio. Tikrieji spintel\u0117s matmenys yra 78,5 cm plo\u010dio, 82,5 cm auk\u0161\u010dio ir 45 cm gylio. Vidin\u0117je erdv\u0117je galima laikyti \u012fvairius virtuv\u0117s reikmenis, tokius kaip puodai, keptuv\u0117s ir indai.<\/p>\n<p>Spintel\u0117 su \u012fmontuotu stalvir\u0161iu u\u017eima 100 x 60 cm erdv\u0119 ir atsidaro \u012f de\u0161in\u0119, \u012f k\u0105 reik\u0117t\u0173 atsi\u017evelgti planuojant virtuv\u0117s i\u0161planavim\u0105. \u201eJunona Line\u201c baldai suteikia galimyb\u0119 prid\u0117ti papildom\u0173 moduli\u0173, leid\u017eian\u010di\u0173 sukurti spintel\u0119, atitinkan\u010di\u0105 individualius naudotojo poreikius.<\/p>\n<p>\u0160is sprendimas leid\u017eia optimaliai i\u0161naudoti turim\u0105 erdv\u0119 ir sukurti funkcional\u0173 bei esteti\u0161k\u0105 virtuv\u0117s i\u0161d\u0117stym\u0105.<\/p>\n<p>Prek\u0117s kodas K24-DNW\/100\/82_P_ZBL-BI\/GF\/DCRZ Plotis 78,5 cm Gylis 45 cm Auk\u0161tis 82,5 cm Kolekcija Junona Line Spalva balta\/grafito\/auksin\u0117 dirbtinio \u0105\u017euolo Grafito atspalvis Stilius klasikinis Med\u017eiaga laminatas Korpusas laminatas Priekin\u0117 dalis laminatas Vir\u0161utin\u0117 dalis laminatas 32 mm Dureli\u0173 skai\u010dius 1 dur\u0173 Stal\u010di\u0173 skai\u010dius be stal\u010di\u0173 Rankena su rankenomis Gamintojas Juoda Raudona Balta Baldo tipas Virtuv\u0117s spintel\u0117s PVM 23% EAN 5906123008310<\/p>","protected":false},"excerpt":{"rendered":"<p>\u201eJunona Line\u201c kampin\u0117 apatin\u0117 spintel\u0117 \u2013 kontroliuojama erdv\u0117. Jos matmenys leid\u017eia efektyviai i\u0161naudoti erdv\u0119, o dizainas u\u017etikrina funkcionalum\u0105 ir modern\u0173 vaizd\u0105. Spintel\u0117 pasi\u017eymi baltu korpusu ir grafito spalvos r\u0117meliu priekyje, sukurian\u010diu modern\u0173 ir esteti\u0161k\u0105 vaizd\u0105. Kontrastingas auksinio atspalvio rankdarbinio \u0105\u017euolo stalvir\u0161is ir ranken\u0117l\u0117s formos juoda ranken\u0117l\u0117 [\u2026]<\/p>","protected":false},"featured_media":268201,"comment_status":"open","ping_status":"open","template":"","meta":[],"product_brand":[],"product_cat":[9200,9118],"product_tag":[],"class_list":{"0":"post-268200","1":"product","2":"type-product","3":"status-publish","4":"has-post-thumbnail","6":"product_cat-black-red-white","7":"product_cat-kitchen-cabinets","9":"first","10":"instock","11":"purchasable","12":"product-type-simple"},"_links":{"self":[{"href":"https:\/\/baldumarket.lt\/lt\/wp-json\/wp\/v2\/product\/268200","targetHints":{"allow":["GET"]}}],"collection":[{"href":"https:\/\/baldumarket.lt\/lt\/wp-json\/wp\/v2\/product"}],"about":[{"href":"https:\/\/baldumarket.lt\/lt\/wp-json\/wp\/v2\/types\/product"}],"replies":[{"embeddable":true,"href":"https:\/\/baldumarket.lt\/lt\/wp-json\/wp\/v2\/comments?post=268200"}],"wp:featuredmedia":[{"embeddable":true,"href":"https:\/\/baldumarket.lt\/lt\/wp-json\/wp\/v2\/media\/268201"}],"wp:attachment":[{"href":"https:\/\/baldumarket.lt\/lt\/wp-json\/wp\/v2\/media?parent=268200"}],"wp:term":[{"taxonomy":"product_brand","embeddable":true,"href":"https:\/\/baldumarket.lt\/lt\/wp-json\/wp\/v2\/product_brand?post=268200"},{"taxonomy":"product_cat","embeddable":true,"href":"https:\/\/baldumarket.lt\/lt\/wp-json\/wp\/v2\/product_cat?post=268200"},{"taxonomy":"product_tag","embeddable":true,"href":"https:\/\/baldumarket.lt\/lt\/wp-json\/wp\/v2\/product_tag?post=268200"}],"curies":[{"name":"wp","href":"https:\/\/api.w.org\/{rel}","templated":true}]}}