{"id":268165,"date":"2026-01-14T00:49:44","date_gmt":"2026-01-13T21:49:44","guid":{"rendered":"https:\/\/baldumarket.lt\/product\/szafka-stojaca-narozna-prawa-100x82-cm-junona-line-bialy-kredowy-polysk\/"},"modified":"2026-02-11T18:17:57","modified_gmt":"2026-02-11T15:17:57","slug":"szafka-stojaca-narozna-prawa-100x82-cm-junona-line-bialy-kredowy-polysk","status":"publish","type":"product","link":"https:\/\/baldumarket.lt\/lt\/product\/szafka-stojaca-narozna-prawa-100x82-cm-junona-line-bialy-kredowy-polysk\/","title":{"rendered":"De\u0161iniojo kampo pastatoma spintel\u0117 100\u00d782 cm JUNONA LINE balta\/kreidos blizgi spalva"},"content":{"rendered":"<p>\u201eJunona Line\u201c kampin\u0117 spintel\u0117 \u2013 prakti\u0161kas kampo panaudojimas virtuv\u0117je. Jei planuojate i\u0161naudoti kampin\u0119 virtuv\u0119, verta apsvarstyti sprendimus, kurie pad\u0117t\u0173 maksimaliai i\u0161naudoti \u0161i\u0105 erdv\u0119 ir panaudoti j\u0105 virtuv\u0117s \u012frangai laikyti. \u201eJunona Line\u201c kampin\u0117 spintel\u0117 \u2013 puiki id\u0117ja efektyviai i\u0161naudoti \u0161i\u0105 sunkiai naudojam\u0105 viet\u0105. \u0160i spintel\u0117 skirta pastatyti virtuv\u0117s kampe ir yra 100 \u00d7 60 cm dyd\u017eio, tod\u0117l idealiai tinka laikyti puodus, keptuves, indus ir kitus priedus, kuriuos naudojate kasdien virtuv\u0117je. Spintel\u0117s priekis atsidaro \u012f de\u0161in\u0119, tod\u0117l lengva pasiekti jos turin\u012f. \u0160ios modernios \u201eJunona Line\u201c kampin\u0117s spintel\u0117s dizainui b\u016bdingas paprastumas ir elegancija. Spintel\u0117s priekis yra padengtas kreidos baltumo blizgesiu, kontrastuojan\u010diu su baltu korpusu. Visas spintel\u0117 apdailinta modernia, minimalistine rankena. Neutrali spalv\u0173 gama puikiai tinka \u012fvairiems interjerams ir vizualiai padidina erdv\u0119. Tai puikus pagrindas virtuvei \u012frengti su spalvingais aksesuarais. Spintel\u0117 neturi stalvir\u0161io, kur\u012f galima \u012fsigyti kaip papildom\u0105 \u012frang\u0105.<\/p>\n<p>Produkto kodas K24-DNW\/100\/82_P_BBL-BI\/KRP Simbolis ZM EAN Plotis 78,5 cm Gylis 49,5 cm Auk\u0161tis 82,5 cm Kolekcija Junona Line Spalva balta\/kreidos blizgu\u010diai balta Atspalvis Stilius modernus Korpusas laminatas Priekin\u0117 sienel\u0117 laminatas Vir\u0161us be vir\u0161utin\u0117s dalies Dureli\u0173 skai\u010dius 1 dur\u0173 Stal\u010di\u0173 skai\u010dius be stal\u010di\u0173 Rankena su rankenomis Gamintojas Juoda Raudona Balta Baldo tipas Virtuv\u0117s spintel\u0117s PVM 23% EAN 5906123541046<\/p>","protected":false},"excerpt":{"rendered":"<p>\u201eJunona Line\u201c kampin\u0117 apatin\u0117 spintel\u0117 \u2013 prakti\u0161kas kampo panaudojimas virtuv\u0117je. Jei planuojate naudoti kampin\u0119 virtuv\u0119, verta apsvarstyti sprendimus, kurie pad\u0117t\u0173 maksimaliai i\u0161naudoti \u0161i\u0105 erdv\u0119 ir panaudoti j\u0105 virtuv\u0117s \u012frangai laikyti. \u201eJunona Line\u201c kampin\u0117 apatin\u0117 spintel\u0117 yra puiki id\u0117ja norint efektyviai i\u0161naudoti \u0161i\u0105 sunkiai naudojam\u0105 viet\u0105. [\u2026]<\/p>","protected":false},"featured_media":268166,"comment_status":"open","ping_status":"open","template":"","meta":[],"product_brand":[],"product_cat":[9200,9118],"product_tag":[],"class_list":{"0":"post-268165","1":"product","2":"type-product","3":"status-publish","4":"has-post-thumbnail","6":"product_cat-black-red-white","7":"product_cat-kitchen-cabinets","9":"first","10":"instock","11":"purchasable","12":"product-type-simple"},"_links":{"self":[{"href":"https:\/\/baldumarket.lt\/lt\/wp-json\/wp\/v2\/product\/268165","targetHints":{"allow":["GET"]}}],"collection":[{"href":"https:\/\/baldumarket.lt\/lt\/wp-json\/wp\/v2\/product"}],"about":[{"href":"https:\/\/baldumarket.lt\/lt\/wp-json\/wp\/v2\/types\/product"}],"replies":[{"embeddable":true,"href":"https:\/\/baldumarket.lt\/lt\/wp-json\/wp\/v2\/comments?post=268165"}],"wp:featuredmedia":[{"embeddable":true,"href":"https:\/\/baldumarket.lt\/lt\/wp-json\/wp\/v2\/media\/268166"}],"wp:attachment":[{"href":"https:\/\/baldumarket.lt\/lt\/wp-json\/wp\/v2\/media?parent=268165"}],"wp:term":[{"taxonomy":"product_brand","embeddable":true,"href":"https:\/\/baldumarket.lt\/lt\/wp-json\/wp\/v2\/product_brand?post=268165"},{"taxonomy":"product_cat","embeddable":true,"href":"https:\/\/baldumarket.lt\/lt\/wp-json\/wp\/v2\/product_cat?post=268165"},{"taxonomy":"product_tag","embeddable":true,"href":"https:\/\/baldumarket.lt\/lt\/wp-json\/wp\/v2\/product_tag?post=268165"}],"curies":[{"name":"wp","href":"https:\/\/api.w.org\/{rel}","templated":true}]}}