{"id":268161,"date":"2026-01-14T00:49:41","date_gmt":"2026-01-13T21:49:41","guid":{"rendered":"https:\/\/baldumarket.lt\/product\/szafka-stojaca-narozna-prawa-100x82-cm-junona-line-bialy-jasny-szary-polysk\/"},"modified":"2026-02-11T18:17:57","modified_gmt":"2026-02-11T15:17:57","slug":"szafka-stojaca-narozna-prawa-100x82-cm-junona-line-bialy-jasny-szary-polysk","status":"publish","type":"product","link":"https:\/\/baldumarket.lt\/lt\/product\/szafka-stojaca-narozna-prawa-100x82-cm-junona-line-bialy-jasny-szary-polysk\/","title":{"rendered":"De\u0161iniojo kampo pastatoma spintel\u0117 100\u00d782 cm JUNONA LINE balta\/\u0161viesiai pilka blizgi"},"content":{"rendered":"<p>\u201eJunona Line\u201c kampin\u0117 apatin\u0117 spintel\u0117: prakti\u0161kas sprendimas, kaip i\u0161naudoti virtuv\u0117s kampus, kuriuos da\u017enai sunku i\u0161naudoti. D\u0117l 100 \u00d7 60 cm matmen\u0173 ir ergonomi\u0161ko dizaino \u0161i spintel\u0117 si\u016blo daug vietos \u012fvairiems virtuv\u0117s priedams ir virtuv\u0117s reikmenims laikyti. Spintel\u0117 yra de\u0161iniarankiams, tai rei\u0161kia, kad jos priekis atsidaro \u012f de\u0161in\u0119. Minimalistinis dizainas su \u0161viesiai pilku blizgiu priekiu ir baltu korpusu yra universalus ir dera prie \u012fvairi\u0173 virtuv\u0117s interjer\u0173. \u0160is neutralus spalv\u0173 derinys leid\u017eia pritaikyti spinteles pagal savo pageidavimus ir virtuv\u0117s stili\u0173. Be to, paprasta rankena palengvina dureli\u0173 atidarym\u0105 ir u\u017edarym\u0105, tod\u0117l bendra virtuv\u0117 atrodo didesn\u0117 ir erdvesn\u0117. Virtuv\u0117s kampus da\u017enai sunku pilnai i\u0161naudoti, ta\u010diau naudojant \u201eJunona Line\u201c kampin\u0119 spintel\u0119, galite efektyviai i\u0161naudoti \u0161i\u0105 erdv\u0119, leisdami laikyti \u012fvairius priedus ir virtuv\u0117s \u012frang\u0105. Pasirinktinai galite \u012fsigyti stalvir\u0161\u012f \u0161iai spintelei.<\/p>\n<p>Produkto kodas K24-DNW\/100\/82_P_BBL-BI\/JSZP Simbolis ZM EAN Plotis 78,5 cm Gylis 49,5 cm Auk\u0161tis 82,5 cm Kolekcija Junona Line Spalva balta\/\u0161viesiai pilka blizgi Pilka atspalvis Stilius modernus Korpusas laminatas Priekin\u0117 dalis laminatas Vir\u0161us be vir\u0161utin\u0117s dalies Dureli\u0173 skai\u010dius 1 dur\u0173 Stal\u010di\u0173 skai\u010dius be stal\u010di\u0173 Rankena su rankenomis Gamintojas Juoda Raudona Balta Baldo tipas Virtuv\u0117s spintel\u0117s PVM 23% EAN 5906123541039<\/p>","protected":false},"excerpt":{"rendered":"<p>\u201eJunona Line\u201c kampin\u0117 apatin\u0117 spintel\u0117: prakti\u0161kas sprendimas, kaip i\u0161naudoti virtuv\u0117s kampus, kuriuos da\u017enai sunku i\u0161naudoti. D\u0117l 100 \u00d7 60 cm matmen\u0173 ir ergonomi\u0161ko dizaino \u0161i spintel\u0117 si\u016blo daug vietos \u012fvairiems virtuv\u0117s priedams ir virtuv\u0117s reikmenims laikyti. Spintel\u0117 yra de\u0161iniarankiams, tai rei\u0161kia, kad jos priekis atsidaro \u012f de\u0161in\u0119. Minimalistinis dizainas su lengvu [\u2026]<\/p>","protected":false},"featured_media":268162,"comment_status":"open","ping_status":"open","template":"","meta":[],"product_brand":[],"product_cat":[9200,9118],"product_tag":[],"class_list":{"0":"post-268161","1":"product","2":"type-product","3":"status-publish","4":"has-post-thumbnail","6":"product_cat-black-red-white","7":"product_cat-kitchen-cabinets","9":"first","10":"instock","11":"purchasable","12":"product-type-simple"},"_links":{"self":[{"href":"https:\/\/baldumarket.lt\/lt\/wp-json\/wp\/v2\/product\/268161","targetHints":{"allow":["GET"]}}],"collection":[{"href":"https:\/\/baldumarket.lt\/lt\/wp-json\/wp\/v2\/product"}],"about":[{"href":"https:\/\/baldumarket.lt\/lt\/wp-json\/wp\/v2\/types\/product"}],"replies":[{"embeddable":true,"href":"https:\/\/baldumarket.lt\/lt\/wp-json\/wp\/v2\/comments?post=268161"}],"wp:featuredmedia":[{"embeddable":true,"href":"https:\/\/baldumarket.lt\/lt\/wp-json\/wp\/v2\/media\/268162"}],"wp:attachment":[{"href":"https:\/\/baldumarket.lt\/lt\/wp-json\/wp\/v2\/media?parent=268161"}],"wp:term":[{"taxonomy":"product_brand","embeddable":true,"href":"https:\/\/baldumarket.lt\/lt\/wp-json\/wp\/v2\/product_brand?post=268161"},{"taxonomy":"product_cat","embeddable":true,"href":"https:\/\/baldumarket.lt\/lt\/wp-json\/wp\/v2\/product_cat?post=268161"},{"taxonomy":"product_tag","embeddable":true,"href":"https:\/\/baldumarket.lt\/lt\/wp-json\/wp\/v2\/product_tag?post=268161"}],"curies":[{"name":"wp","href":"https:\/\/api.w.org\/{rel}","templated":true}]}}