{"id":268146,"date":"2026-01-14T00:49:29","date_gmt":"2026-01-13T21:49:29","guid":{"rendered":"https:\/\/baldumarket.lt\/product\/szafka-stojaca-narozna-lewa-100x82-cm-junona-line-wenge-dab-sonoma\/"},"modified":"2026-02-11T18:17:57","modified_gmt":"2026-02-11T15:17:57","slug":"szafka-stojaca-narozna-lewa-100x82-cm-junona-line-wenge-dab-sonoma","status":"publish","type":"product","link":"https:\/\/baldumarket.lt\/lt\/product\/szafka-stojaca-narozna-lewa-100x82-cm-junona-line-wenge-dab-sonoma\/","title":{"rendered":"Kairysis kampas, pastatoma spintel\u0117, 100\u00d782 cm, JUNONA LINE, venge\/sonoma \u0105\u017euolas"},"content":{"rendered":"<p>\u201eJunona Line\u201c kampin\u0117 spintel\u0117, 100 \u00d7 60 cm. Prakti\u0161kas sprendimas, padedantis optimizuoti virtuv\u0117s erdv\u0119, ypa\u010d ribotose patalpose. \u0160i spintel\u0117 leid\u017eia efektyviai i\u0161naudoti virtuv\u0117s kampus, kuriuos da\u017enai sunku sutvarkyti. D\u0117l savo dyd\u017eio kampin\u0117 spintel\u0117 yra talpi ir padeda laikyti \u012fvairius virtuv\u0117s reikmenis, indus, virtuv\u0117s reikmenis ir buitines chemines med\u017eiagas. Kair\u0117je pus\u0117je atidaroma spintel\u0117 u\u017etikrina lengv\u0105 prieig\u0105. \u201eJunona Line\u201c bald\u0173 dizainui b\u016bdingas minimalistinis stilius, kuris yra nesenstantis ir gali papildyti \u012fvairi\u0105 virtuv\u0119. Vengos spalvos korpuso ir Sonoma \u0105\u017euolo priekio derinys kartu su vengos spalvos \u012fd\u0117klais suteikia baldams eleganti\u0161k\u0105 i\u0161vaizd\u0105. Rankenos suteikia stiliaus ir palengvina dureli\u0173 atidarym\u0105 bei u\u017edarym\u0105. Verta pamin\u0117ti, kad stalvir\u0161iai n\u0117ra standartin\u0117je \u0161ios spintel\u0117s komplektacijoje, tod\u0117l galite pasirinkti tinkam\u0105 stalvir\u0161\u012f, kuris geriausiai tinka j\u016bs\u0173 interjerui. Stalvir\u0161ius galima \u012fsigyti atskirai.<\/p>\n<p>Prek\u0117s kodas K24-DNW\/100\/82_L_BBL-WE\/DSO Simbolis ZM EAN Plotis 78,5 cm Gylis 49,5 cm Auk\u0161tis 82,5 cm Kolekcija Junona Line Spalva wenge\/sonoma \u0105\u017euolas Gaubtas \u0161viesi mediena Stilius modernus Korpusas laminatas Priekin\u0117 dalis laminatas Vir\u0161us be vir\u0161utin\u0117s dalies Dureli\u0173 skai\u010dius 1 dur\u0173 Stal\u010di\u0173 skai\u010dius be stal\u010di\u0173 Rankena su rankenomis Gamintojas Juoda Raudona Balta Baldo tipas Virtuv\u0117s spintel\u0117s PVM 23% EAN 5906123540940<\/p>","protected":false},"excerpt":{"rendered":"<p>\u201eJunona Line\u201c kampin\u0117 spintel\u0117, 100 \u00d7 60 cm. Prakti\u0161kas sprendimas, padedantis optimizuoti virtuv\u0117s erdv\u0119, ypa\u010d ribotose patalpose. \u0160i spintel\u0117 leid\u017eia efektyviai i\u0161naudoti virtuv\u0117s kampus, kuriuos da\u017enai sunku sutvarkyti. D\u0117l savo dyd\u017eio kampin\u0117 spintel\u0117 yra pakankamai talpi ir padeda laikyti \u012fvairius virtuv\u0117s reikmenis, indus, virtuv\u0117s reikmenis [\u2026]<\/p>","protected":false},"featured_media":268147,"comment_status":"open","ping_status":"open","template":"","meta":[],"product_brand":[],"product_cat":[9200,9118],"product_tag":[],"class_list":{"0":"post-268146","1":"product","2":"type-product","3":"status-publish","4":"has-post-thumbnail","6":"product_cat-black-red-white","7":"product_cat-kitchen-cabinets","9":"first","10":"instock","11":"purchasable","12":"product-type-simple"},"_links":{"self":[{"href":"https:\/\/baldumarket.lt\/lt\/wp-json\/wp\/v2\/product\/268146","targetHints":{"allow":["GET"]}}],"collection":[{"href":"https:\/\/baldumarket.lt\/lt\/wp-json\/wp\/v2\/product"}],"about":[{"href":"https:\/\/baldumarket.lt\/lt\/wp-json\/wp\/v2\/types\/product"}],"replies":[{"embeddable":true,"href":"https:\/\/baldumarket.lt\/lt\/wp-json\/wp\/v2\/comments?post=268146"}],"wp:featuredmedia":[{"embeddable":true,"href":"https:\/\/baldumarket.lt\/lt\/wp-json\/wp\/v2\/media\/268147"}],"wp:attachment":[{"href":"https:\/\/baldumarket.lt\/lt\/wp-json\/wp\/v2\/media?parent=268146"}],"wp:term":[{"taxonomy":"product_brand","embeddable":true,"href":"https:\/\/baldumarket.lt\/lt\/wp-json\/wp\/v2\/product_brand?post=268146"},{"taxonomy":"product_cat","embeddable":true,"href":"https:\/\/baldumarket.lt\/lt\/wp-json\/wp\/v2\/product_cat?post=268146"},{"taxonomy":"product_tag","embeddable":true,"href":"https:\/\/baldumarket.lt\/lt\/wp-json\/wp\/v2\/product_tag?post=268146"}],"curies":[{"name":"wp","href":"https:\/\/api.w.org\/{rel}","templated":true}]}}