{"id":268142,"date":"2026-01-14T00:49:26","date_gmt":"2026-01-13T21:49:26","guid":{"rendered":"https:\/\/baldumarket.lt\/product\/szafka-stojaca-narozna-lewa-100x82-cm-junona-line-bialy-kredowy-polysk\/"},"modified":"2026-02-11T18:17:57","modified_gmt":"2026-02-11T15:17:57","slug":"szafka-stojaca-narozna-lewa-100x82-cm-junona-line-bialy-kredowy-polysk","status":"publish","type":"product","link":"https:\/\/baldumarket.lt\/lt\/product\/szafka-stojaca-narozna-lewa-100x82-cm-junona-line-bialy-kredowy-polysk\/","title":{"rendered":"Kairysis kampas pastatoma spintel\u0117 100\u00d782 cm JUNONA LINE balta\/kreidos blizgi spalva"},"content":{"rendered":"<p>\u201eJunona Line\u201c kampin\u0117 apatin\u0117 spintel\u0117 \u2013 sumanus sprendimas, kaip i\u0161naudoti kampines erdves virtuv\u0117je. Kampai da\u017enai gali b\u016bti i\u0161\u0161\u016bkis, ta\u010diau \u0161i spintel\u0117 sukurta taip, kad maksimaliai i\u0161naudot\u0173 \u0161i\u0105 erdv\u0119. Jos 100 \u00d7 60 cm matmenys idealiai tinka laikyti virtuv\u0117s \u012frang\u0105, pavyzd\u017eiui, puodus, keptuves, indus ir kitus priedus. Spintel\u0117 yra kairiarank\u0117, tai rei\u0161kia, kad jos priekis atsidaro \u012f kair\u0119. \u201eJunona Line\u201c kolekcijos dizainas yra modernus ir minimalistinis. Kreidos baltumo blizgi priekin\u0117 dalis ir baltas korpusas sukuria kontrast\u0105, o paprasta rankena suteikia elegancijos. D\u0117l \u0161ios spalv\u0173 schemos \u0161i spintel\u0117 tinka \u012fvairiems virtuv\u0117s dizainams ir gali b\u016bti pritaikyta pagal j\u016bs\u0173 pageidavimus. Papildomi stalvir\u0161iai ne\u012feina \u012f \u0161ios spintel\u0117s komplekt\u0105, ta\u010diau juos galima \u012fsigyti atskirai.<\/p>\n<p>Produkto kodas K24-DNW\/100\/82_L_BBL-BI\/KRP Simbolis ZM EAN Plotis 78,5 cm Gylis 49,5 cm Auk\u0161tis 82,5 cm Kolekcija Junona Line Spalva balta\/kreidos blizgu\u010diai balta Atspalvis Stilius modernus Korpusas laminatas Priekin\u0117 sienel\u0117 laminatas Vir\u0161us be vir\u0161utin\u0117s dalies Dureli\u0173 skai\u010dius 1 dur\u0173 Stal\u010di\u0173 skai\u010dius be stal\u010di\u0173 Rankena su rankenomis Gamintojas Juoda Raudona Balta Baldo tipas Virtuv\u0117s spintel\u0117s PVM 23% EAN 5906123540933<\/p>","protected":false},"excerpt":{"rendered":"<p>\u201eJunona Line\u201c kampin\u0117 apatin\u0117 spintel\u0117 yra sumanus sprendimas, kaip i\u0161naudoti kampines erdves virtuv\u0117je. Kampai da\u017enai gali b\u016bti i\u0161\u0161\u016bkis, ta\u010diau \u0161i spintel\u0117 sukurta taip, kad maksimaliai i\u0161naudot\u0173 \u0161i\u0105 erdv\u0119. Jos 100 \u00d7 60 cm matmenys idealiai tinka laikyti virtuv\u0117s \u012frang\u0105, pavyzd\u017eiui, puodus, keptuves, indus ir kitus priedus. Spintel\u0117 yra kairiarank\u0117, [\u2026]<\/p>","protected":false},"featured_media":268143,"comment_status":"open","ping_status":"open","template":"","meta":[],"product_brand":[],"product_cat":[9200,9118],"product_tag":[],"class_list":{"0":"post-268142","1":"product","2":"type-product","3":"status-publish","4":"has-post-thumbnail","6":"product_cat-black-red-white","7":"product_cat-kitchen-cabinets","9":"first","10":"instock","11":"purchasable","12":"product-type-simple"},"_links":{"self":[{"href":"https:\/\/baldumarket.lt\/lt\/wp-json\/wp\/v2\/product\/268142","targetHints":{"allow":["GET"]}}],"collection":[{"href":"https:\/\/baldumarket.lt\/lt\/wp-json\/wp\/v2\/product"}],"about":[{"href":"https:\/\/baldumarket.lt\/lt\/wp-json\/wp\/v2\/types\/product"}],"replies":[{"embeddable":true,"href":"https:\/\/baldumarket.lt\/lt\/wp-json\/wp\/v2\/comments?post=268142"}],"wp:featuredmedia":[{"embeddable":true,"href":"https:\/\/baldumarket.lt\/lt\/wp-json\/wp\/v2\/media\/268143"}],"wp:attachment":[{"href":"https:\/\/baldumarket.lt\/lt\/wp-json\/wp\/v2\/media?parent=268142"}],"wp:term":[{"taxonomy":"product_brand","embeddable":true,"href":"https:\/\/baldumarket.lt\/lt\/wp-json\/wp\/v2\/product_brand?post=268142"},{"taxonomy":"product_cat","embeddable":true,"href":"https:\/\/baldumarket.lt\/lt\/wp-json\/wp\/v2\/product_cat?post=268142"},{"taxonomy":"product_tag","embeddable":true,"href":"https:\/\/baldumarket.lt\/lt\/wp-json\/wp\/v2\/product_tag?post=268142"}],"curies":[{"name":"wp","href":"https:\/\/api.w.org\/{rel}","templated":true}]}}